{"id":35447,"date":"2023-08-07T14:18:31","date_gmt":"2023-08-07T12:18:31","guid":{"rendered":"https:\/\/optimix-software.com\/rechtliche-informationen\/"},"modified":"2026-02-06T13:44:14","modified_gmt":"2026-02-06T12:44:14","slug":"rechtliche-informationen","status":"publish","type":"page","link":"https:\/\/optimix-software.com\/de\/rechtliche-informationen\/","title":{"rendered":"Rechtliche Hinweise optimiX"},"content":{"rendered":"\t\t<div data-elementor-type=\"wp-page\" data-elementor-id=\"35447\" class=\"elementor elementor-35447 elementor-12247\" data-elementor-post-type=\"page\">\n\t\t\t\t<div class=\"elementor-element elementor-element-747516e2 e-flex e-con-boxed wpr-particle-no wpr-jarallax-no wpr-parallax-no wpr-sticky-section-no e-con e-parent\" data-id=\"747516e2\" data-element_type=\"container\" data-e-type=\"container\">\n\t\t\t\t\t<div class=\"e-con-inner\">\n\t\t\t\t<div class=\"elementor-element elementor-element-1739abfe elementor-widget__width-initial elementor-widget elementor-widget-text-editor\" data-id=\"1739abfe\" data-element_type=\"widget\" data-e-type=\"widget\" data-widget_type=\"text-editor.default\">\n\t\t\t\t<div class=\"elementor-widget-container\">\n\t\t\t\t\t\t\t\t\t<p data-start=\"1701\" data-end=\"1724\"><strong data-start=\"1701\" data-end=\"1724\">Rechtliche Hinweise<\/strong><\/p><p data-start=\"1726\" data-end=\"1754\"><strong data-start=\"1726\" data-end=\"1754\">Rechtliche Informationen<\/strong><\/p><p data-start=\"1756\" data-end=\"1811\">Die Website Optimix Solutions wird herausgegeben von:<\/p><p data-start=\"1813\" data-end=\"1999\">Opti-mix Software, eine vereinfachte Aktiengesellschaft mit einem Kapital von 900.000 \u20ac, eingetragen im Handels- und Gesellschaftsregister Lille M\u00e9tropole unter der Nummer 531 878 585.<\/p><p data-start=\"2001\" data-end=\"2092\">Sitz der Gesellschaft:<br data-start=\"2023\" data-end=\"2026\" \/>Parc Europe, 340\/11, Avenue de la Marne &#8211; 59700 Marcq-en-Baroeul<\/p><p data-start=\"2094\" data-end=\"2148\">Umsatzsteuer-Identifikationsnummer: FR26 531 878 585<\/p><p data-start=\"2150\" data-end=\"2188\">Telefonnummer: +33 (0) 3.20.83.23.70<\/p><p data-start=\"2190\" data-end=\"2229\">E-Mail: <a class=\"decorated-link cursor-pointer\" href=\"mailto:contact@optimix-solutions.com\" rel=\"noopener\" data-start=\"2198\" data-end=\"2227\">contact@optimix-solutions.com<\/a><\/p><p data-start=\"2231\" data-end=\"2311\">Diese Website wird ausschlie\u00dflich in Rechenzentren in Frankreich gehostet von:<\/p><p data-start=\"2313\" data-end=\"2458\"><strong data-start=\"657\" data-end=\"664\">DUTIKO SAS<\/strong><br data-start=\"664\" data-end=\"667\" \/>Sitz: 37 Rue des Mathurins, 75008 Paris \u2013 France<br data-start=\"769\" data-end=\"772\" \/><br \/><\/p><p data-start=\"2313\" data-end=\"2458\">Verantwortlicher f\u00fcr die Ver\u00f6ffentlichung: Herr Philippe VANHACK<\/p><p data-start=\"2528\" data-end=\"2589\">Diese Website ist durch geistige Eigentumsrechte gesch\u00fctzt.<\/p><p data-start=\"2591\" data-end=\"2781\">Jegliche Nutzung der Website oder von Teilen davon, insbesondere die Vervielf\u00e4ltigung, \u00dcbertragung oder Darstellung auf jeglichen Medien und mit allen Verfahren, ist strengstens untersagt.<\/p><p data-start=\"2783\" data-end=\"3073\">Die auf der Website wiedergegebenen Firmenbezeichnungen, Marken und Unterscheidungszeichen sind ebenfalls durch das Markenrecht gesch\u00fctzt. Eine vollst\u00e4ndige oder teilweise Reproduktion oder Darstellung dieser Zeichen bedarf der vorherigen schriftlichen Genehmigung der Inhaber der Rechte.<\/p><p data-start=\"3075\" data-end=\"3355\">Allgemein ist jede nicht genehmigte Reproduktion oder Darstellung von Elementen der Website, die durch geistige Eigentumsrechte gesch\u00fctzt sein k\u00f6nnen, untersagt und stellt eine Verletzung im Sinne der Artikel L335-2 ff. des franz\u00f6sischen Gesetzbuchs \u00fcber geistiges Eigentum dar.<\/p><p data-start=\"3357\" data-end=\"3409\"><strong data-start=\"3357\" data-end=\"3389\">Integration und Entwicklung:<\/strong><br data-start=\"3389\" data-end=\"3392\" \/>(C) Optimix solutions<\/p>\t\t\t\t\t\t\t\t<\/div>\n\t\t\t\t<\/div>\n\t\t\t\t\t<\/div>\n\t\t\t\t<\/div>\n\t\t\t\t<\/div>\n\t\t","protected":false},"excerpt":{"rendered":"<p>Rechtliche Hinweise Rechtliche Informationen Die Website Optimix Solutions wird herausgegeben von: Opti-mix Software, eine vereinfachte Aktiengesellschaft mit einem Kapital von 900.000 \u20ac, eingetragen im Handels- und Gesellschaftsregister Lille M\u00e9tropole unter der Nummer 531 878 585. Sitz der Gesellschaft:Parc Europe, 340\/11, Avenue de la Marne &#8211; 59700 Marcq-en-Baroeul Umsatzsteuer-Identifikationsnummer: FR26 531 878 585 Telefonnummer: +33 (0) 3.20.83.23.70 E-Mail: contact@optimix-solutions.com Diese Website wird ausschlie\u00dflich in Rechenzentren in Frankreich gehostet von: DUTIKO SASSitz: 37 Rue des Mathurins, 75008 Paris \u2013 France Verantwortlicher f\u00fcr die Ver\u00f6ffentlichung: Herr Philippe VANHACK Diese Website ist durch geistige Eigentumsrechte gesch\u00fctzt. Jegliche Nutzung der Website oder von Teilen davon, insbesondere die Vervielf\u00e4ltigung, \u00dcbertragung oder Darstellung auf jeglichen Medien und mit allen Verfahren, ist strengstens untersagt. Die auf der Website wiedergegebenen Firmenbezeichnungen, Marken und Unterscheidungszeichen sind ebenfalls durch das Markenrecht gesch\u00fctzt. Eine vollst\u00e4ndige oder teilweise Reproduktion oder Darstellung dieser Zeichen bedarf der vorherigen schriftlichen Genehmigung der Inhaber der Rechte. Allgemein ist jede nicht genehmigte Reproduktion oder Darstellung von Elementen der Website, die durch geistige Eigentumsrechte gesch\u00fctzt sein k\u00f6nnen, untersagt und stellt eine Verletzung im Sinne der Artikel L335-2 ff. des franz\u00f6sischen Gesetzbuchs \u00fcber geistiges Eigentum dar. Integration und Entwicklung:(C) Optimix solutions<\/p>\n","protected":false},"author":16,"featured_media":0,"parent":0,"menu_order":0,"comment_status":"closed","ping_status":"closed","template":"","meta":{"_eb_attr":"","content-type":"","footnotes":""},"class_list":["post-35447","page","type-page","status-publish","hentry"],"yoast_head":"<!-- This site is optimized with the Yoast SEO Premium plugin v22.8 (Yoast SEO v27.2) - https:\/\/yoast.com\/product\/yoast-seo-premium-wordpress\/ -->\n<title>Rechtliche Hinweise optimiX<\/title>\n<meta name=\"description\" content=\"Entdecken Sie unser Impressum und unsere Unternehmensdaten. Telefonnummer, SIRET, Status etc.\" \/>\n<meta name=\"robots\" content=\"index, follow, max-snippet:-1, max-image-preview:large, max-video-preview:-1\" \/>\n<link rel=\"canonical\" href=\"https:\/\/optimix-software.com\/de\/rechtliche-informationen\/\" \/>\n<meta property=\"og:locale\" content=\"de_DE\" \/>\n<meta property=\"og:type\" content=\"article\" \/>\n<meta property=\"og:title\" content=\"Rechtliche Hinweise optimiX\" \/>\n<meta property=\"og:description\" content=\"Entdecken Sie unser Impressum und unsere Unternehmensdaten. Telefonnummer, SIRET, Status etc.\" \/>\n<meta property=\"og:url\" content=\"https:\/\/optimix-software.com\/de\/rechtliche-informationen\/\" \/>\n<meta property=\"og:site_name\" content=\"Optimix Solutions\" \/>\n<meta property=\"article:modified_time\" content=\"2026-02-06T12:44:14+00:00\" \/>\n<meta property=\"og:image\" content=\"https:\/\/optimix-software.com\/wp-content\/uploads\/logo-optimix-yoast.png\" \/>\n\t<meta property=\"og:image:width\" content=\"1200\" \/>\n\t<meta property=\"og:image:height\" content=\"675\" \/>\n\t<meta property=\"og:image:type\" content=\"image\/png\" \/>\n<meta name=\"twitter:card\" content=\"summary_large_image\" \/>\n<meta name=\"twitter:label1\" content=\"Gesch\u00e4tzte Lesezeit\" \/>\n\t<meta name=\"twitter:data1\" content=\"2\u00a0Minuten\" \/>\n<script type=\"application\/ld+json\" class=\"yoast-schema-graph\">{\"@context\":\"https:\/\/schema.org\",\"@graph\":[{\"@type\":\"WebPage\",\"@id\":\"https:\/\/optimix-software.com\/de\/rechtliche-informationen\/\",\"url\":\"https:\/\/optimix-software.com\/de\/rechtliche-informationen\/\",\"name\":\"Rechtliche Hinweise optimiX\",\"isPartOf\":{\"@id\":\"https:\/\/optimix-software.com\/de\/#website\"},\"datePublished\":\"2023-08-07T12:18:31+00:00\",\"dateModified\":\"2026-02-06T12:44:14+00:00\",\"description\":\"Entdecken Sie unser Impressum und unsere Unternehmensdaten. Telefonnummer, SIRET, Status etc.\",\"breadcrumb\":{\"@id\":\"https:\/\/optimix-software.com\/de\/rechtliche-informationen\/#breadcrumb\"},\"inLanguage\":\"de\",\"potentialAction\":[{\"@type\":\"ReadAction\",\"target\":[\"https:\/\/optimix-software.com\/de\/rechtliche-informationen\/\"]}]},{\"@type\":\"BreadcrumbList\",\"@id\":\"https:\/\/optimix-software.com\/de\/rechtliche-informationen\/#breadcrumb\",\"itemListElement\":[{\"@type\":\"ListItem\",\"position\":1,\"name\":\"Startseite\",\"item\":\"https:\/\/optimix-software.com\/de\/\"},{\"@type\":\"ListItem\",\"position\":2,\"name\":\"Rechtliche Hinweise optimiX\"}]},{\"@type\":\"WebSite\",\"@id\":\"https:\/\/optimix-software.com\/de\/#website\",\"url\":\"https:\/\/optimix-software.com\/de\/\",\"name\":\"Optimix Solutions\",\"description\":\"Preis- und Lieferkettenl\u00f6sungen f\u00fcr den Einzelhandel\",\"publisher\":{\"@id\":\"https:\/\/optimix-software.com\/de\/#organization\"},\"potentialAction\":[{\"@type\":\"SearchAction\",\"target\":{\"@type\":\"EntryPoint\",\"urlTemplate\":\"https:\/\/optimix-software.com\/de\/?s={search_term_string}\"},\"query-input\":{\"@type\":\"PropertyValueSpecification\",\"valueRequired\":true,\"valueName\":\"search_term_string\"}}],\"inLanguage\":\"de\"},{\"@type\":\"Organization\",\"@id\":\"https:\/\/optimix-software.com\/de\/#organization\",\"name\":\"Optimix Software\",\"url\":\"https:\/\/optimix-software.com\/de\/\",\"logo\":{\"@type\":\"ImageObject\",\"inLanguage\":\"de\",\"@id\":\"https:\/\/optimix-software.com\/de\/#\/schema\/logo\/image\/\",\"url\":\"https:\/\/optimix-software.com\/wp-content\/uploads\/logo-carre-optimix-RETAIL-PERFORMANCE-SOFTWARE.jpg\",\"contentUrl\":\"https:\/\/optimix-software.com\/wp-content\/uploads\/logo-carre-optimix-RETAIL-PERFORMANCE-SOFTWARE.jpg\",\"width\":2001,\"height\":2001,\"caption\":\"Optimix Software\"},\"image\":{\"@id\":\"https:\/\/optimix-software.com\/de\/#\/schema\/logo\/image\/\"},\"sameAs\":[\"https:\/\/www.linkedin.com\/company\/optimix-ffr\/\"]}]}<\/script>\n<!-- \/ Yoast SEO Premium plugin. -->","yoast_head_json":{"title":"Rechtliche Hinweise optimiX","description":"Entdecken Sie unser Impressum und unsere Unternehmensdaten. Telefonnummer, SIRET, Status etc.","robots":{"index":"index","follow":"follow","max-snippet":"max-snippet:-1","max-image-preview":"max-image-preview:large","max-video-preview":"max-video-preview:-1"},"canonical":"https:\/\/optimix-software.com\/de\/rechtliche-informationen\/","og_locale":"de_DE","og_type":"article","og_title":"Rechtliche Hinweise optimiX","og_description":"Entdecken Sie unser Impressum und unsere Unternehmensdaten. Telefonnummer, SIRET, Status etc.","og_url":"https:\/\/optimix-software.com\/de\/rechtliche-informationen\/","og_site_name":"Optimix Solutions","article_modified_time":"2026-02-06T12:44:14+00:00","og_image":[{"width":1200,"height":675,"url":"https:\/\/optimix-software.com\/wp-content\/uploads\/logo-optimix-yoast.png","type":"image\/png"}],"twitter_card":"summary_large_image","twitter_misc":{"Gesch\u00e4tzte Lesezeit":"2\u00a0Minuten"},"schema":{"@context":"https:\/\/schema.org","@graph":[{"@type":"WebPage","@id":"https:\/\/optimix-software.com\/de\/rechtliche-informationen\/","url":"https:\/\/optimix-software.com\/de\/rechtliche-informationen\/","name":"Rechtliche Hinweise optimiX","isPartOf":{"@id":"https:\/\/optimix-software.com\/de\/#website"},"datePublished":"2023-08-07T12:18:31+00:00","dateModified":"2026-02-06T12:44:14+00:00","description":"Entdecken Sie unser Impressum und unsere Unternehmensdaten. Telefonnummer, SIRET, Status etc.","breadcrumb":{"@id":"https:\/\/optimix-software.com\/de\/rechtliche-informationen\/#breadcrumb"},"inLanguage":"de","potentialAction":[{"@type":"ReadAction","target":["https:\/\/optimix-software.com\/de\/rechtliche-informationen\/"]}]},{"@type":"BreadcrumbList","@id":"https:\/\/optimix-software.com\/de\/rechtliche-informationen\/#breadcrumb","itemListElement":[{"@type":"ListItem","position":1,"name":"Startseite","item":"https:\/\/optimix-software.com\/de\/"},{"@type":"ListItem","position":2,"name":"Rechtliche Hinweise optimiX"}]},{"@type":"WebSite","@id":"https:\/\/optimix-software.com\/de\/#website","url":"https:\/\/optimix-software.com\/de\/","name":"Optimix Solutions","description":"Preis- und Lieferkettenl\u00f6sungen f\u00fcr den Einzelhandel","publisher":{"@id":"https:\/\/optimix-software.com\/de\/#organization"},"potentialAction":[{"@type":"SearchAction","target":{"@type":"EntryPoint","urlTemplate":"https:\/\/optimix-software.com\/de\/?s={search_term_string}"},"query-input":{"@type":"PropertyValueSpecification","valueRequired":true,"valueName":"search_term_string"}}],"inLanguage":"de"},{"@type":"Organization","@id":"https:\/\/optimix-software.com\/de\/#organization","name":"Optimix Software","url":"https:\/\/optimix-software.com\/de\/","logo":{"@type":"ImageObject","inLanguage":"de","@id":"https:\/\/optimix-software.com\/de\/#\/schema\/logo\/image\/","url":"https:\/\/optimix-software.com\/wp-content\/uploads\/logo-carre-optimix-RETAIL-PERFORMANCE-SOFTWARE.jpg","contentUrl":"https:\/\/optimix-software.com\/wp-content\/uploads\/logo-carre-optimix-RETAIL-PERFORMANCE-SOFTWARE.jpg","width":2001,"height":2001,"caption":"Optimix Software"},"image":{"@id":"https:\/\/optimix-software.com\/de\/#\/schema\/logo\/image\/"},"sameAs":["https:\/\/www.linkedin.com\/company\/optimix-ffr\/"]}]}},"_links":{"self":[{"href":"https:\/\/optimix-software.com\/de\/wp-json\/wp\/v2\/pages\/35447","targetHints":{"allow":["GET"]}}],"collection":[{"href":"https:\/\/optimix-software.com\/de\/wp-json\/wp\/v2\/pages"}],"about":[{"href":"https:\/\/optimix-software.com\/de\/wp-json\/wp\/v2\/types\/page"}],"author":[{"embeddable":true,"href":"https:\/\/optimix-software.com\/de\/wp-json\/wp\/v2\/users\/16"}],"replies":[{"embeddable":true,"href":"https:\/\/optimix-software.com\/de\/wp-json\/wp\/v2\/comments?post=35447"}],"version-history":[{"count":0,"href":"https:\/\/optimix-software.com\/de\/wp-json\/wp\/v2\/pages\/35447\/revisions"}],"wp:attachment":[{"href":"https:\/\/optimix-software.com\/de\/wp-json\/wp\/v2\/media?parent=35447"}],"curies":[{"name":"wp","href":"https:\/\/api.w.org\/{rel}","templated":true}]}}