{"id":35782,"date":"2024-10-16T10:38:30","date_gmt":"2024-10-16T08:38:30","guid":{"rendered":"https:\/\/optimix-software.com\/dienstleistungen\/"},"modified":"2025-02-05T11:07:23","modified_gmt":"2025-02-05T10:07:23","slug":"dienstleistungen","status":"publish","type":"page","link":"https:\/\/optimix-software.com\/de\/dienstleistungen\/","title":{"rendered":"Dienstleistungen"},"content":{"rendered":"\t\t<div data-elementor-type=\"wp-page\" data-elementor-id=\"35782\" class=\"elementor elementor-35782 elementor-33177\" data-elementor-post-type=\"page\">\n\t\t\t\t<div class=\"elementor-element elementor-element-f3e0166 e-flex e-con-boxed wpr-particle-no wpr-jarallax-no wpr-parallax-no wpr-sticky-section-no e-con e-parent\" data-id=\"f3e0166\" data-element_type=\"container\" data-e-type=\"container\" data-settings=\"{&quot;background_background&quot;:&quot;classic&quot;}\">\n\t\t\t\t\t<div class=\"e-con-inner\">\n\t\t\t\t<div class=\"elementor-element elementor-element-9ba157b elementor-widget elementor-widget-heading\" data-id=\"9ba157b\" data-element_type=\"widget\" data-e-type=\"widget\" data-widget_type=\"heading.default\">\n\t\t\t\t<div class=\"elementor-widget-container\">\n\t\t\t\t\t<h3 class=\"elementor-heading-title elementor-size-default\">Unser Team begleitet Sie durch vier wichtige Phasen<\/h3>\t\t\t\t<\/div>\n\t\t\t\t<\/div>\n\t\t<div class=\"elementor-element elementor-element-eda5960 e-con-full e-flex wpr-particle-no wpr-jarallax-no wpr-parallax-no wpr-sticky-section-no e-con e-child\" data-id=\"eda5960\" data-element_type=\"container\" data-e-type=\"container\">\n\t\t<div class=\"elementor-element elementor-element-2355dbf e-con-full e-flex wpr-particle-no wpr-jarallax-no wpr-parallax-no wpr-sticky-section-no e-con e-child\" data-id=\"2355dbf\" data-element_type=\"container\" data-e-type=\"container\">\n\t\t\t\t<div class=\"elementor-element elementor-element-3e8d6a2 elementor-widget elementor-widget-heading\" data-id=\"3e8d6a2\" data-element_type=\"widget\" data-e-type=\"widget\" data-widget_type=\"heading.default\">\n\t\t\t\t<div class=\"elementor-widget-container\">\n\t\t\t\t\t<h2 class=\"elementor-heading-title elementor-size-default\">Einrahmung<\/h2>\t\t\t\t<\/div>\n\t\t\t\t<\/div>\n\t\t\t\t<div class=\"elementor-element elementor-element-1eba0ee elementor-widget elementor-widget-text-editor\" data-id=\"1eba0ee\" data-element_type=\"widget\" data-e-type=\"widget\" data-widget_type=\"text-editor.default\">\n\t\t\t\t<div class=\"elementor-widget-container\">\n\t\t\t\t\t\t\t\t\t<p>Zu Ihren Aufgaben geh\u00f6rt das Entwerfen, Entwickeln, Testen und Pflegen unserer L\u00f6sungen unter Verwendung geeigneter Programmiersprachen und Entwicklungstools.<\/p>\n<p>Sie werden eng mit anderen Abteilungen zusammenarbeiten, um die Qualit\u00e4t und Leistung der Software zu gew\u00e4hrleisten.<\/p>\n<p>Ihr Erfolg ist unsere Priorit\u00e4t, und wir sind hier, um Sie bei jedem Schritt auf Ihrem Weg zu begleiten.<\/p>\n\t\t\t\t\t\t\t\t<\/div>\n\t\t\t\t<\/div>\n\t\t\t\t<\/div>\n\t\t<div class=\"elementor-element elementor-element-3cad965 e-con-full e-flex wpr-particle-no wpr-jarallax-no wpr-parallax-no wpr-sticky-section-no e-con e-child\" data-id=\"3cad965\" data-element_type=\"container\" data-e-type=\"container\">\n\t\t\t\t<div class=\"elementor-element elementor-element-e1e1849 elementor-widget elementor-widget-image\" data-id=\"e1e1849\" data-element_type=\"widget\" data-e-type=\"widget\" data-widget_type=\"image.default\">\n\t\t\t\t<div class=\"elementor-widget-container\">\n\t\t\t\t\t\t\t\t\t\t\t\t\t\t\t\t<a href=\"https:\/\/www.youtube.com\/watch?v=YTCYJwYqXlg\" target=\"_blank\">\n\t\t\t\t\t\t\t<img fetchpriority=\"high\" decoding=\"async\" width=\"800\" height=\"449\" src=\"https:\/\/optimix-software.com\/wp-content\/uploads\/replay-webinar-pricing-boulanger.webp\" class=\"attachment-large size-large wp-image-35784\" alt=\"Replay Webinar Preisgestaltung Boulanger\" srcset=\"https:\/\/optimix-software.com\/wp-content\/uploads\/replay-webinar-pricing-boulanger.webp 800w, https:\/\/optimix-software.com\/wp-content\/uploads\/replay-webinar-pricing-boulanger-768x431.webp 768w\" sizes=\"(max-width: 800px) 100vw, 800px\" \/>\t\t\t\t\t\t\t\t<\/a>\n\t\t\t\t\t\t\t\t\t\t\t\t\t\t\t<\/div>\n\t\t\t\t<\/div>\n\t\t\t\t<\/div>\n\t\t\t\t<\/div>\n\t\t\t\t\t<\/div>\n\t\t\t\t<\/div>\n\t\t\t\t<\/div>\n\t\t","protected":false},"excerpt":{"rendered":"<p>Unser Team begleitet Sie durch vier wichtige Phasen Einrahmung Zu Ihren Aufgaben geh\u00f6rt das Entwerfen, Entwickeln, Testen und Pflegen unserer L\u00f6sungen unter Verwendung geeigneter Programmiersprachen und Entwicklungstools. Sie werden eng mit anderen Abteilungen zusammenarbeiten, um die Qualit\u00e4t und Leistung der Software zu gew\u00e4hrleisten. Ihr Erfolg ist unsere Priorit\u00e4t, und wir sind hier, um Sie bei jedem Schritt auf Ihrem Weg zu begleiten.<\/p>\n","protected":false},"author":16,"featured_media":0,"parent":0,"menu_order":0,"comment_status":"closed","ping_status":"closed","template":"","meta":{"_eb_attr":"","content-type":"","footnotes":""},"class_list":["post-35782","page","type-page","status-publish","hentry"],"yoast_head":"<!-- This site is optimized with the Yoast SEO Premium plugin v22.8 (Yoast SEO v27.2) - https:\/\/yoast.com\/product\/yoast-seo-premium-wordpress\/ -->\n<title>Dienstleistungen<\/title>\n<meta name=\"description\" content=\"Optimix bietet Implementierungsdienste an, um die optimale Nutzung unserer L\u00f6sungen zu gew\u00e4hrleisten.\" \/>\n<meta name=\"robots\" content=\"index, follow, max-snippet:-1, max-image-preview:large, max-video-preview:-1\" \/>\n<link rel=\"canonical\" href=\"https:\/\/optimix-software.com\/de\/dienstleistungen\/\" \/>\n<meta property=\"og:locale\" content=\"de_DE\" \/>\n<meta property=\"og:type\" content=\"article\" \/>\n<meta property=\"og:title\" content=\"Dienstleistungen\" \/>\n<meta property=\"og:description\" content=\"Optimix bietet Implementierungsdienste an, um die optimale Nutzung unserer L\u00f6sungen zu gew\u00e4hrleisten.\" \/>\n<meta property=\"og:url\" content=\"https:\/\/optimix-software.com\/de\/dienstleistungen\/\" \/>\n<meta property=\"og:site_name\" content=\"Optimix Solutions\" \/>\n<meta property=\"article:modified_time\" content=\"2025-02-05T10:07:23+00:00\" \/>\n<meta property=\"og:image\" content=\"https:\/\/optimix-software.com\/wp-content\/uploads\/replay-webinar-pricing-boulanger.webp\" \/>\n<meta name=\"twitter:card\" content=\"summary_large_image\" \/>\n<script type=\"application\/ld+json\" class=\"yoast-schema-graph\">{\"@context\":\"https:\/\/schema.org\",\"@graph\":[{\"@type\":\"WebPage\",\"@id\":\"https:\/\/optimix-software.com\/de\/dienstleistungen\/\",\"url\":\"https:\/\/optimix-software.com\/de\/dienstleistungen\/\",\"name\":\"Dienstleistungen\",\"isPartOf\":{\"@id\":\"https:\/\/optimix-software.com\/de\/#website\"},\"primaryImageOfPage\":{\"@id\":\"https:\/\/optimix-software.com\/de\/dienstleistungen\/#primaryimage\"},\"image\":{\"@id\":\"https:\/\/optimix-software.com\/de\/dienstleistungen\/#primaryimage\"},\"thumbnailUrl\":\"https:\/\/optimix-software.com\/wp-content\/uploads\/replay-webinar-pricing-boulanger.webp\",\"datePublished\":\"2024-10-16T08:38:30+00:00\",\"dateModified\":\"2025-02-05T10:07:23+00:00\",\"description\":\"Optimix bietet Implementierungsdienste an, um die optimale Nutzung unserer L\u00f6sungen zu gew\u00e4hrleisten.\",\"breadcrumb\":{\"@id\":\"https:\/\/optimix-software.com\/de\/dienstleistungen\/#breadcrumb\"},\"inLanguage\":\"de\",\"potentialAction\":[{\"@type\":\"ReadAction\",\"target\":[\"https:\/\/optimix-software.com\/de\/dienstleistungen\/\"]}]},{\"@type\":\"ImageObject\",\"inLanguage\":\"de\",\"@id\":\"https:\/\/optimix-software.com\/de\/dienstleistungen\/#primaryimage\",\"url\":\"https:\/\/optimix-software.com\/wp-content\/uploads\/replay-webinar-pricing-boulanger.webp\",\"contentUrl\":\"https:\/\/optimix-software.com\/wp-content\/uploads\/replay-webinar-pricing-boulanger.webp\"},{\"@type\":\"BreadcrumbList\",\"@id\":\"https:\/\/optimix-software.com\/de\/dienstleistungen\/#breadcrumb\",\"itemListElement\":[{\"@type\":\"ListItem\",\"position\":1,\"name\":\"Startseite\",\"item\":\"https:\/\/optimix-software.com\/de\/\"},{\"@type\":\"ListItem\",\"position\":2,\"name\":\"Dienstleistungen\"}]},{\"@type\":\"WebSite\",\"@id\":\"https:\/\/optimix-software.com\/de\/#website\",\"url\":\"https:\/\/optimix-software.com\/de\/\",\"name\":\"Optimix Solutions\",\"description\":\"Preis- und Lieferkettenl\u00f6sungen f\u00fcr den Einzelhandel\",\"publisher\":{\"@id\":\"https:\/\/optimix-software.com\/de\/#organization\"},\"potentialAction\":[{\"@type\":\"SearchAction\",\"target\":{\"@type\":\"EntryPoint\",\"urlTemplate\":\"https:\/\/optimix-software.com\/de\/?s={search_term_string}\"},\"query-input\":{\"@type\":\"PropertyValueSpecification\",\"valueRequired\":true,\"valueName\":\"search_term_string\"}}],\"inLanguage\":\"de\"},{\"@type\":\"Organization\",\"@id\":\"https:\/\/optimix-software.com\/de\/#organization\",\"name\":\"Optimix Software\",\"url\":\"https:\/\/optimix-software.com\/de\/\",\"logo\":{\"@type\":\"ImageObject\",\"inLanguage\":\"de\",\"@id\":\"https:\/\/optimix-software.com\/de\/#\/schema\/logo\/image\/\",\"url\":\"https:\/\/optimix-software.com\/wp-content\/uploads\/logo-carre-optimix-RETAIL-PERFORMANCE-SOFTWARE.jpg\",\"contentUrl\":\"https:\/\/optimix-software.com\/wp-content\/uploads\/logo-carre-optimix-RETAIL-PERFORMANCE-SOFTWARE.jpg\",\"width\":2001,\"height\":2001,\"caption\":\"Optimix Software\"},\"image\":{\"@id\":\"https:\/\/optimix-software.com\/de\/#\/schema\/logo\/image\/\"},\"sameAs\":[\"https:\/\/www.linkedin.com\/company\/optimix-ffr\/\"]}]}<\/script>\n<!-- \/ Yoast SEO Premium plugin. -->","yoast_head_json":{"title":"Dienstleistungen","description":"Optimix bietet Implementierungsdienste an, um die optimale Nutzung unserer L\u00f6sungen zu gew\u00e4hrleisten.","robots":{"index":"index","follow":"follow","max-snippet":"max-snippet:-1","max-image-preview":"max-image-preview:large","max-video-preview":"max-video-preview:-1"},"canonical":"https:\/\/optimix-software.com\/de\/dienstleistungen\/","og_locale":"de_DE","og_type":"article","og_title":"Dienstleistungen","og_description":"Optimix bietet Implementierungsdienste an, um die optimale Nutzung unserer L\u00f6sungen zu gew\u00e4hrleisten.","og_url":"https:\/\/optimix-software.com\/de\/dienstleistungen\/","og_site_name":"Optimix Solutions","article_modified_time":"2025-02-05T10:07:23+00:00","og_image":[{"url":"https:\/\/optimix-software.com\/wp-content\/uploads\/replay-webinar-pricing-boulanger.webp","type":"","width":"","height":""}],"twitter_card":"summary_large_image","schema":{"@context":"https:\/\/schema.org","@graph":[{"@type":"WebPage","@id":"https:\/\/optimix-software.com\/de\/dienstleistungen\/","url":"https:\/\/optimix-software.com\/de\/dienstleistungen\/","name":"Dienstleistungen","isPartOf":{"@id":"https:\/\/optimix-software.com\/de\/#website"},"primaryImageOfPage":{"@id":"https:\/\/optimix-software.com\/de\/dienstleistungen\/#primaryimage"},"image":{"@id":"https:\/\/optimix-software.com\/de\/dienstleistungen\/#primaryimage"},"thumbnailUrl":"https:\/\/optimix-software.com\/wp-content\/uploads\/replay-webinar-pricing-boulanger.webp","datePublished":"2024-10-16T08:38:30+00:00","dateModified":"2025-02-05T10:07:23+00:00","description":"Optimix bietet Implementierungsdienste an, um die optimale Nutzung unserer L\u00f6sungen zu gew\u00e4hrleisten.","breadcrumb":{"@id":"https:\/\/optimix-software.com\/de\/dienstleistungen\/#breadcrumb"},"inLanguage":"de","potentialAction":[{"@type":"ReadAction","target":["https:\/\/optimix-software.com\/de\/dienstleistungen\/"]}]},{"@type":"ImageObject","inLanguage":"de","@id":"https:\/\/optimix-software.com\/de\/dienstleistungen\/#primaryimage","url":"https:\/\/optimix-software.com\/wp-content\/uploads\/replay-webinar-pricing-boulanger.webp","contentUrl":"https:\/\/optimix-software.com\/wp-content\/uploads\/replay-webinar-pricing-boulanger.webp"},{"@type":"BreadcrumbList","@id":"https:\/\/optimix-software.com\/de\/dienstleistungen\/#breadcrumb","itemListElement":[{"@type":"ListItem","position":1,"name":"Startseite","item":"https:\/\/optimix-software.com\/de\/"},{"@type":"ListItem","position":2,"name":"Dienstleistungen"}]},{"@type":"WebSite","@id":"https:\/\/optimix-software.com\/de\/#website","url":"https:\/\/optimix-software.com\/de\/","name":"Optimix Solutions","description":"Preis- und Lieferkettenl\u00f6sungen f\u00fcr den Einzelhandel","publisher":{"@id":"https:\/\/optimix-software.com\/de\/#organization"},"potentialAction":[{"@type":"SearchAction","target":{"@type":"EntryPoint","urlTemplate":"https:\/\/optimix-software.com\/de\/?s={search_term_string}"},"query-input":{"@type":"PropertyValueSpecification","valueRequired":true,"valueName":"search_term_string"}}],"inLanguage":"de"},{"@type":"Organization","@id":"https:\/\/optimix-software.com\/de\/#organization","name":"Optimix Software","url":"https:\/\/optimix-software.com\/de\/","logo":{"@type":"ImageObject","inLanguage":"de","@id":"https:\/\/optimix-software.com\/de\/#\/schema\/logo\/image\/","url":"https:\/\/optimix-software.com\/wp-content\/uploads\/logo-carre-optimix-RETAIL-PERFORMANCE-SOFTWARE.jpg","contentUrl":"https:\/\/optimix-software.com\/wp-content\/uploads\/logo-carre-optimix-RETAIL-PERFORMANCE-SOFTWARE.jpg","width":2001,"height":2001,"caption":"Optimix Software"},"image":{"@id":"https:\/\/optimix-software.com\/de\/#\/schema\/logo\/image\/"},"sameAs":["https:\/\/www.linkedin.com\/company\/optimix-ffr\/"]}]}},"_links":{"self":[{"href":"https:\/\/optimix-software.com\/de\/wp-json\/wp\/v2\/pages\/35782","targetHints":{"allow":["GET"]}}],"collection":[{"href":"https:\/\/optimix-software.com\/de\/wp-json\/wp\/v2\/pages"}],"about":[{"href":"https:\/\/optimix-software.com\/de\/wp-json\/wp\/v2\/types\/page"}],"author":[{"embeddable":true,"href":"https:\/\/optimix-software.com\/de\/wp-json\/wp\/v2\/users\/16"}],"replies":[{"embeddable":true,"href":"https:\/\/optimix-software.com\/de\/wp-json\/wp\/v2\/comments?post=35782"}],"version-history":[{"count":0,"href":"https:\/\/optimix-software.com\/de\/wp-json\/wp\/v2\/pages\/35782\/revisions"}],"wp:attachment":[{"href":"https:\/\/optimix-software.com\/de\/wp-json\/wp\/v2\/media?parent=35782"}],"curies":[{"name":"wp","href":"https:\/\/api.w.org\/{rel}","templated":true}]}}