{"id":45457,"date":"2025-04-28T13:36:06","date_gmt":"2025-04-28T11:36:06","guid":{"rendered":"https:\/\/optimix-software.com\/?page_id=45457"},"modified":"2025-04-28T13:56:34","modified_gmt":"2025-04-28T11:56:34","slug":"unaufgeforderte-bewerbung-5","status":"publish","type":"page","link":"https:\/\/optimix-software.com\/de\/unaufgeforderte-bewerbung-5\/","title":{"rendered":"TMA-Support-Techniker"},"content":{"rendered":"\t\t<div data-elementor-type=\"wp-page\" data-elementor-id=\"45457\" class=\"elementor elementor-45457 elementor-45456\" data-elementor-post-type=\"page\">\n\t\t\t\t<div class=\"elementor-element elementor-element-05a42b5 e-flex e-con-boxed wpr-particle-no wpr-jarallax-no wpr-parallax-no wpr-sticky-section-no e-con e-parent\" data-id=\"05a42b5\" data-element_type=\"container\" data-e-type=\"container\">\n\t\t\t\t\t<div class=\"e-con-inner\">\n\t\t<div class=\"elementor-element elementor-element-73ffb24 e-con-full e-flex wpr-particle-no wpr-jarallax-no wpr-parallax-no wpr-sticky-section-no e-con e-child\" data-id=\"73ffb24\" data-element_type=\"container\" data-e-type=\"container\">\n\t\t<div class=\"elementor-element elementor-element-9f2a8ca e-con-full e-flex wpr-particle-no wpr-jarallax-no wpr-parallax-no wpr-sticky-section-no e-con e-child\" data-id=\"9f2a8ca\" data-element_type=\"container\" data-e-type=\"container\">\n\t\t\t\t<div class=\"elementor-element elementor-element-93d56ee elementor-widget elementor-widget-heading\" data-id=\"93d56ee\" data-element_type=\"widget\" data-e-type=\"widget\" data-widget_type=\"heading.default\">\n\t\t\t\t<div class=\"elementor-widget-container\">\n\t\t\t\t\t<h1 class=\"elementor-heading-title elementor-size-default\">TMA-Support-Techniker<\/h1>\t\t\t\t<\/div>\n\t\t\t\t<\/div>\n\t\t\t\t<div class=\"elementor-element elementor-element-de1b70e elementor-widget__width-initial elementor-widget elementor-widget-text-editor\" data-id=\"de1b70e\" data-element_type=\"widget\" data-e-type=\"widget\" data-widget_type=\"text-editor.default\">\n\t\t\t\t<div class=\"elementor-widget-container\">\n\t\t\t\t\t\t\t\t\t<p class=\"\" data-start=\"160\" data-end=\"234\">\ud83d\ude80 <strong data-start=\"163\" data-end=\"231\">Kommen Sie zu OptimiX Solutions als TMA-Support-Techniker!<\/strong> \ud83d\ude80<\/p>\n<p class=\"\" data-start=\"236\" data-end=\"545\">Sie m\u00f6chten in einem schnell wachsenden Tech-Unternehmen arbeiten, in dem Fachwissen und Innovation im Mittelpunkt jedes Projekts stehen? <strong data-start=\"369\" data-end=\"390\">OptimiX Solutions<\/strong>, ein SaaS-Anbieter, der auf Pricing und Supply Chain Management spezialisiert ist, stellt eine(n) <strong data-start=\"480\" data-end=\"506\">Support-Techniker<\/strong> (in) ein, um unsere Entwicklung zu unterst\u00fctzen!<\/p>\n<p class=\"\" data-start=\"547\" data-end=\"563\"><strong data-start=\"547\" data-end=\"563\">Ihre Rolle :<\/strong><\/p>\n<p class=\"\" data-start=\"565\" data-end=\"930\">\ud83c\udfaf Operative Betreuung eines Kundenportfolios (ein oder mehrere Konten je nach Komplexit\u00e4t) im RUN-Modus<br data-start=\"681\" data-end=\"684\">\ud83c\udfaf Kontrolle der n\u00e4chtlichen Verarbeitungsketten zur Gew\u00e4hrleistung der Servicequalit\u00e4t<br data-start=\"766\" data-end=\"769\">\ud83c\udfaf Beantwortung von Kundentickets und Weiterverfolgung bis zur L\u00f6sung<br data-start=\"841\" data-end=\"844\">\ud83c\udfaf Leitung der Betriebsaussch\u00fcsse mit den Kunden f\u00fcr eine qualitativ hochwertige Betreuung.<\/p>\n<p class=\"\" data-start=\"932\" data-end=\"968\"><strong data-start=\"932\" data-end=\"968\">Das Profil, das wir suchen :<\/strong><\/p>\n<p class=\"\" data-start=\"970\" data-end=\"1447\">\u2705 Abitur +3 bis Abitur +5 &#8211; Informatik- oder Wirtschaftsschule<br data-start=\"1025\" data-end=\"1028\">\u2705 Mindestens 2 Jahre Erfahrung in der Anwendungsbetreuung (TMA)<br data-start=\"1097\" data-end=\"1100\">\u2705 Technisch-funktionale Kenntnisse der PostgreSQL-Datenbanken<br data-start=\"1165\" data-end=\"1168\">\u2705 Gute technische Englischkenntnisse sind unerl\u00e4sslich<br data-start=\"1214\" data-end=\"1217\">\u2705 Kenntnisse im Bereich Pricing sind ein willkommenes Plus<br data-start=\"1270\" data-end=\"1273\">\u2705 Beherrschung von Linux-Befehlen, PowerShell und\/oder Bash ist von Vorteil<br data-start=\"1342\" data-end=\"1345\">\u2705  Neugier, Selbst\u00e4ndigkeit, F\u00e4higkeit, konkrete Ma\u00dfnahmen zu ergreifen und schnelle Entscheidungen zu treffen<\/p>\n<p class=\"\" data-start=\"1449\" data-end=\"1479\"><strong data-start=\"1449\" data-end=\"1479\">Was wir Ihnen bieten :<\/strong><\/p>\n<p class=\"\" data-start=\"1481\" data-end=\"1767\">\ud83c\udf1f Einen unbefristeten Arbeitsvertrag in Marcq-en-Bar\u0153ul (in der N\u00e4he der Stra\u00dfenbahnlinie Ch\u00e2teau Rouge)<br data-start=\"1552\" data-end=\"1555\">\ud83c\udf1f Verf\u00fcgbarkeit: so bald wie m\u00f6glich<br data-start=\"1590\" data-end=\"1593\">\ud83c\udf1f Attraktive Verg\u00fctung nach Vereinbarung<br data-start=\"1630\" data-end=\"1633\">\ud83c\udf1f Vorteile: RTT, Krankenkasse, Essensgutscheine<br data-start=\"1682\" data-end=\"1685\">\ud83c\udf1f Ein dynamisches Umfeld mit menschlicher Gr\u00f6\u00dfe, in dem Ihre Initiativen gesch\u00e4tzt werden.<\/p>\n<p class=\"\" data-start=\"1769\" data-end=\"1798\"><strong data-start=\"1769\" data-end=\"1798\">Warum sollten Sie sich uns anschlie\u00dfen?<\/strong><\/p>\n<p class=\"\" data-start=\"1800\" data-end=\"2081\">Als Mitglied von <strong data-start=\"1809\" data-end=\"1830\">OptimiX Solutions<\/strong> entscheiden Sie sich f\u00fcr ein zukunftsorientiertes Unternehmen, in dem Kundenzufriedenheit, Qualit\u00e4t und technologische Innovation unseren Alltag bestimmen. Bauen Sie mit uns die n\u00e4chste Generation von Pricing- und Supply Chain-L\u00f6sungen auf! <\/p>\n<p class=\"\" data-start=\"2083\" data-end=\"2183\"><strong data-start=\"2083\" data-end=\"2119\">Sind Sie bereit, sich dem Abenteuer anzuschlie\u00dfen?<\/strong><br data-start=\"2119\" data-end=\"2122\">\ud83d\udc49 Bewerben Sie sich jetzt mit Ihrem Lebenslauf und f\u00fcllen Sie das nebenstehende Formular aus!<\/p>\n<p class=\"\" data-start=\"2185\" data-end=\"2280\">#Recruitment #SupportTMA #SupportTechniker #SaaS #Data #Pricing #SupplyChain #OptimiXSolutions<\/p>\t\t\t\t\t\t\t\t<\/div>\n\t\t\t\t<\/div>\n\t\t\t\t<\/div>\n\t\t\t\t<\/div>\n\t\t<div class=\"elementor-element elementor-element-7eb5624 e-con-full e-flex wpr-particle-no wpr-jarallax-no wpr-parallax-no wpr-sticky-section-no e-con e-child\" data-id=\"7eb5624\" data-element_type=\"container\" data-e-type=\"container\">\n\t\t\t\t<div class=\"elementor-element elementor-element-90e2110 elementor-widget elementor-widget-html\" data-id=\"90e2110\" data-element_type=\"widget\" data-e-type=\"widget\" data-widget_type=\"html.default\">\n\t\t\t\t<div class=\"elementor-widget-container\">\n\t\t\t\t\t<div class=\"pipedriveWebForms\" data-pd-webforms=\"https:\/\/webforms.pipedrive.com\/f\/ckxKDvp0jwu57pu9esKbm6BDVRTyifoUdsevxdLA8pleqMerQW9OW7j836hvLPfTz5\"><script src=\"https:\/\/webforms.pipedrive.com\/f\/loader\"><\/script><\/div>\t\t\t\t<\/div>\n\t\t\t\t<\/div>\n\t\t\t\t<\/div>\n\t\t\t\t\t<\/div>\n\t\t\t\t<\/div>\n\t\t<div class=\"elementor-element elementor-element-862e1ab e-flex e-con-boxed wpr-particle-no wpr-jarallax-no wpr-parallax-no wpr-sticky-section-no e-con e-parent\" data-id=\"862e1ab\" data-element_type=\"container\" data-e-type=\"container\">\n\t\t\t\t\t<div class=\"e-con-inner\">\n\t\t\t\t<div class=\"elementor-element elementor-element-419363e elementor-widget elementor-widget-image\" data-id=\"419363e\" data-element_type=\"widget\" data-e-type=\"widget\" data-widget_type=\"image.default\">\n\t\t\t\t<div class=\"elementor-widget-container\">\n\t\t\t\t\t\t\t\t\t\t\t\t\t\t\t<img fetchpriority=\"high\" decoding=\"async\" width=\"800\" height=\"533\" src=\"https:\/\/optimix-software.com\/wp-content\/uploads\/photo-collaborateurs-Optimix-1200x800.webp\" class=\"attachment-large size-large wp-image-35272\" alt=\"\" srcset=\"https:\/\/optimix-software.com\/wp-content\/uploads\/photo-collaborateurs-Optimix-1200x800.webp 1200w, https:\/\/optimix-software.com\/wp-content\/uploads\/photo-collaborateurs-Optimix-900x600.webp 900w, https:\/\/optimix-software.com\/wp-content\/uploads\/photo-collaborateurs-Optimix-768x512.webp 768w, https:\/\/optimix-software.com\/wp-content\/uploads\/photo-collaborateurs-Optimix.webp 1500w\" sizes=\"(max-width: 800px) 100vw, 800px\" \/>\t\t\t\t\t\t\t\t\t\t\t\t\t\t\t<\/div>\n\t\t\t\t<\/div>\n\t\t\t\t\t<\/div>\n\t\t\t\t<\/div>\n\t\t\t\t<\/div>\n\t\t","protected":false},"excerpt":{"rendered":"<p>Kommen Sie zu Optimix, einem innovativen Softwareentwickler f\u00fcr Pricing und Supply Chain. Senden Sie Ihren Lebenslauf f\u00fcr spannende M\u00f6glichkeiten und gestalten Sie die Zukunft mit uns! <\/p>\n","protected":false},"author":16,"featured_media":0,"parent":0,"menu_order":0,"comment_status":"closed","ping_status":"closed","template":"","meta":{"_eb_attr":"","content-type":"","footnotes":""},"class_list":["post-45457","page","type-page","status-publish","hentry"],"yoast_head":"<!-- This site is optimized with the Yoast SEO Premium plugin v22.8 (Yoast SEO v27.2) - https:\/\/yoast.com\/product\/yoast-seo-premium-wordpress\/ -->\n<title>Support-Techniker TMA - Optimix Solutions<\/title>\n<meta name=\"description\" content=\"Kommen Sie zu Optimix, dem Herausgeber von innovativer Software f\u00fcr Pricing und Supply Chain. Bewerben Sie sich initiativ und senden Sie Ihren Lebenslauf f\u00fcr spannende M\u00f6glichkeiten!\" \/>\n<meta name=\"robots\" content=\"index, follow, max-snippet:-1, max-image-preview:large, max-video-preview:-1\" \/>\n<link rel=\"canonical\" href=\"https:\/\/optimix-software.com\/de\/unaufgeforderte-bewerbung-5\/\" \/>\n<meta property=\"og:locale\" content=\"de_DE\" \/>\n<meta property=\"og:type\" content=\"article\" \/>\n<meta property=\"og:title\" content=\"TMA-Support-Techniker\" \/>\n<meta property=\"og:description\" content=\"Kommen Sie zu Optimix, dem Herausgeber von innovativer Software f\u00fcr Pricing und Supply Chain. Bewerben Sie sich initiativ und senden Sie Ihren Lebenslauf f\u00fcr spannende M\u00f6glichkeiten!\" \/>\n<meta property=\"og:url\" content=\"https:\/\/optimix-software.com\/de\/unaufgeforderte-bewerbung-5\/\" \/>\n<meta property=\"og:site_name\" content=\"Optimix Solutions\" \/>\n<meta property=\"article:modified_time\" content=\"2025-04-28T11:56:34+00:00\" \/>\n<meta property=\"og:image\" content=\"https:\/\/optimix.fr\/wp-content\/uploads\/clubpricing3-copie.webp\" \/>\n<meta name=\"twitter:card\" content=\"summary_large_image\" \/>\n<meta name=\"twitter:label1\" content=\"Gesch\u00e4tzte Lesezeit\" \/>\n\t<meta name=\"twitter:data1\" content=\"1\u00a0Minute\" \/>\n<script type=\"application\/ld+json\" class=\"yoast-schema-graph\">{\"@context\":\"https:\/\/schema.org\",\"@graph\":[{\"@type\":\"WebPage\",\"@id\":\"https:\/\/optimix-software.com\/de\/unaufgeforderte-bewerbung-5\/\",\"url\":\"https:\/\/optimix-software.com\/de\/unaufgeforderte-bewerbung-5\/\",\"name\":\"Support-Techniker TMA - Optimix Solutions\",\"isPartOf\":{\"@id\":\"https:\/\/optimix-software.com\/de\/#website\"},\"primaryImageOfPage\":{\"@id\":\"https:\/\/optimix-software.com\/de\/unaufgeforderte-bewerbung-5\/#primaryimage\"},\"image\":{\"@id\":\"https:\/\/optimix-software.com\/de\/unaufgeforderte-bewerbung-5\/#primaryimage\"},\"thumbnailUrl\":\"https:\/\/optimix-software.com\/wp-content\/uploads\/photo-collaborateurs-Optimix-1200x800.webp\",\"datePublished\":\"2025-04-28T11:36:06+00:00\",\"dateModified\":\"2025-04-28T11:56:34+00:00\",\"description\":\"Kommen Sie zu Optimix, dem Herausgeber von innovativer Software f\u00fcr Pricing und Supply Chain. Bewerben Sie sich initiativ und senden Sie Ihren Lebenslauf f\u00fcr spannende M\u00f6glichkeiten!\",\"breadcrumb\":{\"@id\":\"https:\/\/optimix-software.com\/de\/unaufgeforderte-bewerbung-5\/#breadcrumb\"},\"inLanguage\":\"de\",\"potentialAction\":[{\"@type\":\"ReadAction\",\"target\":[\"https:\/\/optimix-software.com\/de\/unaufgeforderte-bewerbung-5\/\"]}]},{\"@type\":\"ImageObject\",\"inLanguage\":\"de\",\"@id\":\"https:\/\/optimix-software.com\/de\/unaufgeforderte-bewerbung-5\/#primaryimage\",\"url\":\"https:\/\/optimix-software.com\/wp-content\/uploads\/photo-collaborateurs-Optimix-1200x800.webp\",\"contentUrl\":\"https:\/\/optimix-software.com\/wp-content\/uploads\/photo-collaborateurs-Optimix-1200x800.webp\"},{\"@type\":\"BreadcrumbList\",\"@id\":\"https:\/\/optimix-software.com\/de\/unaufgeforderte-bewerbung-5\/#breadcrumb\",\"itemListElement\":[{\"@type\":\"ListItem\",\"position\":1,\"name\":\"Startseite\",\"item\":\"https:\/\/optimix-software.com\/de\/\"},{\"@type\":\"ListItem\",\"position\":2,\"name\":\"TMA-Support-Techniker\"}]},{\"@type\":\"WebSite\",\"@id\":\"https:\/\/optimix-software.com\/de\/#website\",\"url\":\"https:\/\/optimix-software.com\/de\/\",\"name\":\"Optimix Solutions\",\"description\":\"Preis- und Lieferkettenl\u00f6sungen f\u00fcr den Einzelhandel\",\"publisher\":{\"@id\":\"https:\/\/optimix-software.com\/de\/#organization\"},\"potentialAction\":[{\"@type\":\"SearchAction\",\"target\":{\"@type\":\"EntryPoint\",\"urlTemplate\":\"https:\/\/optimix-software.com\/de\/?s={search_term_string}\"},\"query-input\":{\"@type\":\"PropertyValueSpecification\",\"valueRequired\":true,\"valueName\":\"search_term_string\"}}],\"inLanguage\":\"de\"},{\"@type\":\"Organization\",\"@id\":\"https:\/\/optimix-software.com\/de\/#organization\",\"name\":\"Optimix Software\",\"url\":\"https:\/\/optimix-software.com\/de\/\",\"logo\":{\"@type\":\"ImageObject\",\"inLanguage\":\"de\",\"@id\":\"https:\/\/optimix-software.com\/de\/#\/schema\/logo\/image\/\",\"url\":\"https:\/\/optimix-software.com\/wp-content\/uploads\/logo-carre-optimix-RETAIL-PERFORMANCE-SOFTWARE.jpg\",\"contentUrl\":\"https:\/\/optimix-software.com\/wp-content\/uploads\/logo-carre-optimix-RETAIL-PERFORMANCE-SOFTWARE.jpg\",\"width\":2001,\"height\":2001,\"caption\":\"Optimix Software\"},\"image\":{\"@id\":\"https:\/\/optimix-software.com\/de\/#\/schema\/logo\/image\/\"},\"sameAs\":[\"https:\/\/www.linkedin.com\/company\/optimix-ffr\/\"]}]}<\/script>\n<!-- \/ Yoast SEO Premium plugin. -->","yoast_head_json":{"title":"Support-Techniker TMA - Optimix Solutions","description":"Kommen Sie zu Optimix, dem Herausgeber von innovativer Software f\u00fcr Pricing und Supply Chain. Bewerben Sie sich initiativ und senden Sie Ihren Lebenslauf f\u00fcr spannende M\u00f6glichkeiten!","robots":{"index":"index","follow":"follow","max-snippet":"max-snippet:-1","max-image-preview":"max-image-preview:large","max-video-preview":"max-video-preview:-1"},"canonical":"https:\/\/optimix-software.com\/de\/unaufgeforderte-bewerbung-5\/","og_locale":"de_DE","og_type":"article","og_title":"TMA-Support-Techniker","og_description":"Kommen Sie zu Optimix, dem Herausgeber von innovativer Software f\u00fcr Pricing und Supply Chain. Bewerben Sie sich initiativ und senden Sie Ihren Lebenslauf f\u00fcr spannende M\u00f6glichkeiten!","og_url":"https:\/\/optimix-software.com\/de\/unaufgeforderte-bewerbung-5\/","og_site_name":"Optimix Solutions","article_modified_time":"2025-04-28T11:56:34+00:00","og_image":[{"url":"https:\/\/optimix.fr\/wp-content\/uploads\/clubpricing3-copie.webp","type":"","width":"","height":""}],"twitter_card":"summary_large_image","twitter_misc":{"Gesch\u00e4tzte Lesezeit":"1\u00a0Minute"},"schema":{"@context":"https:\/\/schema.org","@graph":[{"@type":"WebPage","@id":"https:\/\/optimix-software.com\/de\/unaufgeforderte-bewerbung-5\/","url":"https:\/\/optimix-software.com\/de\/unaufgeforderte-bewerbung-5\/","name":"Support-Techniker TMA - Optimix Solutions","isPartOf":{"@id":"https:\/\/optimix-software.com\/de\/#website"},"primaryImageOfPage":{"@id":"https:\/\/optimix-software.com\/de\/unaufgeforderte-bewerbung-5\/#primaryimage"},"image":{"@id":"https:\/\/optimix-software.com\/de\/unaufgeforderte-bewerbung-5\/#primaryimage"},"thumbnailUrl":"https:\/\/optimix-software.com\/wp-content\/uploads\/photo-collaborateurs-Optimix-1200x800.webp","datePublished":"2025-04-28T11:36:06+00:00","dateModified":"2025-04-28T11:56:34+00:00","description":"Kommen Sie zu Optimix, dem Herausgeber von innovativer Software f\u00fcr Pricing und Supply Chain. Bewerben Sie sich initiativ und senden Sie Ihren Lebenslauf f\u00fcr spannende M\u00f6glichkeiten!","breadcrumb":{"@id":"https:\/\/optimix-software.com\/de\/unaufgeforderte-bewerbung-5\/#breadcrumb"},"inLanguage":"de","potentialAction":[{"@type":"ReadAction","target":["https:\/\/optimix-software.com\/de\/unaufgeforderte-bewerbung-5\/"]}]},{"@type":"ImageObject","inLanguage":"de","@id":"https:\/\/optimix-software.com\/de\/unaufgeforderte-bewerbung-5\/#primaryimage","url":"https:\/\/optimix-software.com\/wp-content\/uploads\/photo-collaborateurs-Optimix-1200x800.webp","contentUrl":"https:\/\/optimix-software.com\/wp-content\/uploads\/photo-collaborateurs-Optimix-1200x800.webp"},{"@type":"BreadcrumbList","@id":"https:\/\/optimix-software.com\/de\/unaufgeforderte-bewerbung-5\/#breadcrumb","itemListElement":[{"@type":"ListItem","position":1,"name":"Startseite","item":"https:\/\/optimix-software.com\/de\/"},{"@type":"ListItem","position":2,"name":"TMA-Support-Techniker"}]},{"@type":"WebSite","@id":"https:\/\/optimix-software.com\/de\/#website","url":"https:\/\/optimix-software.com\/de\/","name":"Optimix Solutions","description":"Preis- und Lieferkettenl\u00f6sungen f\u00fcr den Einzelhandel","publisher":{"@id":"https:\/\/optimix-software.com\/de\/#organization"},"potentialAction":[{"@type":"SearchAction","target":{"@type":"EntryPoint","urlTemplate":"https:\/\/optimix-software.com\/de\/?s={search_term_string}"},"query-input":{"@type":"PropertyValueSpecification","valueRequired":true,"valueName":"search_term_string"}}],"inLanguage":"de"},{"@type":"Organization","@id":"https:\/\/optimix-software.com\/de\/#organization","name":"Optimix Software","url":"https:\/\/optimix-software.com\/de\/","logo":{"@type":"ImageObject","inLanguage":"de","@id":"https:\/\/optimix-software.com\/de\/#\/schema\/logo\/image\/","url":"https:\/\/optimix-software.com\/wp-content\/uploads\/logo-carre-optimix-RETAIL-PERFORMANCE-SOFTWARE.jpg","contentUrl":"https:\/\/optimix-software.com\/wp-content\/uploads\/logo-carre-optimix-RETAIL-PERFORMANCE-SOFTWARE.jpg","width":2001,"height":2001,"caption":"Optimix Software"},"image":{"@id":"https:\/\/optimix-software.com\/de\/#\/schema\/logo\/image\/"},"sameAs":["https:\/\/www.linkedin.com\/company\/optimix-ffr\/"]}]}},"_links":{"self":[{"href":"https:\/\/optimix-software.com\/de\/wp-json\/wp\/v2\/pages\/45457","targetHints":{"allow":["GET"]}}],"collection":[{"href":"https:\/\/optimix-software.com\/de\/wp-json\/wp\/v2\/pages"}],"about":[{"href":"https:\/\/optimix-software.com\/de\/wp-json\/wp\/v2\/types\/page"}],"author":[{"embeddable":true,"href":"https:\/\/optimix-software.com\/de\/wp-json\/wp\/v2\/users\/16"}],"replies":[{"embeddable":true,"href":"https:\/\/optimix-software.com\/de\/wp-json\/wp\/v2\/comments?post=45457"}],"version-history":[{"count":0,"href":"https:\/\/optimix-software.com\/de\/wp-json\/wp\/v2\/pages\/45457\/revisions"}],"wp:attachment":[{"href":"https:\/\/optimix-software.com\/de\/wp-json\/wp\/v2\/media?parent=45457"}],"curies":[{"name":"wp","href":"https:\/\/api.w.org\/{rel}","templated":true}]}}