{"id":67504,"date":"2026-01-27T16:54:10","date_gmt":"2026-01-27T15:54:10","guid":{"rendered":"https:\/\/optimix-software.com\/?page_id=67504"},"modified":"2026-01-27T17:02:39","modified_gmt":"2026-01-27T16:02:39","slug":"projektmanager-pricing","status":"publish","type":"page","link":"https:\/\/optimix-software.com\/de\/projektmanager-pricing\/","title":{"rendered":"Projektmanager Pricing"},"content":{"rendered":"\t\t<div data-elementor-type=\"wp-page\" data-elementor-id=\"67504\" class=\"elementor elementor-67504 elementor-67503\" data-elementor-post-type=\"page\">\n\t\t\t\t<div class=\"elementor-element elementor-element-05a42b5 e-flex e-con-boxed wpr-particle-no wpr-jarallax-no wpr-parallax-no wpr-sticky-section-no e-con e-parent\" data-id=\"05a42b5\" data-element_type=\"container\" data-e-type=\"container\">\n\t\t\t\t\t<div class=\"e-con-inner\">\n\t\t<div class=\"elementor-element elementor-element-73ffb24 e-con-full e-flex wpr-particle-no wpr-jarallax-no wpr-parallax-no wpr-sticky-section-no e-con e-child\" data-id=\"73ffb24\" data-element_type=\"container\" data-e-type=\"container\">\n\t\t<div class=\"elementor-element elementor-element-9f2a8ca e-con-full e-flex wpr-particle-no wpr-jarallax-no wpr-parallax-no wpr-sticky-section-no e-con e-child\" data-id=\"9f2a8ca\" data-element_type=\"container\" data-e-type=\"container\">\n\t\t\t\t<div class=\"elementor-element elementor-element-93d56ee elementor-widget elementor-widget-heading\" data-id=\"93d56ee\" data-element_type=\"widget\" data-e-type=\"widget\" data-widget_type=\"heading.default\">\n\t\t\t\t<div class=\"elementor-widget-container\">\n\t\t\t\t\t<h1 class=\"elementor-heading-title elementor-size-default\">Projektmanager Pricing<\/h1>\t\t\t\t<\/div>\n\t\t\t\t<\/div>\n\t\t\t\t<div class=\"elementor-element elementor-element-de1b70e elementor-widget__width-initial elementor-widget elementor-widget-text-editor\" data-id=\"de1b70e\" data-element_type=\"widget\" data-e-type=\"widget\" data-widget_type=\"text-editor.default\">\n\t\t\t\t<div class=\"elementor-widget-container\">\n\t\t\t\t\t\t\t\t\t<p class=\"\" data-start=\"187\" data-end=\"272\">\ud83d\ude80 <strong data-start=\"190\" data-end=\"269\">Werden Sie Teil des OptimiX Solutions-Abenteuers als Pricing-Projektmanager!<\/strong> \ud83d\ude80<\/p>\n<p class=\"\" data-start=\"274\" data-end=\"531\"><strong data-start=\"353\" data-end=\"374\">OptimiX Solutions<\/strong>, der SaaS-Editor f\u00fcr Pricing und Supply Chain Management, sucht eine\/n <strong data-start=\"454\" data-end=\"472\">Projektmanager\/in<\/strong> mit Leidenschaft f\u00fcr Daten, Optimierung und Innovation!<\/p>\n<p class=\"\" data-start=\"533\" data-end=\"572\"><strong data-start=\"533\" data-end=\"572\">Ihre Aufgabe, wenn Sie sie annehmen:<\/strong><\/p>\n<p class=\"\" data-start=\"574\" data-end=\"947\">\ud83c\udfaf Durchf\u00fchrung von Studien zur funktionalen (fachlichen und technischen) Angemessenheit<br data-start=\"645\" data-end=\"648\">\ud83c\udfaf Analyse, Anpassung und Kontrolle der Datenfl\u00fcsse<br data-start=\"701\" data-end=\"704\">\ud83c\udfaf Parametrisierung unserer SaaS-L\u00f6sung (\u00fcber Anwendung oder Datenbank)<br data-start=\"774\" data-end=\"777\">\ud83c\udfaf Qualifizierung, Schulung und Begleitung der Nutzer<br data-start=\"855\" data-end=\"858\">\ud83c\udfaf Steuerung Ihrer Projekte von Anfang bis Ende: Planung, Budgetverfolgung, Kundenbeziehungen<\/p>\n<p class=\"\" data-start=\"949\" data-end=\"985\"><strong data-start=\"949\" data-end=\"985\">Das Profil, das wir suchen :<\/strong><\/p>\n<p class=\"\" data-start=\"987\" data-end=\"1466\">\u2705 Abgeschlossenes Studium an einer Hochschule f\u00fcr Informatik oder Wirtschaft<br data-start=\"1057\" data-end=\"1060\">\u2705 Mindestens 5 Jahre Erfahrung im Projektmanagement, idealerweise in einem technologischen Umfeld<br data-start=\"1152\" data-end=\"1155\">\u2705 Fundierte Kenntnisse in der Datenbank PostgreSQL (technisch und funktional)<br data-start=\"1233\" data-end=\"1236\">\u2705 Technisches Englisch ist f\u00fcr unsere internationalen Projekte unerl\u00e4sslich<br data-start=\"1301\" data-end=\"1304\">\u2705 Neugierig, selbst\u00e4ndig, mit einer starken Ausrichtung auf Kundenzufriedenheit<br data-start=\"1375\" data-end=\"1378\">\u2705 Ein Plus: Kenntnisse im Pricing, Beherrschung der Linux-Befehle, PowerShell und\/oder Bash.<\/p>\n<p class=\"\" data-start=\"1468\" data-end=\"1498\"><strong data-start=\"1468\" data-end=\"1498\">Was wir Ihnen bieten :<\/strong><\/p>\n<p class=\"\" data-start=\"1500\" data-end=\"1822\">\ud83c\udf1f Eine unbefristete Stelle, Status eines leitenden Angestellten<br data-start=\"1532\" data-end=\"1535\">\ud83c\udf1f Ein g\u00fcnstiger Standort: Marcq-en-Bar\u0153ul (Stra\u00dfenbahnhaltestelle Ch\u00e2teau Rouge)<br data-start=\"1608\" data-end=\"1611\">\ud83c\udf1f Echte Vorteile: RTT, Krankenversicherung, Essensgutscheine<br data-start=\"1669\" data-end=\"1672\">\ud83c\udf1f Ein stimulierendes Umfeld, in dem Ihre Entscheidungen direkte Auswirkungen haben<br data-start=\"1742\" data-end=\"1745\">\ud83c\udf1f Die Gelegenheit, sich in einem Unternehmen mit menschlicher Gr\u00f6\u00dfe und Ambitionen weiterzuentwickeln.<\/p>\n<p class=\"\" data-start=\"1824\" data-end=\"1853\"><strong data-start=\"1824\" data-end=\"1853\">Warum sollten Sie sich uns anschlie\u00dfen?<\/strong><\/p>\n<p class=\"\" data-start=\"1855\" data-end=\"2119\">Bei <strong data-start=\"1860\" data-end=\"1881\">OptimiX Solutions<\/strong> glauben wir an das Potenzial eines jeden Einzelnen. Wir geben Ihnen die Mittel, um selbst\u00e4ndig zu handeln, Ihre strategischen Projekte zu steuern und sich in einem Sektor zu entfalten, der sich dank k\u00fcnstlicher Intelligenz und Daten stark ver\u00e4ndert. <\/p>\n<p class=\"\" data-start=\"2121\" data-end=\"2247\"><strong data-start=\"2121\" data-end=\"2152\">Sind Sie bereit, die Herausforderung anzunehmen?<\/strong><br data-start=\"2152\" data-end=\"2155\">\ud83d\udc49 Senden Sie uns Ihren Lebenslauf, indem Sie das nebenstehende Formular ausf\u00fcllen!<\/p>\n<p class=\"\" data-start=\"2249\" data-end=\"2337\">#Recruiting #Projektleiter #SaaS #Data #Pricing #SupplyChain #Karriere #OptimiXSolutions<\/p>\t\t\t\t\t\t\t\t<\/div>\n\t\t\t\t<\/div>\n\t\t\t\t<\/div>\n\t\t\t\t<\/div>\n\t\t<div class=\"elementor-element elementor-element-7eb5624 e-con-full e-flex wpr-particle-no wpr-jarallax-no wpr-parallax-no wpr-sticky-section-no e-con e-child\" data-id=\"7eb5624\" data-element_type=\"container\" data-e-type=\"container\">\n\t\t\t\t<div class=\"elementor-element elementor-element-90e2110 elementor-widget elementor-widget-html\" data-id=\"90e2110\" data-element_type=\"widget\" data-e-type=\"widget\" data-widget_type=\"html.default\">\n\t\t\t\t<div class=\"elementor-widget-container\">\n\t\t\t\t\t<div class=\"pipedriveWebForms\" data-pd-webforms=\"https:\/\/webforms.pipedrive.com\/f\/64JrMPLe28PdKnDTXr1O8EKFAzEXWFZc8FK6mWmzBOnsIq871tvACYA1X6B4kK2gXp\"><script src=\"https:\/\/webforms.pipedrive.com\/f\/loader\"><\/script><\/div>\t\t\t\t<\/div>\n\t\t\t\t<\/div>\n\t\t\t\t<\/div>\n\t\t\t\t\t<\/div>\n\t\t\t\t<\/div>\n\t\t<div class=\"elementor-element elementor-element-862e1ab e-flex e-con-boxed wpr-particle-no wpr-jarallax-no wpr-parallax-no wpr-sticky-section-no e-con e-parent\" data-id=\"862e1ab\" data-element_type=\"container\" data-e-type=\"container\">\n\t\t\t\t\t<div class=\"e-con-inner\">\n\t\t\t\t<div class=\"elementor-element elementor-element-419363e elementor-widget elementor-widget-image\" data-id=\"419363e\" data-element_type=\"widget\" data-e-type=\"widget\" data-widget_type=\"image.default\">\n\t\t\t\t<div class=\"elementor-widget-container\">\n\t\t\t\t\t\t\t\t\t\t\t\t\t\t\t<img fetchpriority=\"high\" decoding=\"async\" width=\"800\" height=\"533\" src=\"https:\/\/optimix-software.com\/wp-content\/uploads\/photo-collaborateurs-Optimix-1200x800.webp\" class=\"attachment-large size-large wp-image-35272\" alt=\"\" srcset=\"https:\/\/optimix-software.com\/wp-content\/uploads\/photo-collaborateurs-Optimix-1200x800.webp 1200w, https:\/\/optimix-software.com\/wp-content\/uploads\/photo-collaborateurs-Optimix-900x600.webp 900w, https:\/\/optimix-software.com\/wp-content\/uploads\/photo-collaborateurs-Optimix-768x512.webp 768w, https:\/\/optimix-software.com\/wp-content\/uploads\/photo-collaborateurs-Optimix.webp 1500w\" sizes=\"(max-width: 800px) 100vw, 800px\" \/>\t\t\t\t\t\t\t\t\t\t\t\t\t\t\t<\/div>\n\t\t\t\t<\/div>\n\t\t\t\t\t<\/div>\n\t\t\t\t<\/div>\n\t\t\t\t<\/div>\n\t\t","protected":false},"excerpt":{"rendered":"<p>Kommen Sie zu Optimix, einem innovativen Softwareentwickler f\u00fcr Pricing und Supply Chain. Senden Sie Ihren Lebenslauf f\u00fcr spannende M\u00f6glichkeiten und gestalten Sie die Zukunft mit uns! <\/p>\n","protected":false},"author":16,"featured_media":0,"parent":0,"menu_order":0,"comment_status":"closed","ping_status":"closed","template":"","meta":{"_eb_attr":"","content-type":"","footnotes":""},"class_list":["post-67504","page","type-page","status-publish","hentry"],"yoast_head":"<!-- This site is optimized with the Yoast SEO Premium plugin v22.8 (Yoast SEO v27.2) - https:\/\/yoast.com\/product\/yoast-seo-premium-wordpress\/ -->\n<title>Projektmanager - Optimix Solutions<\/title>\n<meta name=\"description\" content=\"Kommen Sie zu Optimix, dem Herausgeber von innovativer Software f\u00fcr Pricing und Supply Chain. Bewerben Sie sich initiativ und senden Sie Ihren Lebenslauf f\u00fcr spannende M\u00f6glichkeiten!\" \/>\n<meta name=\"robots\" content=\"index, follow, max-snippet:-1, max-image-preview:large, max-video-preview:-1\" \/>\n<link rel=\"canonical\" href=\"https:\/\/optimix-software.com\/de\/projektmanager-pricing\/\" \/>\n<meta property=\"og:locale\" content=\"de_DE\" \/>\n<meta property=\"og:type\" content=\"article\" \/>\n<meta property=\"og:title\" content=\"Projektmanager Pricing\" \/>\n<meta property=\"og:description\" content=\"Kommen Sie zu Optimix, dem Herausgeber von innovativer Software f\u00fcr Pricing und Supply Chain. Bewerben Sie sich initiativ und senden Sie Ihren Lebenslauf f\u00fcr spannende M\u00f6glichkeiten!\" \/>\n<meta property=\"og:url\" content=\"https:\/\/optimix-software.com\/de\/projektmanager-pricing\/\" \/>\n<meta property=\"og:site_name\" content=\"Optimix Solutions\" \/>\n<meta property=\"article:modified_time\" content=\"2026-01-27T16:02:39+00:00\" \/>\n<meta property=\"og:image\" content=\"https:\/\/optimix.fr\/wp-content\/uploads\/clubpricing3-copie.webp\" \/>\n<meta name=\"twitter:card\" content=\"summary_large_image\" \/>\n<meta name=\"twitter:label1\" content=\"Gesch\u00e4tzte Lesezeit\" \/>\n\t<meta name=\"twitter:data1\" content=\"1\u00a0Minute\" \/>\n<script type=\"application\/ld+json\" class=\"yoast-schema-graph\">{\"@context\":\"https:\/\/schema.org\",\"@graph\":[{\"@type\":\"WebPage\",\"@id\":\"https:\/\/optimix-software.com\/de\/projektmanager-pricing\/\",\"url\":\"https:\/\/optimix-software.com\/de\/projektmanager-pricing\/\",\"name\":\"Projektmanager - Optimix Solutions\",\"isPartOf\":{\"@id\":\"https:\/\/optimix-software.com\/de\/#website\"},\"primaryImageOfPage\":{\"@id\":\"https:\/\/optimix-software.com\/de\/projektmanager-pricing\/#primaryimage\"},\"image\":{\"@id\":\"https:\/\/optimix-software.com\/de\/projektmanager-pricing\/#primaryimage\"},\"thumbnailUrl\":\"https:\/\/optimix-software.com\/wp-content\/uploads\/photo-collaborateurs-Optimix-1200x800.webp\",\"datePublished\":\"2026-01-27T15:54:10+00:00\",\"dateModified\":\"2026-01-27T16:02:39+00:00\",\"description\":\"Kommen Sie zu Optimix, dem Herausgeber von innovativer Software f\u00fcr Pricing und Supply Chain. Bewerben Sie sich initiativ und senden Sie Ihren Lebenslauf f\u00fcr spannende M\u00f6glichkeiten!\",\"breadcrumb\":{\"@id\":\"https:\/\/optimix-software.com\/de\/projektmanager-pricing\/#breadcrumb\"},\"inLanguage\":\"de\",\"potentialAction\":[{\"@type\":\"ReadAction\",\"target\":[\"https:\/\/optimix-software.com\/de\/projektmanager-pricing\/\"]}]},{\"@type\":\"ImageObject\",\"inLanguage\":\"de\",\"@id\":\"https:\/\/optimix-software.com\/de\/projektmanager-pricing\/#primaryimage\",\"url\":\"https:\/\/optimix-software.com\/wp-content\/uploads\/photo-collaborateurs-Optimix-1200x800.webp\",\"contentUrl\":\"https:\/\/optimix-software.com\/wp-content\/uploads\/photo-collaborateurs-Optimix-1200x800.webp\"},{\"@type\":\"BreadcrumbList\",\"@id\":\"https:\/\/optimix-software.com\/de\/projektmanager-pricing\/#breadcrumb\",\"itemListElement\":[{\"@type\":\"ListItem\",\"position\":1,\"name\":\"Startseite\",\"item\":\"https:\/\/optimix-software.com\/de\/\"},{\"@type\":\"ListItem\",\"position\":2,\"name\":\"Projektmanager Pricing\"}]},{\"@type\":\"WebSite\",\"@id\":\"https:\/\/optimix-software.com\/de\/#website\",\"url\":\"https:\/\/optimix-software.com\/de\/\",\"name\":\"Optimix Solutions\",\"description\":\"Preis- und Lieferkettenl\u00f6sungen f\u00fcr den Einzelhandel\",\"publisher\":{\"@id\":\"https:\/\/optimix-software.com\/de\/#organization\"},\"potentialAction\":[{\"@type\":\"SearchAction\",\"target\":{\"@type\":\"EntryPoint\",\"urlTemplate\":\"https:\/\/optimix-software.com\/de\/?s={search_term_string}\"},\"query-input\":{\"@type\":\"PropertyValueSpecification\",\"valueRequired\":true,\"valueName\":\"search_term_string\"}}],\"inLanguage\":\"de\"},{\"@type\":\"Organization\",\"@id\":\"https:\/\/optimix-software.com\/de\/#organization\",\"name\":\"Optimix Software\",\"url\":\"https:\/\/optimix-software.com\/de\/\",\"logo\":{\"@type\":\"ImageObject\",\"inLanguage\":\"de\",\"@id\":\"https:\/\/optimix-software.com\/de\/#\/schema\/logo\/image\/\",\"url\":\"https:\/\/optimix-software.com\/wp-content\/uploads\/logo-carre-optimix-RETAIL-PERFORMANCE-SOFTWARE.jpg\",\"contentUrl\":\"https:\/\/optimix-software.com\/wp-content\/uploads\/logo-carre-optimix-RETAIL-PERFORMANCE-SOFTWARE.jpg\",\"width\":2001,\"height\":2001,\"caption\":\"Optimix Software\"},\"image\":{\"@id\":\"https:\/\/optimix-software.com\/de\/#\/schema\/logo\/image\/\"},\"sameAs\":[\"https:\/\/www.linkedin.com\/company\/optimix-ffr\/\"]}]}<\/script>\n<!-- \/ Yoast SEO Premium plugin. -->","yoast_head_json":{"title":"Projektmanager - Optimix Solutions","description":"Kommen Sie zu Optimix, dem Herausgeber von innovativer Software f\u00fcr Pricing und Supply Chain. Bewerben Sie sich initiativ und senden Sie Ihren Lebenslauf f\u00fcr spannende M\u00f6glichkeiten!","robots":{"index":"index","follow":"follow","max-snippet":"max-snippet:-1","max-image-preview":"max-image-preview:large","max-video-preview":"max-video-preview:-1"},"canonical":"https:\/\/optimix-software.com\/de\/projektmanager-pricing\/","og_locale":"de_DE","og_type":"article","og_title":"Projektmanager Pricing","og_description":"Kommen Sie zu Optimix, dem Herausgeber von innovativer Software f\u00fcr Pricing und Supply Chain. Bewerben Sie sich initiativ und senden Sie Ihren Lebenslauf f\u00fcr spannende M\u00f6glichkeiten!","og_url":"https:\/\/optimix-software.com\/de\/projektmanager-pricing\/","og_site_name":"Optimix Solutions","article_modified_time":"2026-01-27T16:02:39+00:00","og_image":[{"url":"https:\/\/optimix.fr\/wp-content\/uploads\/clubpricing3-copie.webp","type":"","width":"","height":""}],"twitter_card":"summary_large_image","twitter_misc":{"Gesch\u00e4tzte Lesezeit":"1\u00a0Minute"},"schema":{"@context":"https:\/\/schema.org","@graph":[{"@type":"WebPage","@id":"https:\/\/optimix-software.com\/de\/projektmanager-pricing\/","url":"https:\/\/optimix-software.com\/de\/projektmanager-pricing\/","name":"Projektmanager - Optimix Solutions","isPartOf":{"@id":"https:\/\/optimix-software.com\/de\/#website"},"primaryImageOfPage":{"@id":"https:\/\/optimix-software.com\/de\/projektmanager-pricing\/#primaryimage"},"image":{"@id":"https:\/\/optimix-software.com\/de\/projektmanager-pricing\/#primaryimage"},"thumbnailUrl":"https:\/\/optimix-software.com\/wp-content\/uploads\/photo-collaborateurs-Optimix-1200x800.webp","datePublished":"2026-01-27T15:54:10+00:00","dateModified":"2026-01-27T16:02:39+00:00","description":"Kommen Sie zu Optimix, dem Herausgeber von innovativer Software f\u00fcr Pricing und Supply Chain. Bewerben Sie sich initiativ und senden Sie Ihren Lebenslauf f\u00fcr spannende M\u00f6glichkeiten!","breadcrumb":{"@id":"https:\/\/optimix-software.com\/de\/projektmanager-pricing\/#breadcrumb"},"inLanguage":"de","potentialAction":[{"@type":"ReadAction","target":["https:\/\/optimix-software.com\/de\/projektmanager-pricing\/"]}]},{"@type":"ImageObject","inLanguage":"de","@id":"https:\/\/optimix-software.com\/de\/projektmanager-pricing\/#primaryimage","url":"https:\/\/optimix-software.com\/wp-content\/uploads\/photo-collaborateurs-Optimix-1200x800.webp","contentUrl":"https:\/\/optimix-software.com\/wp-content\/uploads\/photo-collaborateurs-Optimix-1200x800.webp"},{"@type":"BreadcrumbList","@id":"https:\/\/optimix-software.com\/de\/projektmanager-pricing\/#breadcrumb","itemListElement":[{"@type":"ListItem","position":1,"name":"Startseite","item":"https:\/\/optimix-software.com\/de\/"},{"@type":"ListItem","position":2,"name":"Projektmanager Pricing"}]},{"@type":"WebSite","@id":"https:\/\/optimix-software.com\/de\/#website","url":"https:\/\/optimix-software.com\/de\/","name":"Optimix Solutions","description":"Preis- und Lieferkettenl\u00f6sungen f\u00fcr den Einzelhandel","publisher":{"@id":"https:\/\/optimix-software.com\/de\/#organization"},"potentialAction":[{"@type":"SearchAction","target":{"@type":"EntryPoint","urlTemplate":"https:\/\/optimix-software.com\/de\/?s={search_term_string}"},"query-input":{"@type":"PropertyValueSpecification","valueRequired":true,"valueName":"search_term_string"}}],"inLanguage":"de"},{"@type":"Organization","@id":"https:\/\/optimix-software.com\/de\/#organization","name":"Optimix Software","url":"https:\/\/optimix-software.com\/de\/","logo":{"@type":"ImageObject","inLanguage":"de","@id":"https:\/\/optimix-software.com\/de\/#\/schema\/logo\/image\/","url":"https:\/\/optimix-software.com\/wp-content\/uploads\/logo-carre-optimix-RETAIL-PERFORMANCE-SOFTWARE.jpg","contentUrl":"https:\/\/optimix-software.com\/wp-content\/uploads\/logo-carre-optimix-RETAIL-PERFORMANCE-SOFTWARE.jpg","width":2001,"height":2001,"caption":"Optimix Software"},"image":{"@id":"https:\/\/optimix-software.com\/de\/#\/schema\/logo\/image\/"},"sameAs":["https:\/\/www.linkedin.com\/company\/optimix-ffr\/"]}]}},"_links":{"self":[{"href":"https:\/\/optimix-software.com\/de\/wp-json\/wp\/v2\/pages\/67504","targetHints":{"allow":["GET"]}}],"collection":[{"href":"https:\/\/optimix-software.com\/de\/wp-json\/wp\/v2\/pages"}],"about":[{"href":"https:\/\/optimix-software.com\/de\/wp-json\/wp\/v2\/types\/page"}],"author":[{"embeddable":true,"href":"https:\/\/optimix-software.com\/de\/wp-json\/wp\/v2\/users\/16"}],"replies":[{"embeddable":true,"href":"https:\/\/optimix-software.com\/de\/wp-json\/wp\/v2\/comments?post=67504"}],"version-history":[{"count":0,"href":"https:\/\/optimix-software.com\/de\/wp-json\/wp\/v2\/pages\/67504\/revisions"}],"wp:attachment":[{"href":"https:\/\/optimix-software.com\/de\/wp-json\/wp\/v2\/media?parent=67504"}],"curies":[{"name":"wp","href":"https:\/\/api.w.org\/{rel}","templated":true}]}}