{"id":11858,"date":"2023-08-04T19:03:19","date_gmt":"2023-08-04T17:03:19","guid":{"rendered":"https:\/\/optimix.fr\/?page_id=11858"},"modified":"2025-06-24T20:02:11","modified_gmt":"2025-06-24T18:02:11","slug":"demo-logiciel-xfr","status":"publish","type":"page","link":"https:\/\/optimix-software.com\/fr\/demo-logiciel-xfr\/","title":{"rendered":"D\u00e9mo Solution Supply Chain APS"},"content":{"rendered":"\t\t<div data-elementor-type=\"wp-page\" data-elementor-id=\"11858\" class=\"elementor elementor-11858\" data-elementor-post-type=\"page\">\n\t\t\t\t<div class=\"elementor-element elementor-element-71ca8177 e-flex e-con-boxed wpr-particle-no wpr-jarallax-no wpr-parallax-no wpr-sticky-section-no e-con e-parent\" data-id=\"71ca8177\" data-element_type=\"container\" data-e-type=\"container\">\n\t\t\t\t\t<div class=\"e-con-inner\">\n\t\t<div class=\"elementor-element elementor-element-4846d75a e-con-full e-flex wpr-particle-no wpr-jarallax-no wpr-parallax-no wpr-sticky-section-no e-con e-child\" data-id=\"4846d75a\" data-element_type=\"container\" data-e-type=\"container\">\n\t\t\t\t<div class=\"elementor-element elementor-element-caa1305 elementor-widget elementor-widget-heading\" data-id=\"caa1305\" data-element_type=\"widget\" data-e-type=\"widget\" data-widget_type=\"heading.default\">\n\t\t\t\t<div class=\"elementor-widget-container\">\n\t\t\t\t\t<p class=\"elementor-heading-title elementor-size-default\">Vous avez un projet Supply Chain ?<\/p>\t\t\t\t<\/div>\n\t\t\t\t<\/div>\n\t\t\t\t<div class=\"elementor-element elementor-element-3244182 elementor-widget elementor-widget-text-editor\" data-id=\"3244182\" data-element_type=\"widget\" data-e-type=\"widget\" data-widget_type=\"text-editor.default\">\n\t\t\t\t<div class=\"elementor-widget-container\">\n\t\t\t\t\t\t\t\t\t<p>Nos chefs de projets et consultants m\u00e9tiers sont \u00e0 votre \u00e9coute pour r\u00e9pondre \u00e0 vos questions et identifier les solutions les mieux adapt\u00e9es \u00e0 vos enjeux.\u00a0\u00a0<\/p><p>Une fois le formulaire transmis, nous vous proposons un \u00e9change de 30 &#8211; 45 min pour identifier vos challenges et difficult\u00e9s auxquelles vous \u00eates confront\u00e9s.\u00a0<\/p><p>Ce 1er RDV nous permettra de mieux orienter nos recommandations et de maximiser la valeur de nos futurs \u00e9changes.<\/p>\t\t\t\t\t\t\t\t<\/div>\n\t\t\t\t<\/div>\n\t\t\t\t<div class=\"elementor-element elementor-element-99f6edd elementor-widget elementor-widget-image\" data-id=\"99f6edd\" data-element_type=\"widget\" data-e-type=\"widget\" data-widget_type=\"image.default\">\n\t\t\t\t<div class=\"elementor-widget-container\">\n\t\t\t\t\t\t\t\t\t\t\t\t\t\t\t<img fetchpriority=\"high\" decoding=\"async\" width=\"800\" height=\"451\" src=\"https:\/\/optimix-software.com\/wp-content\/uploads\/Workflow-XFR-new-copie-2000x1127.jpg\" class=\"attachment-large size-large wp-image-17066\" alt=\"\" srcset=\"https:\/\/optimix-software.com\/wp-content\/uploads\/Workflow-XFR-new-copie-2000x1127.jpg 2000w, https:\/\/optimix-software.com\/wp-content\/uploads\/Workflow-XFR-new-copie-600x338.jpg 600w, https:\/\/optimix-software.com\/wp-content\/uploads\/Workflow-XFR-new-copie-768x433.jpg 768w, https:\/\/optimix-software.com\/wp-content\/uploads\/Workflow-XFR-new-copie-1536x865.jpg 1536w, https:\/\/optimix-software.com\/wp-content\/uploads\/Workflow-XFR-new-copie-2048x1154.jpg 2048w\" sizes=\"(max-width: 800px) 100vw, 800px\" \/>\t\t\t\t\t\t\t\t\t\t\t\t\t\t\t<\/div>\n\t\t\t\t<\/div>\n\t\t\t\t<\/div>\n\t\t<div class=\"elementor-element elementor-element-478ff3eb e-con-full e-flex wpr-particle-no wpr-jarallax-no wpr-parallax-no wpr-sticky-section-no e-con e-child\" data-id=\"478ff3eb\" data-element_type=\"container\" data-e-type=\"container\">\n\t\t\t\t<div class=\"elementor-element elementor-element-ea8f820 elementor-widget elementor-widget-html\" data-id=\"ea8f820\" data-element_type=\"widget\" data-e-type=\"widget\" data-widget_type=\"html.default\">\n\t\t\t\t<div class=\"elementor-widget-container\">\n\t\t\t\t\t<script charset=\"utf-8\" type=\"text\/javascript\" src=\"\/\/js-eu1.hsforms.net\/forms\/embed\/v2.js\"><\/script>\n<script>\n  hbspt.forms.create({\n    portalId: \"144414462\",\n    formId: \"0fd80a8c-89ec-4ccd-9738-12eb20e00d23\"\n  });\n<\/script>\t\t\t\t<\/div>\n\t\t\t\t<\/div>\n\t\t\t\t<\/div>\n\t\t\t\t\t<\/div>\n\t\t\t\t<\/div>\n\t\t\t\t<\/div>\n\t\t","protected":false},"excerpt":{"rendered":"<p>Vous avez un projet Supply Chain ? Nos chefs de projets et consultants m\u00e9tiers sont \u00e0 votre \u00e9coute pour r\u00e9pondre \u00e0 vos questions et identifier les solutions les mieux adapt\u00e9es \u00e0 vos enjeux.\u00a0\u00a0 Une fois le formulaire transmis, nous vous proposons un \u00e9change de 30 &#8211; 45 min pour identifier vos challenges et difficult\u00e9s auxquelles vous \u00eates confront\u00e9s.\u00a0 Ce 1er RDV nous permettra de mieux orienter nos recommandations et de maximiser la valeur de nos futurs \u00e9changes.<\/p>\n","protected":false},"author":16,"featured_media":0,"parent":0,"menu_order":0,"comment_status":"closed","ping_status":"closed","template":"","meta":{"_eb_attr":"","content-type":"","footnotes":""},"class_list":["post-11858","page","type-page","status-publish","hentry"],"yoast_head":"<!-- This site is optimized with the Yoast SEO Premium plugin v22.8 (Yoast SEO v27.2) - https:\/\/yoast.com\/product\/yoast-seo-premium-wordpress\/ -->\n<title>D\u00e9mo solution Supply Chain APS - Optimix XFR<\/title>\n<meta name=\"description\" content=\"D\u00e9mo solution Supply Chain APS. Nos experts m\u00e9tiers et consultants sp\u00e9cialis\u00e9s sont \u00e0 votre \u00e9coute pour r\u00e9pondre \u00e0 vos questions et identifier les solutions les mieux adapt\u00e9es \u00e0 vos enjeux.\" \/>\n<meta name=\"robots\" content=\"index, follow, max-snippet:-1, max-image-preview:large, max-video-preview:-1\" \/>\n<link rel=\"canonical\" href=\"https:\/\/optimix-software.com\/fr\/demo-logiciel-xfr\/\" \/>\n<meta property=\"og:locale\" content=\"fr_FR\" \/>\n<meta property=\"og:type\" content=\"article\" \/>\n<meta property=\"og:title\" content=\"D\u00e9mo Solution Supply Chain APS\" \/>\n<meta property=\"og:description\" content=\"D\u00e9mo solution Supply Chain APS. Nos experts m\u00e9tiers et consultants sp\u00e9cialis\u00e9s sont \u00e0 votre \u00e9coute pour r\u00e9pondre \u00e0 vos questions et identifier les solutions les mieux adapt\u00e9es \u00e0 vos enjeux.\" \/>\n<meta property=\"og:url\" content=\"https:\/\/optimix-software.com\/fr\/demo-logiciel-xfr\/\" \/>\n<meta property=\"og:site_name\" content=\"Optimix Solutions\" \/>\n<meta property=\"article:modified_time\" content=\"2025-06-24T18:02:11+00:00\" \/>\n<meta property=\"og:image\" content=\"https:\/\/optimix-software.com\/wp-content\/uploads\/Workflow-XFR-new-copie-scaled.jpg\" \/>\n\t<meta property=\"og:image:width\" content=\"2560\" \/>\n\t<meta property=\"og:image:height\" content=\"1442\" \/>\n\t<meta property=\"og:image:type\" content=\"image\/jpeg\" \/>\n<meta name=\"twitter:card\" content=\"summary_large_image\" \/>\n<meta name=\"twitter:label1\" content=\"Dur\u00e9e de lecture estim\u00e9e\" \/>\n\t<meta name=\"twitter:data1\" content=\"1 minute\" \/>\n<script type=\"application\/ld+json\" class=\"yoast-schema-graph\">{\"@context\":\"https:\/\/schema.org\",\"@graph\":[{\"@type\":\"WebPage\",\"@id\":\"https:\/\/optimix-software.com\/fr\/demo-logiciel-xfr\/\",\"url\":\"https:\/\/optimix-software.com\/fr\/demo-logiciel-xfr\/\",\"name\":\"D\u00e9mo solution Supply Chain APS - Optimix XFR\",\"isPartOf\":{\"@id\":\"https:\/\/optimix-software.com\/fr\/#website\"},\"primaryImageOfPage\":{\"@id\":\"https:\/\/optimix-software.com\/fr\/demo-logiciel-xfr\/#primaryimage\"},\"image\":{\"@id\":\"https:\/\/optimix-software.com\/fr\/demo-logiciel-xfr\/#primaryimage\"},\"thumbnailUrl\":\"https:\/\/optimix-software.com\/wp-content\/uploads\/Workflow-XFR-new-copie-2000x1127.jpg\",\"datePublished\":\"2023-08-04T17:03:19+00:00\",\"dateModified\":\"2025-06-24T18:02:11+00:00\",\"description\":\"D\u00e9mo solution Supply Chain APS. Nos experts m\u00e9tiers et consultants sp\u00e9cialis\u00e9s sont \u00e0 votre \u00e9coute pour r\u00e9pondre \u00e0 vos questions et identifier les solutions les mieux adapt\u00e9es \u00e0 vos enjeux.\",\"breadcrumb\":{\"@id\":\"https:\/\/optimix-software.com\/fr\/demo-logiciel-xfr\/#breadcrumb\"},\"inLanguage\":\"fr-FR\",\"potentialAction\":[{\"@type\":\"ReadAction\",\"target\":[\"https:\/\/optimix-software.com\/fr\/demo-logiciel-xfr\/\"]}]},{\"@type\":\"ImageObject\",\"inLanguage\":\"fr-FR\",\"@id\":\"https:\/\/optimix-software.com\/fr\/demo-logiciel-xfr\/#primaryimage\",\"url\":\"https:\/\/optimix-software.com\/wp-content\/uploads\/Workflow-XFR-new-copie-2000x1127.jpg\",\"contentUrl\":\"https:\/\/optimix-software.com\/wp-content\/uploads\/Workflow-XFR-new-copie-2000x1127.jpg\"},{\"@type\":\"BreadcrumbList\",\"@id\":\"https:\/\/optimix-software.com\/fr\/demo-logiciel-xfr\/#breadcrumb\",\"itemListElement\":[{\"@type\":\"ListItem\",\"position\":1,\"name\":\"Accueil\",\"item\":\"https:\/\/optimix-software.com\/fr\/\"},{\"@type\":\"ListItem\",\"position\":2,\"name\":\"D\u00e9mo Solution Supply Chain APS\"}]},{\"@type\":\"WebSite\",\"@id\":\"https:\/\/optimix-software.com\/fr\/#website\",\"url\":\"https:\/\/optimix-software.com\/fr\/\",\"name\":\"Optimix Solutions\",\"description\":\"Editeur de solutions de Pricing et Supply Chain\",\"publisher\":{\"@id\":\"https:\/\/optimix-software.com\/fr\/#organization\"},\"potentialAction\":[{\"@type\":\"SearchAction\",\"target\":{\"@type\":\"EntryPoint\",\"urlTemplate\":\"https:\/\/optimix-software.com\/fr\/?s={search_term_string}\"},\"query-input\":{\"@type\":\"PropertyValueSpecification\",\"valueRequired\":true,\"valueName\":\"search_term_string\"}}],\"inLanguage\":\"fr-FR\"},{\"@type\":\"Organization\",\"@id\":\"https:\/\/optimix-software.com\/fr\/#organization\",\"name\":\"Optimix Software\",\"url\":\"https:\/\/optimix-software.com\/fr\/\",\"logo\":{\"@type\":\"ImageObject\",\"inLanguage\":\"fr-FR\",\"@id\":\"https:\/\/optimix-software.com\/fr\/#\/schema\/logo\/image\/\",\"url\":\"https:\/\/optimix-software.com\/wp-content\/uploads\/logo-carre-optimix-RETAIL-PERFORMANCE-SOFTWARE.jpg\",\"contentUrl\":\"https:\/\/optimix-software.com\/wp-content\/uploads\/logo-carre-optimix-RETAIL-PERFORMANCE-SOFTWARE.jpg\",\"width\":2001,\"height\":2001,\"caption\":\"Optimix Software\"},\"image\":{\"@id\":\"https:\/\/optimix-software.com\/fr\/#\/schema\/logo\/image\/\"},\"sameAs\":[\"https:\/\/www.linkedin.com\/company\/optimix-ffr\/\"]}]}<\/script>\n<!-- \/ Yoast SEO Premium plugin. -->","yoast_head_json":{"title":"D\u00e9mo solution Supply Chain APS - Optimix XFR","description":"D\u00e9mo solution Supply Chain APS. Nos experts m\u00e9tiers et consultants sp\u00e9cialis\u00e9s sont \u00e0 votre \u00e9coute pour r\u00e9pondre \u00e0 vos questions et identifier les solutions les mieux adapt\u00e9es \u00e0 vos enjeux.","robots":{"index":"index","follow":"follow","max-snippet":"max-snippet:-1","max-image-preview":"max-image-preview:large","max-video-preview":"max-video-preview:-1"},"canonical":"https:\/\/optimix-software.com\/fr\/demo-logiciel-xfr\/","og_locale":"fr_FR","og_type":"article","og_title":"D\u00e9mo Solution Supply Chain APS","og_description":"D\u00e9mo solution Supply Chain APS. Nos experts m\u00e9tiers et consultants sp\u00e9cialis\u00e9s sont \u00e0 votre \u00e9coute pour r\u00e9pondre \u00e0 vos questions et identifier les solutions les mieux adapt\u00e9es \u00e0 vos enjeux.","og_url":"https:\/\/optimix-software.com\/fr\/demo-logiciel-xfr\/","og_site_name":"Optimix Solutions","article_modified_time":"2025-06-24T18:02:11+00:00","og_image":[{"width":2560,"height":1442,"url":"https:\/\/optimix-software.com\/wp-content\/uploads\/Workflow-XFR-new-copie-scaled.jpg","type":"image\/jpeg"}],"twitter_card":"summary_large_image","twitter_misc":{"Dur\u00e9e de lecture estim\u00e9e":"1 minute"},"schema":{"@context":"https:\/\/schema.org","@graph":[{"@type":"WebPage","@id":"https:\/\/optimix-software.com\/fr\/demo-logiciel-xfr\/","url":"https:\/\/optimix-software.com\/fr\/demo-logiciel-xfr\/","name":"D\u00e9mo solution Supply Chain APS - Optimix XFR","isPartOf":{"@id":"https:\/\/optimix-software.com\/fr\/#website"},"primaryImageOfPage":{"@id":"https:\/\/optimix-software.com\/fr\/demo-logiciel-xfr\/#primaryimage"},"image":{"@id":"https:\/\/optimix-software.com\/fr\/demo-logiciel-xfr\/#primaryimage"},"thumbnailUrl":"https:\/\/optimix-software.com\/wp-content\/uploads\/Workflow-XFR-new-copie-2000x1127.jpg","datePublished":"2023-08-04T17:03:19+00:00","dateModified":"2025-06-24T18:02:11+00:00","description":"D\u00e9mo solution Supply Chain APS. Nos experts m\u00e9tiers et consultants sp\u00e9cialis\u00e9s sont \u00e0 votre \u00e9coute pour r\u00e9pondre \u00e0 vos questions et identifier les solutions les mieux adapt\u00e9es \u00e0 vos enjeux.","breadcrumb":{"@id":"https:\/\/optimix-software.com\/fr\/demo-logiciel-xfr\/#breadcrumb"},"inLanguage":"fr-FR","potentialAction":[{"@type":"ReadAction","target":["https:\/\/optimix-software.com\/fr\/demo-logiciel-xfr\/"]}]},{"@type":"ImageObject","inLanguage":"fr-FR","@id":"https:\/\/optimix-software.com\/fr\/demo-logiciel-xfr\/#primaryimage","url":"https:\/\/optimix-software.com\/wp-content\/uploads\/Workflow-XFR-new-copie-2000x1127.jpg","contentUrl":"https:\/\/optimix-software.com\/wp-content\/uploads\/Workflow-XFR-new-copie-2000x1127.jpg"},{"@type":"BreadcrumbList","@id":"https:\/\/optimix-software.com\/fr\/demo-logiciel-xfr\/#breadcrumb","itemListElement":[{"@type":"ListItem","position":1,"name":"Accueil","item":"https:\/\/optimix-software.com\/fr\/"},{"@type":"ListItem","position":2,"name":"D\u00e9mo Solution Supply Chain APS"}]},{"@type":"WebSite","@id":"https:\/\/optimix-software.com\/fr\/#website","url":"https:\/\/optimix-software.com\/fr\/","name":"Optimix Solutions","description":"Editeur de solutions de Pricing et Supply Chain","publisher":{"@id":"https:\/\/optimix-software.com\/fr\/#organization"},"potentialAction":[{"@type":"SearchAction","target":{"@type":"EntryPoint","urlTemplate":"https:\/\/optimix-software.com\/fr\/?s={search_term_string}"},"query-input":{"@type":"PropertyValueSpecification","valueRequired":true,"valueName":"search_term_string"}}],"inLanguage":"fr-FR"},{"@type":"Organization","@id":"https:\/\/optimix-software.com\/fr\/#organization","name":"Optimix Software","url":"https:\/\/optimix-software.com\/fr\/","logo":{"@type":"ImageObject","inLanguage":"fr-FR","@id":"https:\/\/optimix-software.com\/fr\/#\/schema\/logo\/image\/","url":"https:\/\/optimix-software.com\/wp-content\/uploads\/logo-carre-optimix-RETAIL-PERFORMANCE-SOFTWARE.jpg","contentUrl":"https:\/\/optimix-software.com\/wp-content\/uploads\/logo-carre-optimix-RETAIL-PERFORMANCE-SOFTWARE.jpg","width":2001,"height":2001,"caption":"Optimix Software"},"image":{"@id":"https:\/\/optimix-software.com\/fr\/#\/schema\/logo\/image\/"},"sameAs":["https:\/\/www.linkedin.com\/company\/optimix-ffr\/"]}]}},"_links":{"self":[{"href":"https:\/\/optimix-software.com\/fr\/wp-json\/wp\/v2\/pages\/11858","targetHints":{"allow":["GET"]}}],"collection":[{"href":"https:\/\/optimix-software.com\/fr\/wp-json\/wp\/v2\/pages"}],"about":[{"href":"https:\/\/optimix-software.com\/fr\/wp-json\/wp\/v2\/types\/page"}],"author":[{"embeddable":true,"href":"https:\/\/optimix-software.com\/fr\/wp-json\/wp\/v2\/users\/16"}],"replies":[{"embeddable":true,"href":"https:\/\/optimix-software.com\/fr\/wp-json\/wp\/v2\/comments?post=11858"}],"version-history":[{"count":0,"href":"https:\/\/optimix-software.com\/fr\/wp-json\/wp\/v2\/pages\/11858\/revisions"}],"wp:attachment":[{"href":"https:\/\/optimix-software.com\/fr\/wp-json\/wp\/v2\/media?parent=11858"}],"curies":[{"name":"wp","href":"https:\/\/api.w.org\/{rel}","templated":true}]}}