{"id":12247,"date":"2023-08-07T14:18:31","date_gmt":"2023-08-07T12:18:31","guid":{"rendered":"https:\/\/optimix.fr\/?page_id=12247"},"modified":"2026-02-06T10:49:23","modified_gmt":"2026-02-06T09:49:23","slug":"mentions-legales","status":"publish","type":"page","link":"https:\/\/optimix-software.com\/fr\/mentions-legales\/","title":{"rendered":"Mentions l\u00e9gales optimiX"},"content":{"rendered":"\t\t<div data-elementor-type=\"wp-page\" data-elementor-id=\"12247\" class=\"elementor elementor-12247\" data-elementor-post-type=\"page\">\n\t\t\t\t<div class=\"elementor-element elementor-element-747516e2 e-flex e-con-boxed wpr-particle-no wpr-jarallax-no wpr-parallax-no wpr-sticky-section-no e-con e-parent\" data-id=\"747516e2\" data-element_type=\"container\" data-e-type=\"container\">\n\t\t\t\t\t<div class=\"e-con-inner\">\n\t\t\t\t<div class=\"elementor-element elementor-element-1739abfe elementor-widget__width-initial elementor-widget elementor-widget-text-editor\" data-id=\"1739abfe\" data-element_type=\"widget\" data-e-type=\"widget\" data-widget_type=\"text-editor.default\">\n\t\t\t\t<div class=\"elementor-widget-container\">\n\t\t\t\t\t\t\t\t\t<p><strong>Mentions l\u00e9gales<\/strong><\/p><p><strong>Informations juridiques.<\/strong><\/p><p>Le site Optimix Solutions\u00a0est \u00e9dit\u00e9 par :<\/p><p>Opti-mix Software, soci\u00e9t\u00e9 par actions simplifi\u00e9es, au capital de\u00a0900 000\u00a0euros, immatricul\u00e9e au registre du commerce et des soci\u00e9t\u00e9s de Lille M\u00e9tropole sous le num\u00e9ro 531\u00a0878 585.<\/p><p>Dont le si\u00e8ge social est situ\u00e9 :<br \/>Parc Europe, 340\/11, Avenue de la marne &#8211; 59700 Marcq-en-Baroeul<\/p><p>Num\u00e9ro de TVA intracommunautaire : FR26\u00a0531\u00a0878 585<\/p><p>Num\u00e9ro de t\u00e9l\u00e9phone : +33 (0) 3.20.83.23.70.<\/p><p>Courriel :\u00a0<a href=\"mailto:contact@optimix-solutions.com\">contact@optimix-solutions.com<\/a><\/p><p>Ce site est h\u00e9berg\u00e9 exclusivement sur des datacenters en France de la soci\u00e9t\u00e9 :<\/p><p><strong data-start=\"657\" data-end=\"664\">DUTIKO SAS<\/strong><br data-start=\"664\" data-end=\"667\" \/>Si\u00e8ge social: 37 Rue des Mathurins, 75008 Paris \u2013 France<\/p><p>Directeur de la publication : Monsieur Philippe VANHACK<\/p><p><strong>Ce site est prot\u00e9g\u00e9 par la propri\u00e9t\u00e9 intellectuelle.<\/strong><\/p><p>L\u2019usage de tout ou partie du site, la reproduction, transmission ou repr\u00e9sentation sur tous supports et par tous proc\u00e9d\u00e9s, est strictement interdit.<\/p><p>Les d\u00e9nominations sociales, marques et signes distinctifs reproduits sur le site sont \u00e9galement prot\u00e9g\u00e9s au titre du droit des marques. La reproduction ou la repr\u00e9sentation de tout ou partie d\u2019un des signes pr\u00e9cit\u00e9s doit faire l\u2019objet d\u2019une autorisation \u00e9crite pr\u00e9alable des titulaires des marques et signes.<\/p><p>De fa\u00e7on g\u00e9n\u00e9rale, toute reproduction ou repr\u00e9sentation non autoris\u00e9e d\u2019\u00e9l\u00e9ments du site susceptibles d\u2019\u00eatre prot\u00e9g\u00e9s par un droit de propri\u00e9t\u00e9 intellectuelle est interdite et constituerait une contrefa\u00e7on au sens des articles L335-2 et suivants du Code de la Propri\u00e9t\u00e9 Intellectuelle.<\/p><p><strong>Int\u00e9gration et d\u00e9veloppement :\u00a0<\/strong><\/p><p>(C) Optimix solutions<\/p>\t\t\t\t\t\t\t\t<\/div>\n\t\t\t\t<\/div>\n\t\t\t\t\t<\/div>\n\t\t\t\t<\/div>\n\t\t\t\t<\/div>\n\t\t","protected":false},"excerpt":{"rendered":"<p>Mentions l\u00e9gales Informations juridiques. Le site Optimix Solutions\u00a0est \u00e9dit\u00e9 par : Opti-mix Software, soci\u00e9t\u00e9 par actions simplifi\u00e9es, au capital de\u00a0900 000\u00a0euros, immatricul\u00e9e au registre du commerce et des soci\u00e9t\u00e9s de Lille M\u00e9tropole sous le num\u00e9ro 531\u00a0878 585. Dont le si\u00e8ge social est situ\u00e9 :Parc Europe, 340\/11, Avenue de la marne &#8211; 59700 Marcq-en-Baroeul Num\u00e9ro de TVA intracommunautaire : FR26\u00a0531\u00a0878 585 Num\u00e9ro de t\u00e9l\u00e9phone : +33 (0) 3.20.83.23.70. Courriel :\u00a0contact@optimix-solutions.com Ce site est h\u00e9berg\u00e9 exclusivement sur des datacenters en France de la soci\u00e9t\u00e9 : DUTIKO SASSi\u00e8ge social: 37 Rue des Mathurins, 75008 Paris \u2013 France Directeur de la publication : Monsieur Philippe VANHACK Ce site est prot\u00e9g\u00e9 par la propri\u00e9t\u00e9 intellectuelle. L\u2019usage de tout ou partie du site, la reproduction, transmission ou repr\u00e9sentation sur tous supports et par tous proc\u00e9d\u00e9s, est strictement interdit. Les d\u00e9nominations sociales, marques et signes distinctifs reproduits sur le site sont \u00e9galement prot\u00e9g\u00e9s au titre du droit des marques. La reproduction ou la repr\u00e9sentation de tout ou partie d\u2019un des signes pr\u00e9cit\u00e9s doit faire l\u2019objet d\u2019une autorisation \u00e9crite pr\u00e9alable des titulaires des marques et signes. De fa\u00e7on g\u00e9n\u00e9rale, toute reproduction ou repr\u00e9sentation non autoris\u00e9e d\u2019\u00e9l\u00e9ments du site susceptibles d\u2019\u00eatre prot\u00e9g\u00e9s par un droit de propri\u00e9t\u00e9 intellectuelle est interdite et constituerait une contrefa\u00e7on au sens des articles L335-2 et suivants du Code de la Propri\u00e9t\u00e9 Intellectuelle. Int\u00e9gration et d\u00e9veloppement :\u00a0 (C) Optimix solutions<\/p>\n","protected":false},"author":16,"featured_media":0,"parent":0,"menu_order":0,"comment_status":"closed","ping_status":"closed","template":"","meta":{"_eb_attr":"","content-type":"","footnotes":""},"class_list":["post-12247","page","type-page","status-publish","hentry"],"yoast_head":"<!-- This site is optimized with the Yoast SEO Premium plugin v22.8 (Yoast SEO v27.2) - https:\/\/yoast.com\/product\/yoast-seo-premium-wordpress\/ -->\n<title>Mentions l\u00e9gales optimiX<\/title>\n<meta name=\"description\" content=\"D\u00e9couvrez nos mentions l\u00e9gales et coordonn\u00e9es d&#039;entreprise. Num\u00e9ro de t\u00e9l\u00e9phone, SIRET, statut etc...\" \/>\n<meta name=\"robots\" content=\"index, follow, max-snippet:-1, max-image-preview:large, max-video-preview:-1\" \/>\n<link rel=\"canonical\" href=\"https:\/\/optimix-software.com\/fr\/mentions-legales\/\" \/>\n<meta property=\"og:locale\" content=\"fr_FR\" \/>\n<meta property=\"og:type\" content=\"article\" \/>\n<meta property=\"og:title\" content=\"Mentions l\u00e9gales optimiX\" \/>\n<meta property=\"og:description\" content=\"D\u00e9couvrez nos mentions l\u00e9gales et coordonn\u00e9es d&#039;entreprise. Num\u00e9ro de t\u00e9l\u00e9phone, SIRET, statut etc...\" \/>\n<meta property=\"og:url\" content=\"https:\/\/optimix-software.com\/fr\/mentions-legales\/\" \/>\n<meta property=\"og:site_name\" content=\"Optimix Solutions\" \/>\n<meta property=\"article:modified_time\" content=\"2026-02-06T09:49:23+00:00\" \/>\n<meta property=\"og:image\" content=\"https:\/\/optimix-software.com\/wp-content\/uploads\/logo-optimix-yoast.png\" \/>\n\t<meta property=\"og:image:width\" content=\"1200\" \/>\n\t<meta property=\"og:image:height\" content=\"675\" \/>\n\t<meta property=\"og:image:type\" content=\"image\/png\" \/>\n<meta name=\"twitter:card\" content=\"summary_large_image\" \/>\n<meta name=\"twitter:label1\" content=\"Dur\u00e9e de lecture estim\u00e9e\" \/>\n\t<meta name=\"twitter:data1\" content=\"2 minutes\" \/>\n<script type=\"application\/ld+json\" class=\"yoast-schema-graph\">{\"@context\":\"https:\/\/schema.org\",\"@graph\":[{\"@type\":\"WebPage\",\"@id\":\"https:\/\/optimix-software.com\/fr\/mentions-legales\/\",\"url\":\"https:\/\/optimix-software.com\/fr\/mentions-legales\/\",\"name\":\"Mentions l\u00e9gales optimiX\",\"isPartOf\":{\"@id\":\"https:\/\/optimix-software.com\/fr\/#website\"},\"datePublished\":\"2023-08-07T12:18:31+00:00\",\"dateModified\":\"2026-02-06T09:49:23+00:00\",\"description\":\"D\u00e9couvrez nos mentions l\u00e9gales et coordonn\u00e9es d'entreprise. Num\u00e9ro de t\u00e9l\u00e9phone, SIRET, statut etc...\",\"breadcrumb\":{\"@id\":\"https:\/\/optimix-software.com\/fr\/mentions-legales\/#breadcrumb\"},\"inLanguage\":\"fr-FR\",\"potentialAction\":[{\"@type\":\"ReadAction\",\"target\":[\"https:\/\/optimix-software.com\/fr\/mentions-legales\/\"]}]},{\"@type\":\"BreadcrumbList\",\"@id\":\"https:\/\/optimix-software.com\/fr\/mentions-legales\/#breadcrumb\",\"itemListElement\":[{\"@type\":\"ListItem\",\"position\":1,\"name\":\"Accueil\",\"item\":\"https:\/\/optimix-software.com\/fr\/\"},{\"@type\":\"ListItem\",\"position\":2,\"name\":\"Mentions l\u00e9gales optimiX\"}]},{\"@type\":\"WebSite\",\"@id\":\"https:\/\/optimix-software.com\/fr\/#website\",\"url\":\"https:\/\/optimix-software.com\/fr\/\",\"name\":\"Optimix Solutions\",\"description\":\"Editeur de solutions de Pricing et Supply Chain\",\"publisher\":{\"@id\":\"https:\/\/optimix-software.com\/fr\/#organization\"},\"potentialAction\":[{\"@type\":\"SearchAction\",\"target\":{\"@type\":\"EntryPoint\",\"urlTemplate\":\"https:\/\/optimix-software.com\/fr\/?s={search_term_string}\"},\"query-input\":{\"@type\":\"PropertyValueSpecification\",\"valueRequired\":true,\"valueName\":\"search_term_string\"}}],\"inLanguage\":\"fr-FR\"},{\"@type\":\"Organization\",\"@id\":\"https:\/\/optimix-software.com\/fr\/#organization\",\"name\":\"Optimix Software\",\"url\":\"https:\/\/optimix-software.com\/fr\/\",\"logo\":{\"@type\":\"ImageObject\",\"inLanguage\":\"fr-FR\",\"@id\":\"https:\/\/optimix-software.com\/fr\/#\/schema\/logo\/image\/\",\"url\":\"https:\/\/optimix-software.com\/wp-content\/uploads\/logo-carre-optimix-RETAIL-PERFORMANCE-SOFTWARE.jpg\",\"contentUrl\":\"https:\/\/optimix-software.com\/wp-content\/uploads\/logo-carre-optimix-RETAIL-PERFORMANCE-SOFTWARE.jpg\",\"width\":2001,\"height\":2001,\"caption\":\"Optimix Software\"},\"image\":{\"@id\":\"https:\/\/optimix-software.com\/fr\/#\/schema\/logo\/image\/\"},\"sameAs\":[\"https:\/\/www.linkedin.com\/company\/optimix-ffr\/\"]}]}<\/script>\n<!-- \/ Yoast SEO Premium plugin. -->","yoast_head_json":{"title":"Mentions l\u00e9gales optimiX","description":"D\u00e9couvrez nos mentions l\u00e9gales et coordonn\u00e9es d'entreprise. Num\u00e9ro de t\u00e9l\u00e9phone, SIRET, statut etc...","robots":{"index":"index","follow":"follow","max-snippet":"max-snippet:-1","max-image-preview":"max-image-preview:large","max-video-preview":"max-video-preview:-1"},"canonical":"https:\/\/optimix-software.com\/fr\/mentions-legales\/","og_locale":"fr_FR","og_type":"article","og_title":"Mentions l\u00e9gales optimiX","og_description":"D\u00e9couvrez nos mentions l\u00e9gales et coordonn\u00e9es d'entreprise. Num\u00e9ro de t\u00e9l\u00e9phone, SIRET, statut etc...","og_url":"https:\/\/optimix-software.com\/fr\/mentions-legales\/","og_site_name":"Optimix Solutions","article_modified_time":"2026-02-06T09:49:23+00:00","og_image":[{"width":1200,"height":675,"url":"https:\/\/optimix-software.com\/wp-content\/uploads\/logo-optimix-yoast.png","type":"image\/png"}],"twitter_card":"summary_large_image","twitter_misc":{"Dur\u00e9e de lecture estim\u00e9e":"2 minutes"},"schema":{"@context":"https:\/\/schema.org","@graph":[{"@type":"WebPage","@id":"https:\/\/optimix-software.com\/fr\/mentions-legales\/","url":"https:\/\/optimix-software.com\/fr\/mentions-legales\/","name":"Mentions l\u00e9gales optimiX","isPartOf":{"@id":"https:\/\/optimix-software.com\/fr\/#website"},"datePublished":"2023-08-07T12:18:31+00:00","dateModified":"2026-02-06T09:49:23+00:00","description":"D\u00e9couvrez nos mentions l\u00e9gales et coordonn\u00e9es d'entreprise. Num\u00e9ro de t\u00e9l\u00e9phone, SIRET, statut etc...","breadcrumb":{"@id":"https:\/\/optimix-software.com\/fr\/mentions-legales\/#breadcrumb"},"inLanguage":"fr-FR","potentialAction":[{"@type":"ReadAction","target":["https:\/\/optimix-software.com\/fr\/mentions-legales\/"]}]},{"@type":"BreadcrumbList","@id":"https:\/\/optimix-software.com\/fr\/mentions-legales\/#breadcrumb","itemListElement":[{"@type":"ListItem","position":1,"name":"Accueil","item":"https:\/\/optimix-software.com\/fr\/"},{"@type":"ListItem","position":2,"name":"Mentions l\u00e9gales optimiX"}]},{"@type":"WebSite","@id":"https:\/\/optimix-software.com\/fr\/#website","url":"https:\/\/optimix-software.com\/fr\/","name":"Optimix Solutions","description":"Editeur de solutions de Pricing et Supply Chain","publisher":{"@id":"https:\/\/optimix-software.com\/fr\/#organization"},"potentialAction":[{"@type":"SearchAction","target":{"@type":"EntryPoint","urlTemplate":"https:\/\/optimix-software.com\/fr\/?s={search_term_string}"},"query-input":{"@type":"PropertyValueSpecification","valueRequired":true,"valueName":"search_term_string"}}],"inLanguage":"fr-FR"},{"@type":"Organization","@id":"https:\/\/optimix-software.com\/fr\/#organization","name":"Optimix Software","url":"https:\/\/optimix-software.com\/fr\/","logo":{"@type":"ImageObject","inLanguage":"fr-FR","@id":"https:\/\/optimix-software.com\/fr\/#\/schema\/logo\/image\/","url":"https:\/\/optimix-software.com\/wp-content\/uploads\/logo-carre-optimix-RETAIL-PERFORMANCE-SOFTWARE.jpg","contentUrl":"https:\/\/optimix-software.com\/wp-content\/uploads\/logo-carre-optimix-RETAIL-PERFORMANCE-SOFTWARE.jpg","width":2001,"height":2001,"caption":"Optimix Software"},"image":{"@id":"https:\/\/optimix-software.com\/fr\/#\/schema\/logo\/image\/"},"sameAs":["https:\/\/www.linkedin.com\/company\/optimix-ffr\/"]}]}},"_links":{"self":[{"href":"https:\/\/optimix-software.com\/fr\/wp-json\/wp\/v2\/pages\/12247","targetHints":{"allow":["GET"]}}],"collection":[{"href":"https:\/\/optimix-software.com\/fr\/wp-json\/wp\/v2\/pages"}],"about":[{"href":"https:\/\/optimix-software.com\/fr\/wp-json\/wp\/v2\/types\/page"}],"author":[{"embeddable":true,"href":"https:\/\/optimix-software.com\/fr\/wp-json\/wp\/v2\/users\/16"}],"replies":[{"embeddable":true,"href":"https:\/\/optimix-software.com\/fr\/wp-json\/wp\/v2\/comments?post=12247"}],"version-history":[{"count":0,"href":"https:\/\/optimix-software.com\/fr\/wp-json\/wp\/v2\/pages\/12247\/revisions"}],"wp:attachment":[{"href":"https:\/\/optimix-software.com\/fr\/wp-json\/wp\/v2\/media?parent=12247"}],"curies":[{"name":"wp","href":"https:\/\/api.w.org\/{rel}","templated":true}]}}