{"id":33176,"date":"2024-10-16T10:38:30","date_gmt":"2024-10-16T08:38:30","guid":{"rendered":"https:\/\/optimix.fr\/?page_id=33176"},"modified":"2024-10-16T10:43:09","modified_gmt":"2024-10-16T08:43:09","slug":"replay-webinar-pricing-boulanger","status":"publish","type":"page","link":"https:\/\/optimix-software.com\/fr\/replay-webinar-pricing-boulanger\/","title":{"rendered":"Replay Webinar Pricing Boulanger"},"content":{"rendered":"\t\t<div data-elementor-type=\"wp-page\" data-elementor-id=\"33176\" class=\"elementor elementor-33176\" data-elementor-post-type=\"page\">\n\t\t\t\t<div class=\"elementor-element elementor-element-f3e0166 e-flex e-con-boxed wpr-particle-no wpr-jarallax-no wpr-parallax-no wpr-sticky-section-no e-con e-parent\" data-id=\"f3e0166\" data-element_type=\"container\" data-e-type=\"container\" data-settings=\"{&quot;background_background&quot;:&quot;classic&quot;}\">\n\t\t\t\t\t<div class=\"e-con-inner\">\n\t\t\t\t<div class=\"elementor-element elementor-element-9ba157b elementor-widget elementor-widget-heading\" data-id=\"9ba157b\" data-element_type=\"widget\" data-e-type=\"widget\" data-widget_type=\"heading.default\">\n\t\t\t\t<div class=\"elementor-widget-container\">\n\t\t\t\t\t<h3 class=\"elementor-heading-title elementor-size-default\">WEBINAR PRICING - RETOUR D'EXPERIENCE DE BOULANGER<\/h3>\t\t\t\t<\/div>\n\t\t\t\t<\/div>\n\t\t<div class=\"elementor-element elementor-element-eda5960 e-con-full e-flex wpr-particle-no wpr-jarallax-no wpr-parallax-no wpr-sticky-section-no e-con e-child\" data-id=\"eda5960\" data-element_type=\"container\" data-e-type=\"container\">\n\t\t<div class=\"elementor-element elementor-element-2355dbf e-con-full e-flex wpr-particle-no wpr-jarallax-no wpr-parallax-no wpr-sticky-section-no e-con e-child\" data-id=\"2355dbf\" data-element_type=\"container\" data-e-type=\"container\">\n\t\t\t\t<div class=\"elementor-element elementor-element-3e8d6a2 elementor-widget elementor-widget-heading\" data-id=\"3e8d6a2\" data-element_type=\"widget\" data-e-type=\"widget\" data-widget_type=\"heading.default\">\n\t\t\t\t<div class=\"elementor-widget-container\">\n\t\t\t\t\t<h2 class=\"elementor-heading-title elementor-size-default\">Replay du Webinar<\/h2>\t\t\t\t<\/div>\n\t\t\t\t<\/div>\n\t\t\t\t<div class=\"elementor-element elementor-element-1eba0ee elementor-widget elementor-widget-text-editor\" data-id=\"1eba0ee\" data-element_type=\"widget\" data-e-type=\"widget\" data-widget_type=\"text-editor.default\">\n\t\t\t\t<div class=\"elementor-widget-container\">\n\t\t\t\t\t\t\t\t\t<p>Rappel du th\u00e8me : \u00ab\u00a0Construire ou Repenser sa Strat\u00e9gie Prix &#8211; un travail Titanesque ?\u00a0\u00bb<\/p><p>D\u00e9couvrez pourquoi et <strong>comment une strat\u00e9gie de prix<\/strong>\u00a0bien pens\u00e9e peut aider votre structure \u00e0\u00a0<strong>s\u00e9curiser vos marges<\/strong>\u00a0tout en d\u00e9veloppant votre\u00a0<strong>comp\u00e9titivit\u00e9<\/strong>\u00a0et en\u00a0<strong>fid\u00e9lisant vos clients<\/strong>.<\/p><p>Les sujets abord\u00e9s lors du webinar :<\/p><p>\u2705 Les raisons qui poussent \u00e0 repenser sa strat\u00e9gie prix<br \/>\u2705 L&rsquo;importance de s&rsquo;outiller<br \/>\u2705 Retour d&rsquo;exp\u00e9rience de Boulanger :<\/p><ol><li>Les \u00e9tapes d&rsquo;un projet et d&rsquo;une collaboration r\u00e9ussis<\/li><li>Les challenges m\u00e9tiers et IT rencontr\u00e9s<br \/>Pourquoi avoir choisi la solution de Pricing OptimiX ?<\/li><li>Quels ROI &amp; B\u00e9n\u00e9fices ?<\/li><\/ol>\t\t\t\t\t\t\t\t<\/div>\n\t\t\t\t<\/div>\n\t\t\t\t<\/div>\n\t\t<div class=\"elementor-element elementor-element-3cad965 e-con-full e-flex wpr-particle-no wpr-jarallax-no wpr-parallax-no wpr-sticky-section-no e-con e-child\" data-id=\"3cad965\" data-element_type=\"container\" data-e-type=\"container\">\n\t\t\t\t<div class=\"elementor-element elementor-element-e1e1849 elementor-widget elementor-widget-image\" data-id=\"e1e1849\" data-element_type=\"widget\" data-e-type=\"widget\" data-widget_type=\"image.default\">\n\t\t\t\t<div class=\"elementor-widget-container\">\n\t\t\t\t\t\t\t\t\t\t\t\t\t\t\t\t<a href=\"https:\/\/www.youtube.com\/watch?v=YTCYJwYqXlg\" target=\"_blank\">\n\t\t\t\t\t\t\t<img fetchpriority=\"high\" decoding=\"async\" width=\"800\" height=\"449\" src=\"https:\/\/optimix-software.com\/wp-content\/uploads\/replay-webinar-pricing-boulanger.webp\" class=\"attachment-large size-large wp-image-33181\" alt=\"Replay Webinar Pricing Boulanger\" srcset=\"https:\/\/optimix-software.com\/wp-content\/uploads\/replay-webinar-pricing-boulanger.webp 800w, https:\/\/optimix-software.com\/wp-content\/uploads\/replay-webinar-pricing-boulanger-768x431.webp 768w\" sizes=\"(max-width: 800px) 100vw, 800px\" \/>\t\t\t\t\t\t\t\t<\/a>\n\t\t\t\t\t\t\t\t\t\t\t\t\t\t\t<\/div>\n\t\t\t\t<\/div>\n\t\t\t\t<\/div>\n\t\t\t\t<\/div>\n\t\t\t\t\t<\/div>\n\t\t\t\t<\/div>\n\t\t\t\t<\/div>\n\t\t","protected":false},"excerpt":{"rendered":"<p>WEBINAR PRICING &#8211; RETOUR D&rsquo;EXPERIENCE DE BOULANGER Replay du Webinar Rappel du th\u00e8me : \u00ab\u00a0Construire ou Repenser sa Strat\u00e9gie Prix &#8211; un travail Titanesque ?\u00a0\u00bb D\u00e9couvrez pourquoi et comment une strat\u00e9gie de prix\u00a0bien pens\u00e9e peut aider votre structure \u00e0\u00a0s\u00e9curiser vos marges\u00a0tout en d\u00e9veloppant votre\u00a0comp\u00e9titivit\u00e9\u00a0et en\u00a0fid\u00e9lisant vos clients. Les sujets abord\u00e9s lors du webinar : \u2705 Les raisons qui poussent \u00e0 repenser sa strat\u00e9gie prix\u2705 L&rsquo;importance de s&rsquo;outiller\u2705 Retour d&rsquo;exp\u00e9rience de Boulanger : Les \u00e9tapes d&rsquo;un projet et d&rsquo;une collaboration r\u00e9ussis Les challenges m\u00e9tiers et IT rencontr\u00e9sPourquoi avoir choisi la solution de Pricing OptimiX ? Quels ROI &amp; B\u00e9n\u00e9fices ?<\/p>\n","protected":false},"author":16,"featured_media":0,"parent":0,"menu_order":0,"comment_status":"closed","ping_status":"closed","template":"","meta":{"_eb_attr":"","content-type":"","footnotes":""},"class_list":["post-33176","page","type-page","status-publish","hentry"],"yoast_head":"<!-- This site is optimized with the Yoast SEO Premium plugin v22.8 (Yoast SEO v27.2) - https:\/\/yoast.com\/product\/yoast-seo-premium-wordpress\/ -->\n<title>Replay Webinar Pricing Boulanger<\/title>\n<meta name=\"description\" content=\"Retrouvez le replay du Webinar Pricing avec le retour d&#039;exp\u00e9rience de Boulanger sur le th\u00e8me: &quot;Construire ou repenser sa strat\u00e9gie Prix - un travail titanesque ?&quot;\" \/>\n<meta name=\"robots\" content=\"index, follow, max-snippet:-1, max-image-preview:large, max-video-preview:-1\" \/>\n<link rel=\"canonical\" href=\"https:\/\/optimix-software.com\/fr\/replay-webinar-pricing-boulanger\/\" \/>\n<meta property=\"og:locale\" content=\"fr_FR\" \/>\n<meta property=\"og:type\" content=\"article\" \/>\n<meta property=\"og:title\" content=\"Replay Webinar Pricing Boulanger\" \/>\n<meta property=\"og:description\" content=\"Retrouvez le replay du Webinar Pricing avec le retour d&#039;exp\u00e9rience de Boulanger sur le th\u00e8me: &quot;Construire ou repenser sa strat\u00e9gie Prix - un travail titanesque ?&quot;\" \/>\n<meta property=\"og:url\" content=\"https:\/\/optimix-software.com\/fr\/replay-webinar-pricing-boulanger\/\" \/>\n<meta property=\"og:site_name\" content=\"Optimix Solutions\" \/>\n<meta property=\"article:modified_time\" content=\"2024-10-16T08:43:09+00:00\" \/>\n<meta property=\"og:image\" content=\"https:\/\/optimix.fr\/wp-content\/uploads\/replay-webinar-pricing-boulanger.webp\" \/>\n<meta name=\"twitter:card\" content=\"summary_large_image\" \/>\n<meta name=\"twitter:label1\" content=\"Dur\u00e9e de lecture estim\u00e9e\" \/>\n\t<meta name=\"twitter:data1\" content=\"1 minute\" \/>\n<script type=\"application\/ld+json\" class=\"yoast-schema-graph\">{\"@context\":\"https:\/\/schema.org\",\"@graph\":[{\"@type\":\"WebPage\",\"@id\":\"https:\/\/optimix-software.com\/fr\/replay-webinar-pricing-boulanger\/\",\"url\":\"https:\/\/optimix-software.com\/fr\/replay-webinar-pricing-boulanger\/\",\"name\":\"Replay Webinar Pricing Boulanger\",\"isPartOf\":{\"@id\":\"https:\/\/optimix-software.com\/fr\/#website\"},\"primaryImageOfPage\":{\"@id\":\"https:\/\/optimix-software.com\/fr\/replay-webinar-pricing-boulanger\/#primaryimage\"},\"image\":{\"@id\":\"https:\/\/optimix-software.com\/fr\/replay-webinar-pricing-boulanger\/#primaryimage\"},\"thumbnailUrl\":\"https:\/\/optimix.fr\/wp-content\/uploads\/replay-webinar-pricing-boulanger.webp\",\"datePublished\":\"2024-10-16T08:38:30+00:00\",\"dateModified\":\"2024-10-16T08:43:09+00:00\",\"description\":\"Retrouvez le replay du Webinar Pricing avec le retour d'exp\u00e9rience de Boulanger sur le th\u00e8me: \\\"Construire ou repenser sa strat\u00e9gie Prix - un travail titanesque ?\\\"\",\"breadcrumb\":{\"@id\":\"https:\/\/optimix-software.com\/fr\/replay-webinar-pricing-boulanger\/#breadcrumb\"},\"inLanguage\":\"fr-FR\",\"potentialAction\":[{\"@type\":\"ReadAction\",\"target\":[\"https:\/\/optimix-software.com\/fr\/replay-webinar-pricing-boulanger\/\"]}]},{\"@type\":\"ImageObject\",\"inLanguage\":\"fr-FR\",\"@id\":\"https:\/\/optimix-software.com\/fr\/replay-webinar-pricing-boulanger\/#primaryimage\",\"url\":\"https:\/\/optimix.fr\/wp-content\/uploads\/replay-webinar-pricing-boulanger.webp\",\"contentUrl\":\"https:\/\/optimix.fr\/wp-content\/uploads\/replay-webinar-pricing-boulanger.webp\"},{\"@type\":\"BreadcrumbList\",\"@id\":\"https:\/\/optimix-software.com\/fr\/replay-webinar-pricing-boulanger\/#breadcrumb\",\"itemListElement\":[{\"@type\":\"ListItem\",\"position\":1,\"name\":\"Accueil\",\"item\":\"https:\/\/optimix-software.com\/fr\/\"},{\"@type\":\"ListItem\",\"position\":2,\"name\":\"Replay Webinar Pricing Boulanger\"}]},{\"@type\":\"WebSite\",\"@id\":\"https:\/\/optimix-software.com\/fr\/#website\",\"url\":\"https:\/\/optimix-software.com\/fr\/\",\"name\":\"Optimix Solutions\",\"description\":\"Editeur de solutions de Pricing et Supply Chain\",\"publisher\":{\"@id\":\"https:\/\/optimix-software.com\/fr\/#organization\"},\"potentialAction\":[{\"@type\":\"SearchAction\",\"target\":{\"@type\":\"EntryPoint\",\"urlTemplate\":\"https:\/\/optimix-software.com\/fr\/?s={search_term_string}\"},\"query-input\":{\"@type\":\"PropertyValueSpecification\",\"valueRequired\":true,\"valueName\":\"search_term_string\"}}],\"inLanguage\":\"fr-FR\"},{\"@type\":\"Organization\",\"@id\":\"https:\/\/optimix-software.com\/fr\/#organization\",\"name\":\"Optimix Software\",\"url\":\"https:\/\/optimix-software.com\/fr\/\",\"logo\":{\"@type\":\"ImageObject\",\"inLanguage\":\"fr-FR\",\"@id\":\"https:\/\/optimix-software.com\/fr\/#\/schema\/logo\/image\/\",\"url\":\"https:\/\/optimix-software.com\/wp-content\/uploads\/logo-carre-optimix-RETAIL-PERFORMANCE-SOFTWARE.jpg\",\"contentUrl\":\"https:\/\/optimix-software.com\/wp-content\/uploads\/logo-carre-optimix-RETAIL-PERFORMANCE-SOFTWARE.jpg\",\"width\":2001,\"height\":2001,\"caption\":\"Optimix Software\"},\"image\":{\"@id\":\"https:\/\/optimix-software.com\/fr\/#\/schema\/logo\/image\/\"},\"sameAs\":[\"https:\/\/www.linkedin.com\/company\/optimix-ffr\/\"]}]}<\/script>\n<!-- \/ Yoast SEO Premium plugin. -->","yoast_head_json":{"title":"Replay Webinar Pricing Boulanger","description":"Retrouvez le replay du Webinar Pricing avec le retour d'exp\u00e9rience de Boulanger sur le th\u00e8me: \"Construire ou repenser sa strat\u00e9gie Prix - un travail titanesque ?\"","robots":{"index":"index","follow":"follow","max-snippet":"max-snippet:-1","max-image-preview":"max-image-preview:large","max-video-preview":"max-video-preview:-1"},"canonical":"https:\/\/optimix-software.com\/fr\/replay-webinar-pricing-boulanger\/","og_locale":"fr_FR","og_type":"article","og_title":"Replay Webinar Pricing Boulanger","og_description":"Retrouvez le replay du Webinar Pricing avec le retour d'exp\u00e9rience de Boulanger sur le th\u00e8me: \"Construire ou repenser sa strat\u00e9gie Prix - un travail titanesque ?\"","og_url":"https:\/\/optimix-software.com\/fr\/replay-webinar-pricing-boulanger\/","og_site_name":"Optimix Solutions","article_modified_time":"2024-10-16T08:43:09+00:00","og_image":[{"url":"https:\/\/optimix.fr\/wp-content\/uploads\/replay-webinar-pricing-boulanger.webp","type":"","width":"","height":""}],"twitter_card":"summary_large_image","twitter_misc":{"Dur\u00e9e de lecture estim\u00e9e":"1 minute"},"schema":{"@context":"https:\/\/schema.org","@graph":[{"@type":"WebPage","@id":"https:\/\/optimix-software.com\/fr\/replay-webinar-pricing-boulanger\/","url":"https:\/\/optimix-software.com\/fr\/replay-webinar-pricing-boulanger\/","name":"Replay Webinar Pricing Boulanger","isPartOf":{"@id":"https:\/\/optimix-software.com\/fr\/#website"},"primaryImageOfPage":{"@id":"https:\/\/optimix-software.com\/fr\/replay-webinar-pricing-boulanger\/#primaryimage"},"image":{"@id":"https:\/\/optimix-software.com\/fr\/replay-webinar-pricing-boulanger\/#primaryimage"},"thumbnailUrl":"https:\/\/optimix.fr\/wp-content\/uploads\/replay-webinar-pricing-boulanger.webp","datePublished":"2024-10-16T08:38:30+00:00","dateModified":"2024-10-16T08:43:09+00:00","description":"Retrouvez le replay du Webinar Pricing avec le retour d'exp\u00e9rience de Boulanger sur le th\u00e8me: \"Construire ou repenser sa strat\u00e9gie Prix - un travail titanesque ?\"","breadcrumb":{"@id":"https:\/\/optimix-software.com\/fr\/replay-webinar-pricing-boulanger\/#breadcrumb"},"inLanguage":"fr-FR","potentialAction":[{"@type":"ReadAction","target":["https:\/\/optimix-software.com\/fr\/replay-webinar-pricing-boulanger\/"]}]},{"@type":"ImageObject","inLanguage":"fr-FR","@id":"https:\/\/optimix-software.com\/fr\/replay-webinar-pricing-boulanger\/#primaryimage","url":"https:\/\/optimix.fr\/wp-content\/uploads\/replay-webinar-pricing-boulanger.webp","contentUrl":"https:\/\/optimix.fr\/wp-content\/uploads\/replay-webinar-pricing-boulanger.webp"},{"@type":"BreadcrumbList","@id":"https:\/\/optimix-software.com\/fr\/replay-webinar-pricing-boulanger\/#breadcrumb","itemListElement":[{"@type":"ListItem","position":1,"name":"Accueil","item":"https:\/\/optimix-software.com\/fr\/"},{"@type":"ListItem","position":2,"name":"Replay Webinar Pricing Boulanger"}]},{"@type":"WebSite","@id":"https:\/\/optimix-software.com\/fr\/#website","url":"https:\/\/optimix-software.com\/fr\/","name":"Optimix Solutions","description":"Editeur de solutions de Pricing et Supply Chain","publisher":{"@id":"https:\/\/optimix-software.com\/fr\/#organization"},"potentialAction":[{"@type":"SearchAction","target":{"@type":"EntryPoint","urlTemplate":"https:\/\/optimix-software.com\/fr\/?s={search_term_string}"},"query-input":{"@type":"PropertyValueSpecification","valueRequired":true,"valueName":"search_term_string"}}],"inLanguage":"fr-FR"},{"@type":"Organization","@id":"https:\/\/optimix-software.com\/fr\/#organization","name":"Optimix Software","url":"https:\/\/optimix-software.com\/fr\/","logo":{"@type":"ImageObject","inLanguage":"fr-FR","@id":"https:\/\/optimix-software.com\/fr\/#\/schema\/logo\/image\/","url":"https:\/\/optimix-software.com\/wp-content\/uploads\/logo-carre-optimix-RETAIL-PERFORMANCE-SOFTWARE.jpg","contentUrl":"https:\/\/optimix-software.com\/wp-content\/uploads\/logo-carre-optimix-RETAIL-PERFORMANCE-SOFTWARE.jpg","width":2001,"height":2001,"caption":"Optimix Software"},"image":{"@id":"https:\/\/optimix-software.com\/fr\/#\/schema\/logo\/image\/"},"sameAs":["https:\/\/www.linkedin.com\/company\/optimix-ffr\/"]}]}},"_links":{"self":[{"href":"https:\/\/optimix-software.com\/fr\/wp-json\/wp\/v2\/pages\/33176","targetHints":{"allow":["GET"]}}],"collection":[{"href":"https:\/\/optimix-software.com\/fr\/wp-json\/wp\/v2\/pages"}],"about":[{"href":"https:\/\/optimix-software.com\/fr\/wp-json\/wp\/v2\/types\/page"}],"author":[{"embeddable":true,"href":"https:\/\/optimix-software.com\/fr\/wp-json\/wp\/v2\/users\/16"}],"replies":[{"embeddable":true,"href":"https:\/\/optimix-software.com\/fr\/wp-json\/wp\/v2\/comments?post=33176"}],"version-history":[{"count":0,"href":"https:\/\/optimix-software.com\/fr\/wp-json\/wp\/v2\/pages\/33176\/revisions"}],"wp:attachment":[{"href":"https:\/\/optimix-software.com\/fr\/wp-json\/wp\/v2\/media?parent=33176"}],"curies":[{"name":"wp","href":"https:\/\/api.w.org\/{rel}","templated":true}]}}