{"id":40919,"date":"2025-01-29T09:52:35","date_gmt":"2025-01-29T08:52:35","guid":{"rendered":"https:\/\/optimix-software.com\/?page_id=40919"},"modified":"2025-01-29T10:12:35","modified_gmt":"2025-01-29T09:12:35","slug":"replay-webinar-bureau-vallee","status":"publish","type":"page","link":"https:\/\/optimix-software.com\/fr\/replay-webinar-bureau-vallee\/","title":{"rendered":"Replay Webinar Bureau Vall\u00e9e"},"content":{"rendered":"\t\t<div data-elementor-type=\"wp-page\" data-elementor-id=\"40919\" class=\"elementor elementor-40919\" data-elementor-post-type=\"page\">\n\t\t\t\t<div class=\"elementor-element elementor-element-0fa1dfb e-flex e-con-boxed wpr-particle-no wpr-jarallax-no wpr-parallax-no wpr-sticky-section-no e-con e-parent\" data-id=\"0fa1dfb\" data-element_type=\"container\" data-e-type=\"container\">\n\t\t\t\t\t<div class=\"e-con-inner\">\n\t\t<div class=\"elementor-element elementor-element-c85235a e-con-full e-flex wpr-particle-no wpr-jarallax-no wpr-parallax-no wpr-sticky-section-no e-con e-child\" data-id=\"c85235a\" data-element_type=\"container\" data-e-type=\"container\">\n\t\t\t\t<div class=\"elementor-element elementor-element-93d56ee elementor-widget elementor-widget-heading\" data-id=\"93d56ee\" data-element_type=\"widget\" data-e-type=\"widget\" data-widget_type=\"heading.default\">\n\t\t\t\t<div class=\"elementor-widget-container\">\n\t\t\t\t\t<h1 class=\"elementor-heading-title elementor-size-default\">Replay Webinar<\/h1>\t\t\t\t<\/div>\n\t\t\t\t<\/div>\n\t\t\t\t<div class=\"elementor-element elementor-element-de1b70e elementor-widget__width-initial elementor-widget elementor-widget-text-editor\" data-id=\"de1b70e\" data-element_type=\"widget\" data-e-type=\"widget\" data-widget_type=\"text-editor.default\">\n\t\t\t\t<div class=\"elementor-widget-container\">\n\t\t\t\t\t\t\t\t\t<p style=\"font-style: inherit; font-weight: inherit;\">Vous n\u2019avez pas pu assister \u00e0 notre webinar sur <strong>l\u2019importance de la coh\u00e9rence de gammes dans sa strat\u00e9gie prix ?\u00a0<\/strong><\/p><p style=\"font-style: inherit; font-weight: inherit;\">Nous avons le plaisir de vous partager le replay de cette session. Remplissez le formulaire ci-contre avec votre adresse e-mail pro et recevez le lien du webinar.<\/p><p style=\"font-style: inherit; font-weight: inherit;\">Au programme :<br \/><br \/><\/p><ul style=\"font-style: inherit; font-weight: inherit;\"><li>Pourquoi la coh\u00e9rence des gammes est un levier strat\u00e9gique ?<\/li><li>L&rsquo;importance de bien s&rsquo;outiller<\/li><li>L\u2019application de l\u2019optimisation tarifaire chez Bureau Vall\u00e9e<\/li><li>Quels ROIs et B\u00e9n\u00e9fices ?<\/li><\/ul>\t\t\t\t\t\t\t\t<\/div>\n\t\t\t\t<\/div>\n\t\t\t\t<\/div>\n\t\t<div class=\"elementor-element elementor-element-92280a7 e-con-full e-flex wpr-particle-no wpr-jarallax-no wpr-parallax-no wpr-sticky-section-no e-con e-child\" data-id=\"92280a7\" data-element_type=\"container\" data-e-type=\"container\">\n\t\t<div class=\"elementor-element elementor-element-7eb5624 e-con-full e-flex wpr-particle-no wpr-jarallax-no wpr-parallax-no wpr-sticky-section-no e-con e-child\" data-id=\"7eb5624\" data-element_type=\"container\" data-e-type=\"container\">\n\t\t\t\t<div class=\"elementor-element elementor-element-90e2110 elementor-widget elementor-widget-html\" data-id=\"90e2110\" data-element_type=\"widget\" data-e-type=\"widget\" data-widget_type=\"html.default\">\n\t\t\t\t<div class=\"elementor-widget-container\">\n\t\t\t\t\t<div class=\"pipedriveWebForms\" data-pd-webforms=\"https:\/\/webforms.pipedrive.com\/f\/6FCJjLrYFyKjfjd42tyVvzjgtv3TqjyyiYIiAh0aVNRS6EwyKrY6qLrExk7zwsh7Zp\"><script src=\"https:\/\/webforms.pipedrive.com\/f\/loader\"><\/script><\/div>\t\t\t\t<\/div>\n\t\t\t\t<\/div>\n\t\t\t\t<\/div>\n\t\t\t\t<\/div>\n\t\t\t\t\t<\/div>\n\t\t\t\t<\/div>\n\t\t<div class=\"elementor-element elementor-element-f549983 e-flex e-con-boxed wpr-particle-no wpr-jarallax-no wpr-parallax-no wpr-sticky-section-no e-con e-parent\" data-id=\"f549983\" data-element_type=\"container\" data-e-type=\"container\">\n\t\t\t\t\t<div class=\"e-con-inner\">\n\t\t\t\t<div class=\"elementor-element elementor-element-907e76d elementor-widget elementor-widget-image\" data-id=\"907e76d\" data-element_type=\"widget\" data-e-type=\"widget\" data-widget_type=\"image.default\">\n\t\t\t\t<div class=\"elementor-widget-container\">\n\t\t\t\t\t\t\t\t\t\t\t\t\t\t\t<img fetchpriority=\"high\" decoding=\"async\" width=\"768\" height=\"239\" src=\"https:\/\/optimix-software.com\/wp-content\/uploads\/Capture-decran-2025-01-29-a-09.32.11-768x239.png\" class=\"attachment-medium_large size-medium_large wp-image-40926\" alt=\"\" srcset=\"https:\/\/optimix-software.com\/wp-content\/uploads\/Capture-decran-2025-01-29-a-09.32.11-768x239.png 768w, https:\/\/optimix-software.com\/wp-content\/uploads\/Capture-decran-2025-01-29-a-09.32.11-1200x373.png 1200w, https:\/\/optimix-software.com\/wp-content\/uploads\/Capture-decran-2025-01-29-a-09.32.11-1536x478.png 1536w, https:\/\/optimix-software.com\/wp-content\/uploads\/Capture-decran-2025-01-29-a-09.32.11.png 1800w\" sizes=\"(max-width: 768px) 100vw, 768px\" \/>\t\t\t\t\t\t\t\t\t\t\t\t\t\t\t<\/div>\n\t\t\t\t<\/div>\n\t\t\t\t\t<\/div>\n\t\t\t\t<\/div>\n\t\t\t\t<\/div>\n\t\t","protected":false},"excerpt":{"rendered":"<p>D\u00e9couvrez Optimix au Supply Chain Event 2024 les 12-13 nov \u00e0 Paris, stand F22. Venez explorer nos solutions innovantes pour optimiser votre cha\u00eene d&rsquo;approvisionnement.<\/p>\n","protected":false},"author":16,"featured_media":28868,"parent":0,"menu_order":0,"comment_status":"closed","ping_status":"closed","template":"","meta":{"_eb_attr":"","content-type":"","footnotes":""},"class_list":["post-40919","page","type-page","status-publish","has-post-thumbnail","hentry"],"yoast_head":"<!-- This site is optimized with the Yoast SEO Premium plugin v22.8 (Yoast SEO v27.2) - https:\/\/yoast.com\/product\/yoast-seo-premium-wordpress\/ -->\n<title>Replay Webinar Bureau Vall\u00e9e<\/title>\n<meta name=\"description\" content=\"Vous n\u2019avez pas pu assister \u00e0 notre webinar sur l\u2019importance de la coh\u00e9rence de gammes dans sa strat\u00e9gie prix ? Retrouvez le replay.\" \/>\n<meta name=\"robots\" content=\"index, follow, max-snippet:-1, max-image-preview:large, max-video-preview:-1\" \/>\n<link rel=\"canonical\" href=\"https:\/\/optimix-software.com\/fr\/replay-webinar-bureau-vallee\/\" \/>\n<meta property=\"og:locale\" content=\"fr_FR\" \/>\n<meta property=\"og:type\" content=\"article\" \/>\n<meta property=\"og:title\" content=\"Replay Webinar Bureau Vall\u00e9e\" \/>\n<meta property=\"og:description\" content=\"Vous n\u2019avez pas pu assister \u00e0 notre webinar sur l\u2019importance de la coh\u00e9rence de gammes dans sa strat\u00e9gie prix ? Retrouvez le replay.\" \/>\n<meta property=\"og:url\" content=\"https:\/\/optimix-software.com\/fr\/replay-webinar-bureau-vallee\/\" \/>\n<meta property=\"og:site_name\" content=\"Optimix Solutions\" \/>\n<meta property=\"article:modified_time\" content=\"2025-01-29T09:12:35+00:00\" \/>\n<meta property=\"og:image\" content=\"https:\/\/optimix-software.com\/wp-content\/uploads\/Replay-webinar-BV.png\" \/>\n\t<meta property=\"og:image:width\" content=\"1920\" \/>\n\t<meta property=\"og:image:height\" content=\"1080\" \/>\n\t<meta property=\"og:image:type\" content=\"image\/png\" \/>\n<meta name=\"twitter:card\" content=\"summary_large_image\" \/>\n<meta name=\"twitter:title\" content=\"Replay Webinar Bureau Vall\u00e9e\" \/>\n<meta name=\"twitter:label1\" content=\"Dur\u00e9e de lecture estim\u00e9e\" \/>\n\t<meta name=\"twitter:data1\" content=\"1 minute\" \/>\n<script type=\"application\/ld+json\" class=\"yoast-schema-graph\">{\"@context\":\"https:\/\/schema.org\",\"@graph\":[{\"@type\":\"WebPage\",\"@id\":\"https:\/\/optimix-software.com\/fr\/replay-webinar-bureau-vallee\/\",\"url\":\"https:\/\/optimix-software.com\/fr\/replay-webinar-bureau-vallee\/\",\"name\":\"Replay Webinar Bureau Vall\u00e9e\",\"isPartOf\":{\"@id\":\"https:\/\/optimix-software.com\/fr\/#website\"},\"primaryImageOfPage\":{\"@id\":\"https:\/\/optimix-software.com\/fr\/replay-webinar-bureau-vallee\/#primaryimage\"},\"image\":{\"@id\":\"https:\/\/optimix-software.com\/fr\/replay-webinar-bureau-vallee\/#primaryimage\"},\"thumbnailUrl\":\"https:\/\/optimix-software.com\/wp-content\/uploads\/conference-buffalo-grill-supply-chain-event-2024-optimix-xfr.png\",\"datePublished\":\"2025-01-29T08:52:35+00:00\",\"dateModified\":\"2025-01-29T09:12:35+00:00\",\"description\":\"Vous n\u2019avez pas pu assister \u00e0 notre webinar sur l\u2019importance de la coh\u00e9rence de gammes dans sa strat\u00e9gie prix ? Retrouvez le replay.\",\"breadcrumb\":{\"@id\":\"https:\/\/optimix-software.com\/fr\/replay-webinar-bureau-vallee\/#breadcrumb\"},\"inLanguage\":\"fr-FR\",\"potentialAction\":[{\"@type\":\"ReadAction\",\"target\":[\"https:\/\/optimix-software.com\/fr\/replay-webinar-bureau-vallee\/\"]}]},{\"@type\":\"ImageObject\",\"inLanguage\":\"fr-FR\",\"@id\":\"https:\/\/optimix-software.com\/fr\/replay-webinar-bureau-vallee\/#primaryimage\",\"url\":\"https:\/\/optimix-software.com\/wp-content\/uploads\/conference-buffalo-grill-supply-chain-event-2024-optimix-xfr.png\",\"contentUrl\":\"https:\/\/optimix-software.com\/wp-content\/uploads\/conference-buffalo-grill-supply-chain-event-2024-optimix-xfr.png\",\"width\":1600,\"height\":900,\"caption\":\"conference-buffalo-grill-supply-chain-event-2024\"},{\"@type\":\"BreadcrumbList\",\"@id\":\"https:\/\/optimix-software.com\/fr\/replay-webinar-bureau-vallee\/#breadcrumb\",\"itemListElement\":[{\"@type\":\"ListItem\",\"position\":1,\"name\":\"Accueil\",\"item\":\"https:\/\/optimix-software.com\/fr\/\"},{\"@type\":\"ListItem\",\"position\":2,\"name\":\"Replay Webinar Bureau Vall\u00e9e\"}]},{\"@type\":\"WebSite\",\"@id\":\"https:\/\/optimix-software.com\/fr\/#website\",\"url\":\"https:\/\/optimix-software.com\/fr\/\",\"name\":\"Optimix Solutions\",\"description\":\"Editeur de solutions de Pricing et Supply Chain\",\"publisher\":{\"@id\":\"https:\/\/optimix-software.com\/fr\/#organization\"},\"potentialAction\":[{\"@type\":\"SearchAction\",\"target\":{\"@type\":\"EntryPoint\",\"urlTemplate\":\"https:\/\/optimix-software.com\/fr\/?s={search_term_string}\"},\"query-input\":{\"@type\":\"PropertyValueSpecification\",\"valueRequired\":true,\"valueName\":\"search_term_string\"}}],\"inLanguage\":\"fr-FR\"},{\"@type\":\"Organization\",\"@id\":\"https:\/\/optimix-software.com\/fr\/#organization\",\"name\":\"Optimix Software\",\"url\":\"https:\/\/optimix-software.com\/fr\/\",\"logo\":{\"@type\":\"ImageObject\",\"inLanguage\":\"fr-FR\",\"@id\":\"https:\/\/optimix-software.com\/fr\/#\/schema\/logo\/image\/\",\"url\":\"https:\/\/optimix-software.com\/wp-content\/uploads\/logo-carre-optimix-RETAIL-PERFORMANCE-SOFTWARE.jpg\",\"contentUrl\":\"https:\/\/optimix-software.com\/wp-content\/uploads\/logo-carre-optimix-RETAIL-PERFORMANCE-SOFTWARE.jpg\",\"width\":2001,\"height\":2001,\"caption\":\"Optimix Software\"},\"image\":{\"@id\":\"https:\/\/optimix-software.com\/fr\/#\/schema\/logo\/image\/\"},\"sameAs\":[\"https:\/\/www.linkedin.com\/company\/optimix-ffr\/\"]}]}<\/script>\n<!-- \/ Yoast SEO Premium plugin. -->","yoast_head_json":{"title":"Replay Webinar Bureau Vall\u00e9e","description":"Vous n\u2019avez pas pu assister \u00e0 notre webinar sur l\u2019importance de la coh\u00e9rence de gammes dans sa strat\u00e9gie prix ? Retrouvez le replay.","robots":{"index":"index","follow":"follow","max-snippet":"max-snippet:-1","max-image-preview":"max-image-preview:large","max-video-preview":"max-video-preview:-1"},"canonical":"https:\/\/optimix-software.com\/fr\/replay-webinar-bureau-vallee\/","og_locale":"fr_FR","og_type":"article","og_title":"Replay Webinar Bureau Vall\u00e9e","og_description":"Vous n\u2019avez pas pu assister \u00e0 notre webinar sur l\u2019importance de la coh\u00e9rence de gammes dans sa strat\u00e9gie prix ? Retrouvez le replay.","og_url":"https:\/\/optimix-software.com\/fr\/replay-webinar-bureau-vallee\/","og_site_name":"Optimix Solutions","article_modified_time":"2025-01-29T09:12:35+00:00","og_image":[{"width":1920,"height":1080,"url":"https:\/\/optimix-software.com\/wp-content\/uploads\/Replay-webinar-BV.png","type":"image\/png"}],"twitter_card":"summary_large_image","twitter_title":"Replay Webinar Bureau Vall\u00e9e","twitter_misc":{"Dur\u00e9e de lecture estim\u00e9e":"1 minute"},"schema":{"@context":"https:\/\/schema.org","@graph":[{"@type":"WebPage","@id":"https:\/\/optimix-software.com\/fr\/replay-webinar-bureau-vallee\/","url":"https:\/\/optimix-software.com\/fr\/replay-webinar-bureau-vallee\/","name":"Replay Webinar Bureau Vall\u00e9e","isPartOf":{"@id":"https:\/\/optimix-software.com\/fr\/#website"},"primaryImageOfPage":{"@id":"https:\/\/optimix-software.com\/fr\/replay-webinar-bureau-vallee\/#primaryimage"},"image":{"@id":"https:\/\/optimix-software.com\/fr\/replay-webinar-bureau-vallee\/#primaryimage"},"thumbnailUrl":"https:\/\/optimix-software.com\/wp-content\/uploads\/conference-buffalo-grill-supply-chain-event-2024-optimix-xfr.png","datePublished":"2025-01-29T08:52:35+00:00","dateModified":"2025-01-29T09:12:35+00:00","description":"Vous n\u2019avez pas pu assister \u00e0 notre webinar sur l\u2019importance de la coh\u00e9rence de gammes dans sa strat\u00e9gie prix ? Retrouvez le replay.","breadcrumb":{"@id":"https:\/\/optimix-software.com\/fr\/replay-webinar-bureau-vallee\/#breadcrumb"},"inLanguage":"fr-FR","potentialAction":[{"@type":"ReadAction","target":["https:\/\/optimix-software.com\/fr\/replay-webinar-bureau-vallee\/"]}]},{"@type":"ImageObject","inLanguage":"fr-FR","@id":"https:\/\/optimix-software.com\/fr\/replay-webinar-bureau-vallee\/#primaryimage","url":"https:\/\/optimix-software.com\/wp-content\/uploads\/conference-buffalo-grill-supply-chain-event-2024-optimix-xfr.png","contentUrl":"https:\/\/optimix-software.com\/wp-content\/uploads\/conference-buffalo-grill-supply-chain-event-2024-optimix-xfr.png","width":1600,"height":900,"caption":"conference-buffalo-grill-supply-chain-event-2024"},{"@type":"BreadcrumbList","@id":"https:\/\/optimix-software.com\/fr\/replay-webinar-bureau-vallee\/#breadcrumb","itemListElement":[{"@type":"ListItem","position":1,"name":"Accueil","item":"https:\/\/optimix-software.com\/fr\/"},{"@type":"ListItem","position":2,"name":"Replay Webinar Bureau Vall\u00e9e"}]},{"@type":"WebSite","@id":"https:\/\/optimix-software.com\/fr\/#website","url":"https:\/\/optimix-software.com\/fr\/","name":"Optimix Solutions","description":"Editeur de solutions de Pricing et Supply Chain","publisher":{"@id":"https:\/\/optimix-software.com\/fr\/#organization"},"potentialAction":[{"@type":"SearchAction","target":{"@type":"EntryPoint","urlTemplate":"https:\/\/optimix-software.com\/fr\/?s={search_term_string}"},"query-input":{"@type":"PropertyValueSpecification","valueRequired":true,"valueName":"search_term_string"}}],"inLanguage":"fr-FR"},{"@type":"Organization","@id":"https:\/\/optimix-software.com\/fr\/#organization","name":"Optimix Software","url":"https:\/\/optimix-software.com\/fr\/","logo":{"@type":"ImageObject","inLanguage":"fr-FR","@id":"https:\/\/optimix-software.com\/fr\/#\/schema\/logo\/image\/","url":"https:\/\/optimix-software.com\/wp-content\/uploads\/logo-carre-optimix-RETAIL-PERFORMANCE-SOFTWARE.jpg","contentUrl":"https:\/\/optimix-software.com\/wp-content\/uploads\/logo-carre-optimix-RETAIL-PERFORMANCE-SOFTWARE.jpg","width":2001,"height":2001,"caption":"Optimix Software"},"image":{"@id":"https:\/\/optimix-software.com\/fr\/#\/schema\/logo\/image\/"},"sameAs":["https:\/\/www.linkedin.com\/company\/optimix-ffr\/"]}]}},"_links":{"self":[{"href":"https:\/\/optimix-software.com\/fr\/wp-json\/wp\/v2\/pages\/40919","targetHints":{"allow":["GET"]}}],"collection":[{"href":"https:\/\/optimix-software.com\/fr\/wp-json\/wp\/v2\/pages"}],"about":[{"href":"https:\/\/optimix-software.com\/fr\/wp-json\/wp\/v2\/types\/page"}],"author":[{"embeddable":true,"href":"https:\/\/optimix-software.com\/fr\/wp-json\/wp\/v2\/users\/16"}],"replies":[{"embeddable":true,"href":"https:\/\/optimix-software.com\/fr\/wp-json\/wp\/v2\/comments?post=40919"}],"version-history":[{"count":0,"href":"https:\/\/optimix-software.com\/fr\/wp-json\/wp\/v2\/pages\/40919\/revisions"}],"wp:featuredmedia":[{"embeddable":true,"href":"https:\/\/optimix-software.com\/fr\/wp-json\/wp\/v2\/media\/28868"}],"wp:attachment":[{"href":"https:\/\/optimix-software.com\/fr\/wp-json\/wp\/v2\/media?parent=40919"}],"curies":[{"name":"wp","href":"https:\/\/api.w.org\/{rel}","templated":true}]}}