{"id":45456,"date":"2025-04-28T13:36:06","date_gmt":"2025-04-28T11:36:06","guid":{"rendered":"https:\/\/optimix-software.com\/?page_id=45456"},"modified":"2026-03-24T11:04:02","modified_gmt":"2026-03-24T10:04:02","slug":"technicien-support-tma","status":"publish","type":"page","link":"https:\/\/optimix-software.com\/fr\/technicien-support-tma\/","title":{"rendered":"Technicien Support TMA"},"content":{"rendered":"\t\t<div data-elementor-type=\"wp-page\" data-elementor-id=\"45456\" class=\"elementor elementor-45456\" data-elementor-post-type=\"page\">\n\t\t\t\t<div class=\"elementor-element elementor-element-05a42b5 e-con-full e-flex wpr-particle-no wpr-jarallax-no wpr-parallax-no wpr-sticky-section-no e-con e-parent\" data-id=\"05a42b5\" data-element_type=\"container\" data-e-type=\"container\">\n\t\t<div class=\"elementor-element elementor-element-73ffb24 e-con-full e-flex wpr-particle-no wpr-jarallax-no wpr-parallax-no wpr-sticky-section-no e-con e-child\" data-id=\"73ffb24\" data-element_type=\"container\" data-e-type=\"container\">\n\t\t<div class=\"elementor-element elementor-element-9f2a8ca e-con-full e-flex wpr-particle-no wpr-jarallax-no wpr-parallax-no wpr-sticky-section-no e-con e-child\" data-id=\"9f2a8ca\" data-element_type=\"container\" data-e-type=\"container\">\n\t\t\t\t<div class=\"elementor-element elementor-element-93d56ee elementor-widget elementor-widget-heading\" data-id=\"93d56ee\" data-element_type=\"widget\" data-e-type=\"widget\" data-widget_type=\"heading.default\">\n\t\t\t\t<div class=\"elementor-widget-container\">\n\t\t\t\t\t<h1 class=\"elementor-heading-title elementor-size-default\">Technicien Support TMA<\/h1>\t\t\t\t<\/div>\n\t\t\t\t<\/div>\n\t\t\t\t<div class=\"elementor-element elementor-element-d0c40e3 elementor-widget elementor-widget-text-editor\" data-id=\"d0c40e3\" data-element_type=\"widget\" data-e-type=\"widget\" data-widget_type=\"text-editor.default\">\n\t\t\t\t<div class=\"elementor-widget-container\">\n\t\t\t\t\t\t\t\t\t<strong><span style=\"color: #fe6000;\">H\/F \u2013 Bilingue fran\u00e7ais\/anglais<\/strong>\t\t\t\t\t\t\t\t<\/div>\n\t\t\t\t<\/div>\n\t\t\t\t<div class=\"elementor-element elementor-element-98cc943 elementor-widget__width-initial elementor-widget elementor-widget-text-editor\" data-id=\"98cc943\" data-element_type=\"widget\" data-e-type=\"widget\" data-widget_type=\"text-editor.default\">\n\t\t\t\t<div class=\"elementor-widget-container\">\n\t\t\t\t\t\t\t\t\t<strong><span style=\"color: #fe6000;\">Lieu : Marcq-en-Bar\u0153ul (59) \u2013 CDI \u2013 Statut cadre <\/strong>\n<strong><span style=\"color: #fe6000;\">Secteur : \u00c9diteur SaaS \u2013 Pricing &amp; Supply Chain<\/strong>\t\t\t\t\t\t\t\t<\/div>\n\t\t\t\t<\/div>\n\t\t\t\t<div class=\"elementor-element elementor-element-aa50b05 elementor-widget elementor-widget-text-editor\" data-id=\"aa50b05\" data-element_type=\"widget\" data-e-type=\"widget\" data-widget_type=\"text-editor.default\">\n\t\t\t\t<div class=\"elementor-widget-container\">\n\t\t\t\t\t\t\t\t\t<p>Dans le cadre du d\u00e9veloppement de notre groupe, nous recrutons pour OptimiX Solutions, filiale experte en Pricing et Supply Chain. <br \/>Cr\u00e9\u00e9e il y a pr\u00e8s de 15 ans, OptimiX Solutions aide les enseignes de la distribution \u00e0 optimiser <br \/>leurs strat\u00e9gies tarifaires et leur gestion des stocks gr\u00e2ce \u00e0 l\u2019intelligence artificielle et \u00e0 la data. <br \/>Nos solutions traitent chaque jour plus de 10 milliards de donn\u00e9es pour 5 500 magasins dans <br \/>17 pays.<\/p>\t\t\t\t\t\t\t\t<\/div>\n\t\t\t\t<\/div>\n\t\t\t\t<div class=\"elementor-element elementor-element-c2a2f38 elementor-widget elementor-widget-heading\" data-id=\"c2a2f38\" data-element_type=\"widget\" data-e-type=\"widget\" data-widget_type=\"heading.default\">\n\t\t\t\t<div class=\"elementor-widget-container\">\n\t\t\t\t\t<h2 class=\"elementor-heading-title elementor-size-default\">Vos missions <\/h2>\t\t\t\t<\/div>\n\t\t\t\t<\/div>\n\t\t\t\t<div class=\"elementor-element elementor-element-1cbb326 elementor-widget elementor-widget-text-editor\" data-id=\"1cbb326\" data-element_type=\"widget\" data-e-type=\"widget\" data-widget_type=\"text-editor.default\">\n\t\t\t\t<div class=\"elementor-widget-container\">\n\t\t\t\t\t\t\t\t\t<p>Au sein de l\u2019\u00e9quipe Support TMA, vous serez l\u2019interlocuteur privil\u00e9gi\u00e9 de nos clients pour assurer <br \/>la continuit\u00e9 de service et la qualit\u00e9 op\u00e9rationnelle de nos solutions SaaS. Vos missions <br \/>incluront : <br \/>\u2022 Superviser et contr\u00f4ler les cha\u00eenes de traitement afin de garantir la fiabilit\u00e9 et la <br \/>coh\u00e9rence des donn\u00e9es trait\u00e9es. <br \/>\u2022 Gestion des tickets support <br \/>\u2022 Analyser et r\u00e9soudre les incidents applicatifs : prise en charge des tickets, <br \/>qualification, suivi jusqu\u2019\u00e0 leur r\u00e9solution d\u00e9finitive. <br \/>\u2022 Communiquer et accompagner les clients <br \/>\u2022 Participer aux mises en production et aux \u00e9volutions fonctionnelles en lien avec les <br \/>\u00e9quipes internes (consultants, R&amp;D, infra). <br \/>\u2022 Documenter les proc\u00e9dures et bonnes pratiques pour capitaliser sur l\u2019expertise de <br \/>l\u2019\u00e9quipe support.<\/p>\t\t\t\t\t\t\t\t<\/div>\n\t\t\t\t<\/div>\n\t\t\t\t<div class=\"elementor-element elementor-element-4fb0064 elementor-widget elementor-widget-heading\" data-id=\"4fb0064\" data-element_type=\"widget\" data-e-type=\"widget\" data-widget_type=\"heading.default\">\n\t\t\t\t<div class=\"elementor-widget-container\">\n\t\t\t\t\t<h2 class=\"elementor-heading-title elementor-size-default\">Votre profil <\/h2>\t\t\t\t<\/div>\n\t\t\t\t<\/div>\n\t\t\t\t<div class=\"elementor-element elementor-element-6bbe59c elementor-widget elementor-widget-text-editor\" data-id=\"6bbe59c\" data-element_type=\"widget\" data-e-type=\"widget\" data-widget_type=\"text-editor.default\">\n\t\t\t\t<div class=\"elementor-widget-container\">\n\t\t\t\t\t\t\t\t\t<p>Bac +2\/3 en informatique ou support technique. <br \/>\u2022 Exp\u00e9rience d\u2019au moins 2 ans en Tierce Maintenance Applicative (TMA) ou support <br \/>applicatif. <br \/>\u2022 Comp\u00e9tences technico-fonctionnelles solides sur PostgreSQL. <br \/>\u2022 Connaissances en pricing et ma\u00eetrise des commandes Linux, PowerShell et\/ou Bash. <br \/>\u2022 Bon niveau d\u2019anglais technique indispensable (environnement international). <br \/>\u2022 Curiosit\u00e9, autonomie, r\u00e9activit\u00e9 et sens du service client.<\/p>\t\t\t\t\t\t\t\t<\/div>\n\t\t\t\t<\/div>\n\t\t\t\t<div class=\"elementor-element elementor-element-6e6a8bd elementor-align-center elementor-widget elementor-widget-button\" data-id=\"6e6a8bd\" data-element_type=\"widget\" data-e-type=\"widget\" data-widget_type=\"button.default\">\n\t\t\t\t<div class=\"elementor-widget-container\">\n\t\t\t\t\t\t\t\t\t<div class=\"elementor-button-wrapper\">\n\t\t\t\t\t<a class=\"elementor-button elementor-button-link elementor-size-sm\" href=\"mailto:service.rh@optimix-solutions.com\" target=\"_blank\" rel=\"nofollow\">\n\t\t\t\t\t\t<span class=\"elementor-button-content-wrapper\">\n\t\t\t\t\t\t\t\t\t<span class=\"elementor-button-text\">Je postule<\/span>\n\t\t\t\t\t<\/span>\n\t\t\t\t\t<\/a>\n\t\t\t\t<\/div>\n\t\t\t\t\t\t\t\t<\/div>\n\t\t\t\t<\/div>\n\t\t\t\t<\/div>\n\t\t\t\t<\/div>\n\t\t<div class=\"elementor-element elementor-element-7eb5624 e-con-full e-flex wpr-particle-no wpr-jarallax-no wpr-parallax-no wpr-sticky-section-no e-con e-child\" data-id=\"7eb5624\" data-element_type=\"container\" data-e-type=\"container\">\n\t\t<div class=\"elementor-element elementor-element-ac726fe e-con-full e-flex wpr-particle-no wpr-jarallax-no wpr-parallax-no wpr-sticky-section-no e-con e-child\" data-id=\"ac726fe\" data-element_type=\"container\" data-e-type=\"container\">\n\t\t\t\t<div class=\"elementor-element elementor-element-7411a5a elementor-widget elementor-widget-heading\" data-id=\"7411a5a\" data-element_type=\"widget\" data-e-type=\"widget\" data-widget_type=\"heading.default\">\n\t\t\t\t<div class=\"elementor-widget-container\">\n\t\t\t\t\t<p class=\"elementor-heading-title elementor-size-default\">Vous souhaitez postuler \u00e0 cette offre ?<\/p>\t\t\t\t<\/div>\n\t\t\t\t<\/div>\n\t\t\t\t<div class=\"elementor-element elementor-element-70a22f2 elementor-widget elementor-widget-text-editor\" data-id=\"70a22f2\" data-element_type=\"widget\" data-e-type=\"widget\" data-widget_type=\"text-editor.default\">\n\t\t\t\t<div class=\"elementor-widget-container\">\n\t\t\t\t\t\t\t\t\t<p>Envoyez- nous votre CV et votre lettre de motivation en cliquant sur le bouton ci-joint :<\/p>\t\t\t\t\t\t\t\t<\/div>\n\t\t\t\t<\/div>\n\t\t\t\t<div class=\"elementor-element elementor-element-d770518 elementor-align-center elementor-hidden-mobile elementor-widget elementor-widget-button\" data-id=\"d770518\" data-element_type=\"widget\" data-e-type=\"widget\" data-widget_type=\"button.default\">\n\t\t\t\t<div class=\"elementor-widget-container\">\n\t\t\t\t\t\t\t\t\t<div class=\"elementor-button-wrapper\">\n\t\t\t\t\t<a class=\"elementor-button elementor-button-link elementor-size-sm\" href=\"mailto:service.rh@optimix-solutions.com\" target=\"_blank\" rel=\"nofollow\">\n\t\t\t\t\t\t<span class=\"elementor-button-content-wrapper\">\n\t\t\t\t\t\t\t\t\t<span class=\"elementor-button-text\">Je postule<\/span>\n\t\t\t\t\t<\/span>\n\t\t\t\t\t<\/a>\n\t\t\t\t<\/div>\n\t\t\t\t\t\t\t\t<\/div>\n\t\t\t\t<\/div>\n\t\t\t\t<div class=\"elementor-element elementor-element-b362ee8 elementor-widget__width-initial elementor-widget elementor-widget-image\" data-id=\"b362ee8\" data-element_type=\"widget\" data-e-type=\"widget\" data-widget_type=\"image.default\">\n\t\t\t\t<div class=\"elementor-widget-container\">\n\t\t\t\t\t\t\t\t\t\t\t\t\t\t\t<img decoding=\"async\" src=\"https:\/\/optimix-software.com\/wp-content\/uploads\/elementor\/thumbs\/consultant-optimix-solutions-rkqruloya2gdfv8javg1wxa9uzuq9jas0uo5wj67m8.webp\" title=\"consultant-optimix-solutions\" alt=\"Consultant Optimix -solutions\" loading=\"lazy\" \/>\t\t\t\t\t\t\t\t\t\t\t\t\t\t\t<\/div>\n\t\t\t\t<\/div>\n\t\t\t\t<div class=\"elementor-element elementor-element-033a68d elementor-widget elementor-widget-heading\" data-id=\"033a68d\" data-element_type=\"widget\" data-e-type=\"widget\" data-widget_type=\"heading.default\">\n\t\t\t\t<div class=\"elementor-widget-container\">\n\t\t\t\t\t<h2 class=\"elementor-heading-title elementor-size-default\">Ce que nous offrons<\/h2>\t\t\t\t<\/div>\n\t\t\t\t<\/div>\n\t\t\t\t<div class=\"elementor-element elementor-element-f8117e3 elementor-widget elementor-widget-text-editor\" data-id=\"f8117e3\" data-element_type=\"widget\" data-e-type=\"widget\" data-widget_type=\"text-editor.default\">\n\t\t\t\t<div class=\"elementor-widget-container\">\n\t\t\t\t\t\t\t\t\t<p>\u00a0Ce que nous vous offrons <br \/>\u2022 Un CDI \u00e0 temps plein, statut cadre. <br \/>\u2022 R\u00e9mun\u00e9ration attractive selon profil et exp\u00e9rience. <br \/>\u2022 Des avantages : RTT, mutuelle, tickets restaurants. <br \/>\u2022 Des bureaux situ\u00e9s \u00e0 Marcq-en-Bar\u0153ul (proche tramway Ch\u00e2teau Rouge). <br \/>\u2022 Un environnement dynamique, \u00e0 taille humaine, o\u00f9 vos initiatives sont valoris\u00e9es.<\/p>\t\t\t\t\t\t\t\t<\/div>\n\t\t\t\t<\/div>\n\t\t\t\t<\/div>\n\t\t\t\t<div class=\"elementor-element elementor-element-fb940bf elementor-widget elementor-widget-heading\" data-id=\"fb940bf\" data-element_type=\"widget\" data-e-type=\"widget\" data-widget_type=\"heading.default\">\n\t\t\t\t<div class=\"elementor-widget-container\">\n\t\t\t\t\t<h2 class=\"elementor-heading-title elementor-size-default\">Pourquoi nous rejoindre ?<\/h2>\t\t\t\t<\/div>\n\t\t\t\t<\/div>\n\t\t\t\t<div class=\"elementor-element elementor-element-8ae100e elementor-widget elementor-widget-text-editor\" data-id=\"8ae100e\" data-element_type=\"widget\" data-e-type=\"widget\" data-widget_type=\"text-editor.default\">\n\t\t\t\t<div class=\"elementor-widget-container\">\n\t\t\t\t\t\t\t\t\t<p>\u2022 Vous souhaitez rejoindre une \u00e9quipe de passionn\u00e9s et d\u2019experts <br \/>\u2022 Vous partagez les valeurs de partage, d&rsquo;excellence, de croissance et d&rsquo;entraide. <br \/>(RSE). <br \/>\u2022 Vous attachez de l\u2019importance \u00e0 la contribution aux enjeux de d\u00e9veloppement <br \/>durable <br \/>(afterworks, s\u00e9minaires, team <br \/>\u2022 Vous aimez partager des moments conviviaux <br \/>building). <br \/>MAXXING et OPTIMIX Solutions promeuvent la diversit\u00e9 et l&rsquo;\u00e9galit\u00e9 des chances. Nous <br \/>encourageons les candidatures de toute personne qualifi\u00e9e, sans distinction de genre, d&rsquo;origine, <br \/>d\u2019\u00e2ge ou de situation de handicap.<\/p>\t\t\t\t\t\t\t\t<\/div>\n\t\t\t\t<\/div>\n\t\t\t\t<\/div>\n\t\t\t\t<\/div>\n\t\t<div class=\"elementor-element elementor-element-8f5d0c8 e-flex e-con-boxed wpr-particle-no wpr-jarallax-no wpr-parallax-no wpr-sticky-section-no e-con e-parent\" data-id=\"8f5d0c8\" data-element_type=\"container\" data-e-type=\"container\">\n\t\t\t\t\t<div class=\"e-con-inner\">\n\t\t\t\t<div class=\"elementor-element elementor-element-0e63921 elementor-widget elementor-widget-heading\" data-id=\"0e63921\" data-element_type=\"widget\" data-e-type=\"widget\" data-widget_type=\"heading.default\">\n\t\t\t\t<div class=\"elementor-widget-container\">\n\t\t\t\t\t<h2 class=\"elementor-heading-title elementor-size-default\">Pr\u00eat(e) \u00e0 relever le d\u00e9fi ? Postulez !<\/h2>\t\t\t\t<\/div>\n\t\t\t\t<\/div>\n\t\t\t\t\t<\/div>\n\t\t\t\t<\/div>\n\t\t<div class=\"elementor-element elementor-element-619df2d e-flex e-con-boxed wpr-particle-no wpr-jarallax-no wpr-parallax-no wpr-sticky-section-no e-con e-parent\" data-id=\"619df2d\" data-element_type=\"container\" data-e-type=\"container\">\n\t\t\t\t\t<div class=\"e-con-inner\">\n\t\t\t\t<div class=\"elementor-element elementor-element-fcb2831 elementor-align-center elementor-widget elementor-widget-button\" data-id=\"fcb2831\" data-element_type=\"widget\" data-e-type=\"widget\" data-widget_type=\"button.default\">\n\t\t\t\t<div class=\"elementor-widget-container\">\n\t\t\t\t\t\t\t\t\t<div class=\"elementor-button-wrapper\">\n\t\t\t\t\t<a class=\"elementor-button elementor-button-link elementor-size-sm\" href=\"mailto:service.rh@optimix-solutions.com\" target=\"_blank\" rel=\"nofollow\">\n\t\t\t\t\t\t<span class=\"elementor-button-content-wrapper\">\n\t\t\t\t\t\t\t\t\t<span class=\"elementor-button-text\">Je postule<\/span>\n\t\t\t\t\t<\/span>\n\t\t\t\t\t<\/a>\n\t\t\t\t<\/div>\n\t\t\t\t\t\t\t\t<\/div>\n\t\t\t\t<\/div>\n\t\t\t\t\t<\/div>\n\t\t\t\t<\/div>\n\t\t<div class=\"elementor-element elementor-element-862e1ab e-flex e-con-boxed wpr-particle-no wpr-jarallax-no wpr-parallax-no wpr-sticky-section-no e-con e-parent\" data-id=\"862e1ab\" data-element_type=\"container\" data-e-type=\"container\">\n\t\t\t\t\t<div class=\"e-con-inner\">\n\t\t\t\t<div class=\"elementor-element elementor-element-419363e elementor-widget elementor-widget-image\" data-id=\"419363e\" data-element_type=\"widget\" data-e-type=\"widget\" data-widget_type=\"image.default\">\n\t\t\t\t<div class=\"elementor-widget-container\">\n\t\t\t\t\t\t\t\t\t\t\t\t\t\t\t<img fetchpriority=\"high\" decoding=\"async\" width=\"800\" height=\"533\" src=\"https:\/\/optimix-software.com\/wp-content\/uploads\/photo-collaborateurs-Optimix-1200x800.webp\" class=\"attachment-large size-large wp-image-28186\" alt=\"\" srcset=\"https:\/\/optimix-software.com\/wp-content\/uploads\/photo-collaborateurs-Optimix-1200x800.webp 1200w, https:\/\/optimix-software.com\/wp-content\/uploads\/photo-collaborateurs-Optimix-900x600.webp 900w, https:\/\/optimix-software.com\/wp-content\/uploads\/photo-collaborateurs-Optimix-768x512.webp 768w, https:\/\/optimix-software.com\/wp-content\/uploads\/photo-collaborateurs-Optimix.webp 1500w\" sizes=\"(max-width: 800px) 100vw, 800px\" \/>\t\t\t\t\t\t\t\t\t\t\t\t\t\t\t<\/div>\n\t\t\t\t<\/div>\n\t\t\t\t\t<\/div>\n\t\t\t\t<\/div>\n\t\t\t\t<\/div>\n\t\t","protected":false},"excerpt":{"rendered":"<p>Rejoignez Optimix, \u00e9diteur de logiciels innovants en Pricing et Supply Chain. Envoyez votre CV pour des opportunit\u00e9s passionnantes et fa\u00e7onnez l&rsquo;avenir avec nous !<\/p>\n","protected":false},"author":16,"featured_media":0,"parent":0,"menu_order":0,"comment_status":"closed","ping_status":"closed","template":"","meta":{"_eb_attr":"","content-type":"","footnotes":""},"class_list":["post-45456","page","type-page","status-publish","hentry"],"yoast_head":"<!-- This site is optimized with the Yoast SEO Premium plugin v22.8 (Yoast SEO v27.2) - https:\/\/yoast.com\/product\/yoast-seo-premium-wordpress\/ -->\n<title>Technicien Support TMA - Optimix Solutions<\/title>\n<meta name=\"description\" content=\"Rejoignez Optimix, \u00e9diteur de logiciels innovants en Pricing et Supply Chain. Postulez en candidature spontan\u00e9e et envoyez votre CV pour des opportunit\u00e9s passionnantes !\" \/>\n<meta name=\"robots\" content=\"index, follow, max-snippet:-1, max-image-preview:large, max-video-preview:-1\" \/>\n<link rel=\"canonical\" href=\"https:\/\/optimix-software.com\/fr\/technicien-support-tma\/\" \/>\n<meta property=\"og:locale\" content=\"fr_FR\" \/>\n<meta property=\"og:type\" content=\"article\" \/>\n<meta property=\"og:title\" content=\"Technicien Support TMA\" \/>\n<meta property=\"og:description\" content=\"Rejoignez Optimix, \u00e9diteur de logiciels innovants en Pricing et Supply Chain. Postulez en candidature spontan\u00e9e et envoyez votre CV pour des opportunit\u00e9s passionnantes !\" \/>\n<meta property=\"og:url\" content=\"https:\/\/optimix-software.com\/fr\/technicien-support-tma\/\" \/>\n<meta property=\"og:site_name\" content=\"Optimix Solutions\" \/>\n<meta property=\"article:modified_time\" content=\"2026-03-24T10:04:02+00:00\" \/>\n<meta property=\"og:image\" content=\"https:\/\/optimix-software.com\/wp-content\/uploads\/TMA.png\" \/>\n\t<meta property=\"og:image:width\" content=\"1600\" \/>\n\t<meta property=\"og:image:height\" content=\"900\" \/>\n\t<meta property=\"og:image:type\" content=\"image\/png\" \/>\n<meta name=\"twitter:card\" content=\"summary_large_image\" \/>\n<meta name=\"twitter:label1\" content=\"Dur\u00e9e de lecture estim\u00e9e\" \/>\n\t<meta name=\"twitter:data1\" content=\"3 minutes\" \/>\n<script type=\"application\/ld+json\" class=\"yoast-schema-graph\">{\"@context\":\"https:\/\/schema.org\",\"@graph\":[{\"@type\":\"WebPage\",\"@id\":\"https:\/\/optimix-software.com\/fr\/technicien-support-tma\/\",\"url\":\"https:\/\/optimix-software.com\/fr\/technicien-support-tma\/\",\"name\":\"Technicien Support TMA - Optimix Solutions\",\"isPartOf\":{\"@id\":\"https:\/\/optimix-software.com\/fr\/#website\"},\"primaryImageOfPage\":{\"@id\":\"https:\/\/optimix-software.com\/fr\/technicien-support-tma\/#primaryimage\"},\"image\":{\"@id\":\"https:\/\/optimix-software.com\/fr\/technicien-support-tma\/#primaryimage\"},\"thumbnailUrl\":\"https:\/\/optimix-software.com\/wp-content\/uploads\/elementor\/thumbs\/consultant-optimix-solutions-rkqruloya2gdfv8javg1wxa9uzuq9jas0uo5wj67m8.webp\",\"datePublished\":\"2025-04-28T11:36:06+00:00\",\"dateModified\":\"2026-03-24T10:04:02+00:00\",\"description\":\"Rejoignez Optimix, \u00e9diteur de logiciels innovants en Pricing et Supply Chain. Postulez en candidature spontan\u00e9e et envoyez votre CV pour des opportunit\u00e9s passionnantes !\",\"breadcrumb\":{\"@id\":\"https:\/\/optimix-software.com\/fr\/technicien-support-tma\/#breadcrumb\"},\"inLanguage\":\"fr-FR\",\"potentialAction\":[{\"@type\":\"ReadAction\",\"target\":[\"https:\/\/optimix-software.com\/fr\/technicien-support-tma\/\"]}]},{\"@type\":\"ImageObject\",\"inLanguage\":\"fr-FR\",\"@id\":\"https:\/\/optimix-software.com\/fr\/technicien-support-tma\/#primaryimage\",\"url\":\"https:\/\/optimix-software.com\/wp-content\/uploads\/elementor\/thumbs\/consultant-optimix-solutions-rkqruloya2gdfv8javg1wxa9uzuq9jas0uo5wj67m8.webp\",\"contentUrl\":\"https:\/\/optimix-software.com\/wp-content\/uploads\/elementor\/thumbs\/consultant-optimix-solutions-rkqruloya2gdfv8javg1wxa9uzuq9jas0uo5wj67m8.webp\"},{\"@type\":\"BreadcrumbList\",\"@id\":\"https:\/\/optimix-software.com\/fr\/technicien-support-tma\/#breadcrumb\",\"itemListElement\":[{\"@type\":\"ListItem\",\"position\":1,\"name\":\"Accueil\",\"item\":\"https:\/\/optimix-software.com\/fr\/\"},{\"@type\":\"ListItem\",\"position\":2,\"name\":\"Technicien Support TMA\"}]},{\"@type\":\"WebSite\",\"@id\":\"https:\/\/optimix-software.com\/fr\/#website\",\"url\":\"https:\/\/optimix-software.com\/fr\/\",\"name\":\"Optimix Solutions\",\"description\":\"Editeur de solutions de Pricing et Supply Chain\",\"publisher\":{\"@id\":\"https:\/\/optimix-software.com\/fr\/#organization\"},\"potentialAction\":[{\"@type\":\"SearchAction\",\"target\":{\"@type\":\"EntryPoint\",\"urlTemplate\":\"https:\/\/optimix-software.com\/fr\/?s={search_term_string}\"},\"query-input\":{\"@type\":\"PropertyValueSpecification\",\"valueRequired\":true,\"valueName\":\"search_term_string\"}}],\"inLanguage\":\"fr-FR\"},{\"@type\":\"Organization\",\"@id\":\"https:\/\/optimix-software.com\/fr\/#organization\",\"name\":\"Optimix Software\",\"url\":\"https:\/\/optimix-software.com\/fr\/\",\"logo\":{\"@type\":\"ImageObject\",\"inLanguage\":\"fr-FR\",\"@id\":\"https:\/\/optimix-software.com\/fr\/#\/schema\/logo\/image\/\",\"url\":\"https:\/\/optimix-software.com\/wp-content\/uploads\/logo-carre-optimix-RETAIL-PERFORMANCE-SOFTWARE.jpg\",\"contentUrl\":\"https:\/\/optimix-software.com\/wp-content\/uploads\/logo-carre-optimix-RETAIL-PERFORMANCE-SOFTWARE.jpg\",\"width\":2001,\"height\":2001,\"caption\":\"Optimix Software\"},\"image\":{\"@id\":\"https:\/\/optimix-software.com\/fr\/#\/schema\/logo\/image\/\"},\"sameAs\":[\"https:\/\/www.linkedin.com\/company\/optimix-ffr\/\"]}]}<\/script>\n<!-- \/ Yoast SEO Premium plugin. -->","yoast_head_json":{"title":"Technicien Support TMA - Optimix Solutions","description":"Rejoignez Optimix, \u00e9diteur de logiciels innovants en Pricing et Supply Chain. Postulez en candidature spontan\u00e9e et envoyez votre CV pour des opportunit\u00e9s passionnantes !","robots":{"index":"index","follow":"follow","max-snippet":"max-snippet:-1","max-image-preview":"max-image-preview:large","max-video-preview":"max-video-preview:-1"},"canonical":"https:\/\/optimix-software.com\/fr\/technicien-support-tma\/","og_locale":"fr_FR","og_type":"article","og_title":"Technicien Support TMA","og_description":"Rejoignez Optimix, \u00e9diteur de logiciels innovants en Pricing et Supply Chain. Postulez en candidature spontan\u00e9e et envoyez votre CV pour des opportunit\u00e9s passionnantes !","og_url":"https:\/\/optimix-software.com\/fr\/technicien-support-tma\/","og_site_name":"Optimix Solutions","article_modified_time":"2026-03-24T10:04:02+00:00","og_image":[{"width":1600,"height":900,"url":"https:\/\/optimix-software.com\/wp-content\/uploads\/TMA.png","type":"image\/png"}],"twitter_card":"summary_large_image","twitter_misc":{"Dur\u00e9e de lecture estim\u00e9e":"3 minutes"},"schema":{"@context":"https:\/\/schema.org","@graph":[{"@type":"WebPage","@id":"https:\/\/optimix-software.com\/fr\/technicien-support-tma\/","url":"https:\/\/optimix-software.com\/fr\/technicien-support-tma\/","name":"Technicien Support TMA - Optimix Solutions","isPartOf":{"@id":"https:\/\/optimix-software.com\/fr\/#website"},"primaryImageOfPage":{"@id":"https:\/\/optimix-software.com\/fr\/technicien-support-tma\/#primaryimage"},"image":{"@id":"https:\/\/optimix-software.com\/fr\/technicien-support-tma\/#primaryimage"},"thumbnailUrl":"https:\/\/optimix-software.com\/wp-content\/uploads\/elementor\/thumbs\/consultant-optimix-solutions-rkqruloya2gdfv8javg1wxa9uzuq9jas0uo5wj67m8.webp","datePublished":"2025-04-28T11:36:06+00:00","dateModified":"2026-03-24T10:04:02+00:00","description":"Rejoignez Optimix, \u00e9diteur de logiciels innovants en Pricing et Supply Chain. Postulez en candidature spontan\u00e9e et envoyez votre CV pour des opportunit\u00e9s passionnantes !","breadcrumb":{"@id":"https:\/\/optimix-software.com\/fr\/technicien-support-tma\/#breadcrumb"},"inLanguage":"fr-FR","potentialAction":[{"@type":"ReadAction","target":["https:\/\/optimix-software.com\/fr\/technicien-support-tma\/"]}]},{"@type":"ImageObject","inLanguage":"fr-FR","@id":"https:\/\/optimix-software.com\/fr\/technicien-support-tma\/#primaryimage","url":"https:\/\/optimix-software.com\/wp-content\/uploads\/elementor\/thumbs\/consultant-optimix-solutions-rkqruloya2gdfv8javg1wxa9uzuq9jas0uo5wj67m8.webp","contentUrl":"https:\/\/optimix-software.com\/wp-content\/uploads\/elementor\/thumbs\/consultant-optimix-solutions-rkqruloya2gdfv8javg1wxa9uzuq9jas0uo5wj67m8.webp"},{"@type":"BreadcrumbList","@id":"https:\/\/optimix-software.com\/fr\/technicien-support-tma\/#breadcrumb","itemListElement":[{"@type":"ListItem","position":1,"name":"Accueil","item":"https:\/\/optimix-software.com\/fr\/"},{"@type":"ListItem","position":2,"name":"Technicien Support TMA"}]},{"@type":"WebSite","@id":"https:\/\/optimix-software.com\/fr\/#website","url":"https:\/\/optimix-software.com\/fr\/","name":"Optimix Solutions","description":"Editeur de solutions de Pricing et Supply Chain","publisher":{"@id":"https:\/\/optimix-software.com\/fr\/#organization"},"potentialAction":[{"@type":"SearchAction","target":{"@type":"EntryPoint","urlTemplate":"https:\/\/optimix-software.com\/fr\/?s={search_term_string}"},"query-input":{"@type":"PropertyValueSpecification","valueRequired":true,"valueName":"search_term_string"}}],"inLanguage":"fr-FR"},{"@type":"Organization","@id":"https:\/\/optimix-software.com\/fr\/#organization","name":"Optimix Software","url":"https:\/\/optimix-software.com\/fr\/","logo":{"@type":"ImageObject","inLanguage":"fr-FR","@id":"https:\/\/optimix-software.com\/fr\/#\/schema\/logo\/image\/","url":"https:\/\/optimix-software.com\/wp-content\/uploads\/logo-carre-optimix-RETAIL-PERFORMANCE-SOFTWARE.jpg","contentUrl":"https:\/\/optimix-software.com\/wp-content\/uploads\/logo-carre-optimix-RETAIL-PERFORMANCE-SOFTWARE.jpg","width":2001,"height":2001,"caption":"Optimix Software"},"image":{"@id":"https:\/\/optimix-software.com\/fr\/#\/schema\/logo\/image\/"},"sameAs":["https:\/\/www.linkedin.com\/company\/optimix-ffr\/"]}]}},"_links":{"self":[{"href":"https:\/\/optimix-software.com\/fr\/wp-json\/wp\/v2\/pages\/45456","targetHints":{"allow":["GET"]}}],"collection":[{"href":"https:\/\/optimix-software.com\/fr\/wp-json\/wp\/v2\/pages"}],"about":[{"href":"https:\/\/optimix-software.com\/fr\/wp-json\/wp\/v2\/types\/page"}],"author":[{"embeddable":true,"href":"https:\/\/optimix-software.com\/fr\/wp-json\/wp\/v2\/users\/16"}],"replies":[{"embeddable":true,"href":"https:\/\/optimix-software.com\/fr\/wp-json\/wp\/v2\/comments?post=45456"}],"version-history":[{"count":0,"href":"https:\/\/optimix-software.com\/fr\/wp-json\/wp\/v2\/pages\/45456\/revisions"}],"wp:attachment":[{"href":"https:\/\/optimix-software.com\/fr\/wp-json\/wp\/v2\/media?parent=45456"}],"curies":[{"name":"wp","href":"https:\/\/api.w.org\/{rel}","templated":true}]}}