{"id":67503,"date":"2026-01-27T16:54:10","date_gmt":"2026-01-27T15:54:10","guid":{"rendered":"https:\/\/optimix-software.com\/?page_id=67503"},"modified":"2026-01-28T16:50:00","modified_gmt":"2026-01-28T15:50:00","slug":"chef-projet-supply-chain","status":"publish","type":"page","link":"https:\/\/optimix-software.com\/fr\/chef-projet-supply-chain\/","title":{"rendered":"Chef(fe) de projets Supply Chain"},"content":{"rendered":"\t\t<div data-elementor-type=\"wp-page\" data-elementor-id=\"67503\" class=\"elementor elementor-67503\" data-elementor-post-type=\"page\">\n\t\t\t\t<div class=\"elementor-element elementor-element-8411067 e-flex e-con-boxed wpr-particle-no wpr-jarallax-no wpr-parallax-no wpr-sticky-section-no e-con e-parent\" data-id=\"8411067\" data-element_type=\"container\" data-e-type=\"container\">\n\t\t\t\t\t<div class=\"e-con-inner\">\n\t\t<div class=\"elementor-element elementor-element-a116220 e-con-full e-flex wpr-particle-no wpr-jarallax-no wpr-parallax-no wpr-sticky-section-no e-con e-child\" data-id=\"a116220\" data-element_type=\"container\" data-e-type=\"container\">\n\t\t\t\t<div class=\"elementor-element elementor-element-74e1f15 elementor-widget elementor-widget-heading\" data-id=\"74e1f15\" data-element_type=\"widget\" data-e-type=\"widget\" data-widget_type=\"heading.default\">\n\t\t\t\t<div class=\"elementor-widget-container\">\n\t\t\t\t\t<h1 class=\"elementor-heading-title elementor-size-default\">Chef(fe) de projet Supply Chain<\/h1>\t\t\t\t<\/div>\n\t\t\t\t<\/div>\n\t\t\t\t<div class=\"elementor-element elementor-element-bb1fcad elementor-widget elementor-widget-text-editor\" data-id=\"bb1fcad\" data-element_type=\"widget\" data-e-type=\"widget\" data-widget_type=\"text-editor.default\">\n\t\t\t\t<div class=\"elementor-widget-container\">\n\t\t\t\t\t\t\t\t\t<p>Optimix poursuit sa croissance et recrute <strong>Un(e) Chef(fe) de Projet Supply Chain (H\/F)<\/strong> pour renforcer ses \u00e9quipes et accompagner le d\u00e9ploiement de sa solution <strong>XFR \u2013 Forecast &amp; Replenishment<\/strong> aupr\u00e8s de clients grands comptes et mid-market.<\/p>\n<p><strong><u>FUTUR ENVIRONNEMENT DE TRAVAIL<\/u><\/strong><\/p>\n<p>Rattach\u00e9(e) au Directeur des Projets et Services, vous interviendrez au c\u0153ur des projets de d\u00e9ploiement de notre solution XFR chez nos clients, acteurs majeurs de la grande distribution, de la distribution sp\u00e9cialis\u00e9e, du n\u00e9goce.<\/p>\n<p>Vous \u00e9voluerez dans un environnement <strong>technique, data-driven et international<\/strong>, sur des projets \u00e0 forts enjeux business, n\u00e9cessitant \u00e0 la fois <strong>rigueur, capacit\u00e9 d\u2019analyse et compr\u00e9hension des probl\u00e9matiques Supply Chain<\/strong>.<\/p>\n<p>Un challenge structurant s\u2019offre \u00e0 vous en tant que <strong>Chef(fe) de Projet Supply Chain<\/strong> !<\/p>\n<p><strong><u>MISSIONS ET ACTIVIT\u00c9S<\/u><\/strong><\/p>\n<p>En tant que Chef(fe) de Projet, vous serez responsable du pilotage et de la mise en \u0153uvre de la solution XFR chez nos clients.<\/p>\n<p>\u00c0 ce titre, vous interviendrez sur l\u2019ensemble du cycle projet :<\/p>\n<p><strong>\ud83d\udd39<\/strong><strong> Cadrage &amp; conception<\/strong><\/p>\n<ul>\n<li>Compr\u00e9hension des besoins clients en mati\u00e8re de <strong>pr\u00e9visions de ventes et d\u2019approvisionnement<\/strong><\/li>\n<li>Analyse des processus existants et des donn\u00e9es Supply Chain<\/li>\n<li>Animation d\u2019ateliers avec les \u00e9quipes m\u00e9tiers et IT<\/li>\n<li>Contribution \u00e0 la d\u00e9finition des solutions cibles et des param\u00e9trages XFR<\/li>\n<\/ul>\n<p><strong>\ud83d\udd39<\/strong><strong> R\u00e9alisation &amp; d\u00e9ploiement<\/strong><\/p>\n<ul>\n<li>Pilotage du projet (planning, risques, coordination des parties prenantes)<\/li>\n<li>Param\u00e9trage fonctionnel et accompagnement \u00e0 la mise en \u0153uvre de la solution<\/li>\n<li>R\u00e9alisation ou contribution aux recettes fonctionnelles<\/li>\n<li>Support au d\u00e9ploiement et accompagnement du changement (formation, support utilisateur)<\/li>\n<\/ul>\n<p><strong>\ud83d\udd39<\/strong><strong> Suivi &amp; pilotage<\/strong><\/p>\n<ul>\n<li>Suivi de l\u2019avancement projet et reporting<\/li>\n<li>Interface entre les \u00e9quipes clients et les \u00e9quipes internes Optimix<\/li>\n<li>Contribution \u00e0 l\u2019am\u00e9lioration continue de nos m\u00e9thodes et de la solution.<\/li>\n<\/ul>\t\t\t\t\t\t\t\t<\/div>\n\t\t\t\t<\/div>\n\t\t\t\t<div class=\"elementor-element elementor-element-f99ee13 elementor-widget elementor-widget-text-editor\" data-id=\"f99ee13\" data-element_type=\"widget\" data-e-type=\"widget\" data-widget_type=\"text-editor.default\">\n\t\t\t\t<div class=\"elementor-widget-container\">\n\t\t\t\t\t\t\t\t\t<p><strong><u>PROFIL RECHERCH\u00c9<\/u><\/strong><\/p><p><strong>\ud83c\udf93<\/strong><strong> Formation<\/strong><\/p><ul><li>Dipl\u00f4m\u00e9(e) <strong>d\u2019une \u00e9cole d\u2019ing\u00e9nieur ou d\u2019un Master \u00e0 dominante technique<\/strong><\/li><li>Les profils ing\u00e9nieurs sont privil\u00e9gi\u00e9s par rapport aux profils \u00e9coles de commerce<\/li><\/ul><p><strong>\ud83e\udde0<\/strong><strong> Exp\u00e9rience &amp; comp\u00e9tences<\/strong><\/p><ul><li>Premi\u00e8re exp\u00e9rience r\u00e9ussie (ou 2\u20133 ans) en <strong>gestion de projet IT \/ Supply Chain<\/strong><\/li><li><strong>Une exp\u00e9rience Supply Chain est un plus<\/strong>, notamment dans les domaines :<ul><li>Pr\u00e9visions de ventes<\/li><li>R\u00e9approvisionnement \/ gestion des stocks<\/li><\/ul><\/li><li>Une exp\u00e9rience dans les secteurs suivants est particuli\u00e8rement appr\u00e9ci\u00e9e :<ul><li>Alimentaire<\/li><li>Bricolage<\/li><li>Bazar<\/li><li>Hygi\u00e8ne \/ Beaut\u00e9<br \/>(volumes de ventes cons\u00e9quents)<\/li><\/ul><\/li><\/ul><p><strong>\ud83d\udee0\ufe0f<\/strong><strong> Comp\u00e9tences techniques<\/strong><\/p><ul><li>Capacit\u00e9 \u00e0 effectuer des <strong>requ\u00eates SQL (PostgreSQL)<\/strong> ou forte app\u00e9tence technique pour monter en comp\u00e9tences rapidement<\/li><li>\u00c0 l\u2019aise avec les donn\u00e9es, les outils d\u00e9cisionnels et les environnements logiciels complexes<\/li><li>Int\u00e9r\u00eat marqu\u00e9 pour les solutions Supply Chain et les syst\u00e8mes de pr\u00e9vision \/ planification<\/li><\/ul><p><strong>\ud83e\udd1d<\/strong><strong> Qualit\u00e9s personnelles<\/strong><\/p><ul><li>Esprit analytique, rigueur et sens de la structuration<\/li><li>Autonomie, curiosit\u00e9 technique et capacit\u00e9 \u00e0 \u201cmettre les mains dans l\u2019outil\u201d<\/li><li>Bon relationnel et capacit\u00e9 \u00e0 interagir avec des interlocuteurs vari\u00e9s (m\u00e9tiers \/ IT)<\/li><li>Go\u00fbt pour le travail en \u00e9quipe et les environnements exigeants<\/li><\/ul><p><strong>\ud83c\udf0d<\/strong><strong> Langues<\/strong><\/p><ul><li><strong>Anglais professionnel requis<\/strong> (contexte international)<\/li><\/ul>\t\t\t\t\t\t\t\t<\/div>\n\t\t\t\t<\/div>\n\t\t\t\t<div class=\"elementor-element elementor-element-bbd2f35 elementor-align-center elementor-widget elementor-widget-button\" data-id=\"bbd2f35\" data-element_type=\"widget\" data-e-type=\"widget\" data-widget_type=\"button.default\">\n\t\t\t\t<div class=\"elementor-widget-container\">\n\t\t\t\t\t\t\t\t\t<div class=\"elementor-button-wrapper\">\n\t\t\t\t\t<a class=\"elementor-button elementor-button-link elementor-size-sm\" href=\"mailto:service.rh@optimix-solutions.com\" target=\"_blank\" rel=\"nofollow\">\n\t\t\t\t\t\t<span class=\"elementor-button-content-wrapper\">\n\t\t\t\t\t\t\t\t\t<span class=\"elementor-button-text\">Je postule<\/span>\n\t\t\t\t\t<\/span>\n\t\t\t\t\t<\/a>\n\t\t\t\t<\/div>\n\t\t\t\t\t\t\t\t<\/div>\n\t\t\t\t<\/div>\n\t\t\t\t<\/div>\n\t\t<div class=\"elementor-element elementor-element-cf65350 e-con-full e-flex wpr-particle-no wpr-jarallax-no wpr-parallax-no wpr-sticky-section-no e-con e-child\" data-id=\"cf65350\" data-element_type=\"container\" data-e-type=\"container\">\n\t\t\t\t<div class=\"elementor-element elementor-element-5c84c52 elementor-widget elementor-widget-heading\" data-id=\"5c84c52\" data-element_type=\"widget\" data-e-type=\"widget\" data-widget_type=\"heading.default\">\n\t\t\t\t<div class=\"elementor-widget-container\">\n\t\t\t\t\t<p class=\"elementor-heading-title elementor-size-default\">Vous souhaitez postuler \u00e0 cette offre ?<\/p>\t\t\t\t<\/div>\n\t\t\t\t<\/div>\n\t\t\t\t<div class=\"elementor-element elementor-element-0ae043a elementor-widget elementor-widget-text-editor\" data-id=\"0ae043a\" data-element_type=\"widget\" data-e-type=\"widget\" data-widget_type=\"text-editor.default\">\n\t\t\t\t<div class=\"elementor-widget-container\">\n\t\t\t\t\t\t\t\t\t<p>Envoyez- nous votre CV et votre lettre de motivation en cliquant sur le bouton ci-joint :<\/p>\t\t\t\t\t\t\t\t<\/div>\n\t\t\t\t<\/div>\n\t\t\t\t<div class=\"elementor-element elementor-element-3340f88 elementor-align-center elementor-widget elementor-widget-button\" data-id=\"3340f88\" data-element_type=\"widget\" data-e-type=\"widget\" data-widget_type=\"button.default\">\n\t\t\t\t<div class=\"elementor-widget-container\">\n\t\t\t\t\t\t\t\t\t<div class=\"elementor-button-wrapper\">\n\t\t\t\t\t<a class=\"elementor-button elementor-button-link elementor-size-sm\" href=\"mailto:service.rh@optimix-solutions.com\" target=\"_blank\" rel=\"nofollow\">\n\t\t\t\t\t\t<span class=\"elementor-button-content-wrapper\">\n\t\t\t\t\t\t\t\t\t<span class=\"elementor-button-text\">Je postule<\/span>\n\t\t\t\t\t<\/span>\n\t\t\t\t\t<\/a>\n\t\t\t\t<\/div>\n\t\t\t\t\t\t\t\t<\/div>\n\t\t\t\t<\/div>\n\t\t\t\t<div class=\"elementor-element elementor-element-c6ae1c7 elementor-widget elementor-widget-image\" data-id=\"c6ae1c7\" data-element_type=\"widget\" data-e-type=\"widget\" data-widget_type=\"image.default\">\n\t\t\t\t<div class=\"elementor-widget-container\">\n\t\t\t\t\t\t\t\t\t\t\t\t\t\t\t<img fetchpriority=\"high\" decoding=\"async\" width=\"700\" height=\"750\" src=\"https:\/\/optimix-software.com\/wp-content\/uploads\/role-de-lintelligence-artificielle-dans-la-prevision-des-ventes-precision-agilite-et-impact-business-optimix-solutions-1.webp\" class=\"attachment-large size-large wp-image-66573\" alt=\"\" srcset=\"https:\/\/optimix-software.com\/wp-content\/uploads\/role-de-lintelligence-artificielle-dans-la-prevision-des-ventes-precision-agilite-et-impact-business-optimix-solutions-1.webp 700w, https:\/\/optimix-software.com\/wp-content\/uploads\/role-de-lintelligence-artificielle-dans-la-prevision-des-ventes-precision-agilite-et-impact-business-optimix-solutions-1-560x600.webp 560w\" sizes=\"(max-width: 700px) 100vw, 700px\" \/>\t\t\t\t\t\t\t\t\t\t\t\t\t\t\t<\/div>\n\t\t\t\t<\/div>\n\t\t\t\t<div class=\"elementor-element elementor-element-58315a2 elementor-widget elementor-widget-text-editor\" data-id=\"58315a2\" data-element_type=\"widget\" data-e-type=\"widget\" data-widget_type=\"text-editor.default\">\n\t\t\t\t<div class=\"elementor-widget-container\">\n\t\t\t\t\t\t\t\t\t<p>\u00a0<\/p><p><strong><u>CE QUE NOUS VOUS OFFRONS<\/u><\/strong><\/p><ul><li>Type de contrat : CDI, statut cadre<\/li><li>Localisation : M\u00e9tropole lilloise<\/li><li>T\u00e9l\u00e9travail : possible<\/li><li>D\u00e9placements : ponctuels chez nos clients<\/li><li>R\u00e9mun\u00e9ration : fixe selon profil et exp\u00e9rience<\/li><li>De r\u00e9els avantages : RTT, mutuelle, tickets restaurants<\/li><li>Un environnement stimulant o\u00f9 vos d\u00e9cisions auront un impact direct<\/li><li>L\u2019opportunit\u00e9 d\u2019\u00e9voluer dans une entreprise \u00e0 taille humaine et ambitieuse<\/li><\/ul><p><strong><u>POURQUOI NOUS REJOINDRE ?<\/u><\/strong><\/p><p>Chez\u00a0OptimiX Solutions, nous croyons au potentiel de chacun. Nous vous donnons les moyens d\u2019agir avec autonomie, de piloter vos projets strat\u00e9giques, et de vous \u00e9panouir dans un secteur en pleine transformation gr\u00e2ce \u00e0 la richesse fonctionnelle de notre solution, \u00e0 l\u2019int\u00e9gration de l\u2019Intelligence Artificielle.<\/p>\t\t\t\t\t\t\t\t<\/div>\n\t\t\t\t<\/div>\n\t\t\t\t<\/div>\n\t\t\t\t\t<\/div>\n\t\t\t\t<\/div>\n\t\t<div class=\"elementor-element elementor-element-862e1ab e-flex e-con-boxed wpr-particle-no wpr-jarallax-no wpr-parallax-no wpr-sticky-section-no e-con e-parent\" data-id=\"862e1ab\" data-element_type=\"container\" data-e-type=\"container\">\n\t\t\t\t\t<div class=\"e-con-inner\">\n\t\t\t\t<div class=\"elementor-element elementor-element-bc003da elementor-widget elementor-widget-heading\" data-id=\"bc003da\" data-element_type=\"widget\" data-e-type=\"widget\" data-widget_type=\"heading.default\">\n\t\t\t\t<div class=\"elementor-widget-container\">\n\t\t\t\t\t<h2 class=\"elementor-heading-title elementor-size-default\">Rejoignez l'aventure !<\/h2>\t\t\t\t<\/div>\n\t\t\t\t<\/div>\n\t\t\t\t<div class=\"elementor-element elementor-element-419363e elementor-widget elementor-widget-image\" data-id=\"419363e\" data-element_type=\"widget\" data-e-type=\"widget\" data-widget_type=\"image.default\">\n\t\t\t\t<div class=\"elementor-widget-container\">\n\t\t\t\t\t\t\t\t\t\t\t\t\t\t\t<img decoding=\"async\" width=\"800\" height=\"533\" src=\"https:\/\/optimix-software.com\/wp-content\/uploads\/photo-collaborateurs-Optimix-1200x800.webp\" class=\"attachment-large size-large wp-image-28186\" alt=\"\" srcset=\"https:\/\/optimix-software.com\/wp-content\/uploads\/photo-collaborateurs-Optimix-1200x800.webp 1200w, https:\/\/optimix-software.com\/wp-content\/uploads\/photo-collaborateurs-Optimix-900x600.webp 900w, https:\/\/optimix-software.com\/wp-content\/uploads\/photo-collaborateurs-Optimix-768x512.webp 768w, https:\/\/optimix-software.com\/wp-content\/uploads\/photo-collaborateurs-Optimix.webp 1500w\" sizes=\"(max-width: 800px) 100vw, 800px\" \/>\t\t\t\t\t\t\t\t\t\t\t\t\t\t\t<\/div>\n\t\t\t\t<\/div>\n\t\t\t\t\t<\/div>\n\t\t\t\t<\/div>\n\t\t<div class=\"elementor-element elementor-element-e9e39d5 e-flex e-con-boxed wpr-particle-no wpr-jarallax-no wpr-parallax-no wpr-sticky-section-no e-con e-parent\" data-id=\"e9e39d5\" data-element_type=\"container\" data-e-type=\"container\">\n\t\t\t\t\t<div class=\"e-con-inner\">\n\t\t\t\t<div class=\"elementor-element elementor-element-68b142e elementor-align-center elementor-widget elementor-widget-button\" data-id=\"68b142e\" data-element_type=\"widget\" data-e-type=\"widget\" data-widget_type=\"button.default\">\n\t\t\t\t<div class=\"elementor-widget-container\">\n\t\t\t\t\t\t\t\t\t<div class=\"elementor-button-wrapper\">\n\t\t\t\t\t<a class=\"elementor-button elementor-button-link elementor-size-sm\" href=\"mailto:service.rh@optimix-solutions.com\" target=\"_blank\" rel=\"nofollow\">\n\t\t\t\t\t\t<span class=\"elementor-button-content-wrapper\">\n\t\t\t\t\t\t\t\t\t<span class=\"elementor-button-text\">Je postule<\/span>\n\t\t\t\t\t<\/span>\n\t\t\t\t\t<\/a>\n\t\t\t\t<\/div>\n\t\t\t\t\t\t\t\t<\/div>\n\t\t\t\t<\/div>\n\t\t\t\t\t<\/div>\n\t\t\t\t<\/div>\n\t\t\t\t<\/div>\n\t\t","protected":false},"excerpt":{"rendered":"<p>Rejoignez Optimix, \u00e9diteur de logiciels innovants en Pricing et Supply Chain. Envoyez votre CV pour des opportunit\u00e9s passionnantes et fa\u00e7onnez l&rsquo;avenir avec nous !<\/p>\n","protected":false},"author":16,"featured_media":0,"parent":0,"menu_order":0,"comment_status":"closed","ping_status":"closed","template":"","meta":{"_eb_attr":"","content-type":"","footnotes":""},"class_list":["post-67503","page","type-page","status-publish","hentry"],"yoast_head":"<!-- This site is optimized with the Yoast SEO Premium plugin v22.8 (Yoast SEO v27.2) - https:\/\/yoast.com\/product\/yoast-seo-premium-wordpress\/ -->\n<title>Chef de Projet - Optimix Solutions<\/title>\n<meta name=\"description\" content=\"Rejoignez Optimix, \u00e9diteur de logiciels innovants en Pricing et Supply Chain. Postulez en candidature spontan\u00e9e et envoyez votre CV pour des opportunit\u00e9s passionnantes !\" \/>\n<meta name=\"robots\" content=\"index, follow, max-snippet:-1, max-image-preview:large, max-video-preview:-1\" \/>\n<link rel=\"canonical\" href=\"https:\/\/optimix-software.com\/fr\/chef-projet-supply-chain\/\" \/>\n<meta property=\"og:locale\" content=\"fr_FR\" \/>\n<meta property=\"og:type\" content=\"article\" \/>\n<meta property=\"og:title\" content=\"Chef(fe) de projets Supply Chain\" \/>\n<meta property=\"og:description\" content=\"Rejoignez Optimix, \u00e9diteur de logiciels innovants en Pricing et Supply Chain. Postulez en candidature spontan\u00e9e et envoyez votre CV pour des opportunit\u00e9s passionnantes !\" \/>\n<meta property=\"og:url\" content=\"https:\/\/optimix-software.com\/fr\/chef-projet-supply-chain\/\" \/>\n<meta property=\"og:site_name\" content=\"Optimix Solutions\" \/>\n<meta property=\"article:modified_time\" content=\"2026-01-28T15:50:00+00:00\" \/>\n<meta property=\"og:image\" content=\"https:\/\/optimix-software.com\/wp-content\/uploads\/CP.png\" \/>\n\t<meta property=\"og:image:width\" content=\"1600\" \/>\n\t<meta property=\"og:image:height\" content=\"900\" \/>\n\t<meta property=\"og:image:type\" content=\"image\/png\" \/>\n<meta name=\"twitter:card\" content=\"summary_large_image\" \/>\n<meta name=\"twitter:label1\" content=\"Dur\u00e9e de lecture estim\u00e9e\" \/>\n\t<meta name=\"twitter:data1\" content=\"4 minutes\" \/>\n<script type=\"application\/ld+json\" class=\"yoast-schema-graph\">{\"@context\":\"https:\/\/schema.org\",\"@graph\":[{\"@type\":\"WebPage\",\"@id\":\"https:\/\/optimix-software.com\/fr\/chef-projet-supply-chain\/\",\"url\":\"https:\/\/optimix-software.com\/fr\/chef-projet-supply-chain\/\",\"name\":\"Chef de Projet - Optimix Solutions\",\"isPartOf\":{\"@id\":\"https:\/\/optimix-software.com\/fr\/#website\"},\"primaryImageOfPage\":{\"@id\":\"https:\/\/optimix-software.com\/fr\/chef-projet-supply-chain\/#primaryimage\"},\"image\":{\"@id\":\"https:\/\/optimix-software.com\/fr\/chef-projet-supply-chain\/#primaryimage\"},\"thumbnailUrl\":\"https:\/\/optimix-software.com\/wp-content\/uploads\/role-de-lintelligence-artificielle-dans-la-prevision-des-ventes-precision-agilite-et-impact-business-optimix-solutions-1.webp\",\"datePublished\":\"2026-01-27T15:54:10+00:00\",\"dateModified\":\"2026-01-28T15:50:00+00:00\",\"description\":\"Rejoignez Optimix, \u00e9diteur de logiciels innovants en Pricing et Supply Chain. Postulez en candidature spontan\u00e9e et envoyez votre CV pour des opportunit\u00e9s passionnantes !\",\"breadcrumb\":{\"@id\":\"https:\/\/optimix-software.com\/fr\/chef-projet-supply-chain\/#breadcrumb\"},\"inLanguage\":\"fr-FR\",\"potentialAction\":[{\"@type\":\"ReadAction\",\"target\":[\"https:\/\/optimix-software.com\/fr\/chef-projet-supply-chain\/\"]}]},{\"@type\":\"ImageObject\",\"inLanguage\":\"fr-FR\",\"@id\":\"https:\/\/optimix-software.com\/fr\/chef-projet-supply-chain\/#primaryimage\",\"url\":\"https:\/\/optimix-software.com\/wp-content\/uploads\/role-de-lintelligence-artificielle-dans-la-prevision-des-ventes-precision-agilite-et-impact-business-optimix-solutions-1.webp\",\"contentUrl\":\"https:\/\/optimix-software.com\/wp-content\/uploads\/role-de-lintelligence-artificielle-dans-la-prevision-des-ventes-precision-agilite-et-impact-business-optimix-solutions-1.webp\"},{\"@type\":\"BreadcrumbList\",\"@id\":\"https:\/\/optimix-software.com\/fr\/chef-projet-supply-chain\/#breadcrumb\",\"itemListElement\":[{\"@type\":\"ListItem\",\"position\":1,\"name\":\"Accueil\",\"item\":\"https:\/\/optimix-software.com\/fr\/\"},{\"@type\":\"ListItem\",\"position\":2,\"name\":\"Chef(fe) de projets Supply Chain\"}]},{\"@type\":\"WebSite\",\"@id\":\"https:\/\/optimix-software.com\/fr\/#website\",\"url\":\"https:\/\/optimix-software.com\/fr\/\",\"name\":\"Optimix Solutions\",\"description\":\"Editeur de solutions de Pricing et Supply Chain\",\"publisher\":{\"@id\":\"https:\/\/optimix-software.com\/fr\/#organization\"},\"potentialAction\":[{\"@type\":\"SearchAction\",\"target\":{\"@type\":\"EntryPoint\",\"urlTemplate\":\"https:\/\/optimix-software.com\/fr\/?s={search_term_string}\"},\"query-input\":{\"@type\":\"PropertyValueSpecification\",\"valueRequired\":true,\"valueName\":\"search_term_string\"}}],\"inLanguage\":\"fr-FR\"},{\"@type\":\"Organization\",\"@id\":\"https:\/\/optimix-software.com\/fr\/#organization\",\"name\":\"Optimix Software\",\"url\":\"https:\/\/optimix-software.com\/fr\/\",\"logo\":{\"@type\":\"ImageObject\",\"inLanguage\":\"fr-FR\",\"@id\":\"https:\/\/optimix-software.com\/fr\/#\/schema\/logo\/image\/\",\"url\":\"https:\/\/optimix-software.com\/wp-content\/uploads\/logo-carre-optimix-RETAIL-PERFORMANCE-SOFTWARE.jpg\",\"contentUrl\":\"https:\/\/optimix-software.com\/wp-content\/uploads\/logo-carre-optimix-RETAIL-PERFORMANCE-SOFTWARE.jpg\",\"width\":2001,\"height\":2001,\"caption\":\"Optimix Software\"},\"image\":{\"@id\":\"https:\/\/optimix-software.com\/fr\/#\/schema\/logo\/image\/\"},\"sameAs\":[\"https:\/\/www.linkedin.com\/company\/optimix-ffr\/\"]}]}<\/script>\n<!-- \/ Yoast SEO Premium plugin. -->","yoast_head_json":{"title":"Chef de Projet - Optimix Solutions","description":"Rejoignez Optimix, \u00e9diteur de logiciels innovants en Pricing et Supply Chain. Postulez en candidature spontan\u00e9e et envoyez votre CV pour des opportunit\u00e9s passionnantes !","robots":{"index":"index","follow":"follow","max-snippet":"max-snippet:-1","max-image-preview":"max-image-preview:large","max-video-preview":"max-video-preview:-1"},"canonical":"https:\/\/optimix-software.com\/fr\/chef-projet-supply-chain\/","og_locale":"fr_FR","og_type":"article","og_title":"Chef(fe) de projets Supply Chain","og_description":"Rejoignez Optimix, \u00e9diteur de logiciels innovants en Pricing et Supply Chain. Postulez en candidature spontan\u00e9e et envoyez votre CV pour des opportunit\u00e9s passionnantes !","og_url":"https:\/\/optimix-software.com\/fr\/chef-projet-supply-chain\/","og_site_name":"Optimix Solutions","article_modified_time":"2026-01-28T15:50:00+00:00","og_image":[{"width":1600,"height":900,"url":"https:\/\/optimix-software.com\/wp-content\/uploads\/CP.png","type":"image\/png"}],"twitter_card":"summary_large_image","twitter_misc":{"Dur\u00e9e de lecture estim\u00e9e":"4 minutes"},"schema":{"@context":"https:\/\/schema.org","@graph":[{"@type":"WebPage","@id":"https:\/\/optimix-software.com\/fr\/chef-projet-supply-chain\/","url":"https:\/\/optimix-software.com\/fr\/chef-projet-supply-chain\/","name":"Chef de Projet - Optimix Solutions","isPartOf":{"@id":"https:\/\/optimix-software.com\/fr\/#website"},"primaryImageOfPage":{"@id":"https:\/\/optimix-software.com\/fr\/chef-projet-supply-chain\/#primaryimage"},"image":{"@id":"https:\/\/optimix-software.com\/fr\/chef-projet-supply-chain\/#primaryimage"},"thumbnailUrl":"https:\/\/optimix-software.com\/wp-content\/uploads\/role-de-lintelligence-artificielle-dans-la-prevision-des-ventes-precision-agilite-et-impact-business-optimix-solutions-1.webp","datePublished":"2026-01-27T15:54:10+00:00","dateModified":"2026-01-28T15:50:00+00:00","description":"Rejoignez Optimix, \u00e9diteur de logiciels innovants en Pricing et Supply Chain. Postulez en candidature spontan\u00e9e et envoyez votre CV pour des opportunit\u00e9s passionnantes !","breadcrumb":{"@id":"https:\/\/optimix-software.com\/fr\/chef-projet-supply-chain\/#breadcrumb"},"inLanguage":"fr-FR","potentialAction":[{"@type":"ReadAction","target":["https:\/\/optimix-software.com\/fr\/chef-projet-supply-chain\/"]}]},{"@type":"ImageObject","inLanguage":"fr-FR","@id":"https:\/\/optimix-software.com\/fr\/chef-projet-supply-chain\/#primaryimage","url":"https:\/\/optimix-software.com\/wp-content\/uploads\/role-de-lintelligence-artificielle-dans-la-prevision-des-ventes-precision-agilite-et-impact-business-optimix-solutions-1.webp","contentUrl":"https:\/\/optimix-software.com\/wp-content\/uploads\/role-de-lintelligence-artificielle-dans-la-prevision-des-ventes-precision-agilite-et-impact-business-optimix-solutions-1.webp"},{"@type":"BreadcrumbList","@id":"https:\/\/optimix-software.com\/fr\/chef-projet-supply-chain\/#breadcrumb","itemListElement":[{"@type":"ListItem","position":1,"name":"Accueil","item":"https:\/\/optimix-software.com\/fr\/"},{"@type":"ListItem","position":2,"name":"Chef(fe) de projets Supply Chain"}]},{"@type":"WebSite","@id":"https:\/\/optimix-software.com\/fr\/#website","url":"https:\/\/optimix-software.com\/fr\/","name":"Optimix Solutions","description":"Editeur de solutions de Pricing et Supply Chain","publisher":{"@id":"https:\/\/optimix-software.com\/fr\/#organization"},"potentialAction":[{"@type":"SearchAction","target":{"@type":"EntryPoint","urlTemplate":"https:\/\/optimix-software.com\/fr\/?s={search_term_string}"},"query-input":{"@type":"PropertyValueSpecification","valueRequired":true,"valueName":"search_term_string"}}],"inLanguage":"fr-FR"},{"@type":"Organization","@id":"https:\/\/optimix-software.com\/fr\/#organization","name":"Optimix Software","url":"https:\/\/optimix-software.com\/fr\/","logo":{"@type":"ImageObject","inLanguage":"fr-FR","@id":"https:\/\/optimix-software.com\/fr\/#\/schema\/logo\/image\/","url":"https:\/\/optimix-software.com\/wp-content\/uploads\/logo-carre-optimix-RETAIL-PERFORMANCE-SOFTWARE.jpg","contentUrl":"https:\/\/optimix-software.com\/wp-content\/uploads\/logo-carre-optimix-RETAIL-PERFORMANCE-SOFTWARE.jpg","width":2001,"height":2001,"caption":"Optimix Software"},"image":{"@id":"https:\/\/optimix-software.com\/fr\/#\/schema\/logo\/image\/"},"sameAs":["https:\/\/www.linkedin.com\/company\/optimix-ffr\/"]}]}},"_links":{"self":[{"href":"https:\/\/optimix-software.com\/fr\/wp-json\/wp\/v2\/pages\/67503","targetHints":{"allow":["GET"]}}],"collection":[{"href":"https:\/\/optimix-software.com\/fr\/wp-json\/wp\/v2\/pages"}],"about":[{"href":"https:\/\/optimix-software.com\/fr\/wp-json\/wp\/v2\/types\/page"}],"author":[{"embeddable":true,"href":"https:\/\/optimix-software.com\/fr\/wp-json\/wp\/v2\/users\/16"}],"replies":[{"embeddable":true,"href":"https:\/\/optimix-software.com\/fr\/wp-json\/wp\/v2\/comments?post=67503"}],"version-history":[{"count":0,"href":"https:\/\/optimix-software.com\/fr\/wp-json\/wp\/v2\/pages\/67503\/revisions"}],"wp:attachment":[{"href":"https:\/\/optimix-software.com\/fr\/wp-json\/wp\/v2\/media?parent=67503"}],"curies":[{"name":"wp","href":"https:\/\/api.w.org\/{rel}","templated":true}]}}